{"id":8100,"date":"2024-09-18T09:35:38","date_gmt":"2024-09-18T07:35:38","guid":{"rendered":"https:\/\/www.panelesach.com\/compliance\/"},"modified":"2024-12-05T11:44:13","modified_gmt":"2024-12-05T10:44:13","slug":"compliance","status":"publish","type":"page","link":"https:\/\/www.panelesach.com\/pt-pt\/compliance\/","title":{"rendered":"Compliance"},"content":{"rendered":"\t\t<div data-elementor-type=\"wp-page\" data-elementor-id=\"8100\" class=\"elementor elementor-8100 elementor-127\" data-elementor-post-type=\"page\">\n\t\t\t\t<div class=\"elementor-element elementor-element-c9d5876 e-flex e-con-boxed e-con e-parent\" data-id=\"c9d5876\" data-element_type=\"container\" data-e-type=\"container\">\n\t\t\t\t\t<div class=\"e-con-inner\">\n\t\t\t\t<div class=\"elementor-element elementor-element-38eb7ef elementor-widget elementor-widget-heading\" data-id=\"38eb7ef\" data-element_type=\"widget\" data-e-type=\"widget\" data-widget_type=\"heading.default\">\n\t\t\t\t<div class=\"elementor-widget-container\">\n\t\t\t\t\t<h1 class=\"elementor-heading-title elementor-size-default\">COMPLIANCE - Programa de Conformidade<\/h1>\t\t\t\t<\/div>\n\t\t\t\t<\/div>\n\t\t\t\t\t<\/div>\n\t\t\t\t<\/div>\n\t\t<div class=\"elementor-element elementor-element-164cf42 e-flex e-con-boxed e-con e-parent\" data-id=\"164cf42\" data-element_type=\"container\" data-e-type=\"container\">\n\t\t\t\t\t<div class=\"e-con-inner\">\n\t\t<div class=\"elementor-element elementor-element-fa4737c e-con-full e-flex e-con e-child\" data-id=\"fa4737c\" data-element_type=\"container\" data-e-type=\"container\" data-settings=\"{&quot;background_background&quot;:&quot;classic&quot;}\">\n\t\t\t\t<div class=\"elementor-element elementor-element-ec1f8ef elementor-widget elementor-widget-image\" data-id=\"ec1f8ef\" data-element_type=\"widget\" data-e-type=\"widget\" data-widget_type=\"image.default\">\n\t\t\t\t<div class=\"elementor-widget-container\">\n\t\t\t\t\t\t\t\t\t\t\t\t\t\t\t<img fetchpriority=\"high\" decoding=\"async\" width=\"284\" height=\"283\" src=\"https:\/\/www.panelesach.com\/wp-content\/uploads\/2024\/09\/compliance.png\" class=\"attachment-large size-large wp-image-5300\" alt=\"\" srcset=\"https:\/\/www.panelesach.com\/wp-content\/uploads\/2024\/09\/compliance.png 284w, https:\/\/www.panelesach.com\/wp-content\/uploads\/2024\/09\/compliance-150x150.png 150w\" sizes=\"(max-width: 284px) 100vw, 284px\" \/>\t\t\t\t\t\t\t\t\t\t\t\t\t\t\t<\/div>\n\t\t\t\t<\/div>\n\t\t\t\t<div class=\"elementor-element elementor-element-92402fd elementor-widget elementor-widget-text-editor\" data-id=\"92402fd\" data-element_type=\"widget\" data-e-type=\"widget\" data-widget_type=\"text-editor.default\">\n\t\t\t\t<div class=\"elementor-widget-container\">\n\t\t\t\t\t\t\t\t\t<p>O mundo em que vivemos est\u00e1 a sofrer profundas altera\u00e7\u00f5es: estamos a evoluir para economias mais ecol\u00f3gicas, a aspirar a uma maior localiza\u00e7\u00e3o e a avan\u00e7ar para o \u201ctotalmente digital\u201d.<\/p>\n<p>Estes desafios, que exigem adapta\u00e7\u00f5es, podem representar riscos para as empresas.<\/p>\n<p>Deseja rever essas informa\u00e7\u00f5es com mais detalhes?<\/p>\n\t\t\t\t\t\t\t\t<\/div>\n\t\t\t\t<\/div>\n\t\t\t\t<div class=\"elementor-element elementor-element-80912d0 elementor-align-center elementor-widget elementor-widget-button\" data-id=\"80912d0\" data-element_type=\"widget\" data-e-type=\"widget\" data-widget_type=\"button.default\">\n\t\t\t\t<div class=\"elementor-widget-container\">\n\t\t\t\t\t\t\t\t\t<div class=\"elementor-button-wrapper\">\n\t\t\t\t\t<a class=\"elementor-button elementor-button-link elementor-size-sm\" href=\"https:\/\/www.panelesach.com\/wp-content\/uploads\/2024\/10\/resumen_nota_comply_21_v2_0.pdf\" target=\"_blank\">\n\t\t\t\t\t\t<span class=\"elementor-button-content-wrapper\">\n\t\t\t\t\t\t<span class=\"elementor-button-icon\">\n\t\t\t\t<svg xmlns=\"http:\/\/www.w3.org\/2000\/svg\" width=\"30\" height=\"30\" viewBox=\"0 0 30 30\" fill=\"none\"><path d=\"M26.3281 12.2773H24.5156C23.768 12.2773 23.1562 12.8891 23.1562 13.6367V19.9805C23.1562 20.2297 22.9523 20.4336 22.7031 20.4336H7.29688C7.04766 20.4336 6.84375 20.2297 6.84375 19.9805V13.6367C6.84375 12.8891 6.23204 12.2773 5.48438 12.2773H3.67188C2.92421 12.2773 2.3125 12.8891 2.3125 13.6367V23.6055C2.3125 24.3531 2.92421 24.9648 3.67188 24.9648H26.3281C27.0758 24.9648 27.6875 24.3531 27.6875 23.6055V13.6367C27.6875 12.8891 27.0758 12.2773 26.3281 12.2773Z\" fill=\"white\"><\/path><path d=\"M14.6199 18.4126C14.7814 18.6867 15.2196 18.6884 15.3811 18.4126L19.4593 12.0689C19.656 11.7806 19.4276 11.3606 19.0786 11.3711L17.2661 11.3711V4.57422C17.2661 4.325 17.0622 4.12109 16.813 4.12109H13.188C12.9388 4.12109 12.7349 4.325 12.7349 4.57422V11.3711H10.9224C10.5748 11.3604 10.3437 11.7808 10.5418 12.0689L14.6199 18.4126Z\" fill=\"white\"><\/path><\/svg>\t\t\t<\/span>\n\t\t\t\t\t\t\t\t\t<span class=\"elementor-button-text\">Baixar o documento em PDF <\/span>\n\t\t\t\t\t<\/span>\n\t\t\t\t\t<\/a>\n\t\t\t\t<\/div>\n\t\t\t\t\t\t\t\t<\/div>\n\t\t\t\t<\/div>\n\t\t\t\t<\/div>\n\t\t<div class=\"elementor-element elementor-element-9d189e2 e-con-full e-flex e-con e-child\" data-id=\"9d189e2\" data-element_type=\"container\" data-e-type=\"container\" data-settings=\"{&quot;background_background&quot;:&quot;classic&quot;}\">\n\t\t\t\t<div class=\"elementor-element elementor-element-1a87fdc elementor-widget elementor-widget-image\" data-id=\"1a87fdc\" data-element_type=\"widget\" data-e-type=\"widget\" data-widget_type=\"image.default\">\n\t\t\t\t<div class=\"elementor-widget-container\">\n\t\t\t\t\t\t\t\t\t\t\t\t\t\t\t<img decoding=\"async\" width=\"218\" height=\"218\" src=\"https:\/\/www.panelesach.com\/wp-content\/uploads\/2024\/09\/compliance-principios.png\" class=\"attachment-large size-large wp-image-5294\" alt=\"\" srcset=\"https:\/\/www.panelesach.com\/wp-content\/uploads\/2024\/09\/compliance-principios.png 218w, https:\/\/www.panelesach.com\/wp-content\/uploads\/2024\/09\/compliance-principios-150x150.png 150w\" sizes=\"(max-width: 218px) 100vw, 218px\" \/>\t\t\t\t\t\t\t\t\t\t\t\t\t\t\t<\/div>\n\t\t\t\t<\/div>\n\t\t<div class=\"elementor-element elementor-element-9d2dcf7 e-con-full e-flex e-con e-child\" data-id=\"9d2dcf7\" data-element_type=\"container\" data-e-type=\"container\">\n\t\t\t\t<div class=\"elementor-element elementor-element-1176e72 elementor-widget elementor-widget-text-editor\" data-id=\"1176e72\" data-element_type=\"widget\" data-e-type=\"widget\" data-widget_type=\"text-editor.default\">\n\t\t\t\t<div class=\"elementor-widget-container\">\n\t\t\t\t\t\t\t\t\t<p>Os <strong>Princ\u00edpios de Conduta e de Conduta Empresarial <\/strong>cont\u00eam os valores fundamentais do Grupo:<\/p>\n<p><strong>Conduta:<\/strong> empenhamento profissional, respeito pelos outros, integridade, lealdade e solidariedade.<\/p>\n<p><strong>A\u00e7\u00e3o:<\/strong> respeito pela lei, respeito pelo ambiente, sa\u00fade, seguran\u00e7a e direitos dos trabalhadores.<\/p>\n\t\t\t\t\t\t\t\t<\/div>\n\t\t\t\t<\/div>\n\t\t\t\t<div class=\"elementor-element elementor-element-3103de7 elementor-align-left elementor-widget elementor-widget-button\" data-id=\"3103de7\" data-element_type=\"widget\" data-e-type=\"widget\" data-widget_type=\"button.default\">\n\t\t\t\t<div class=\"elementor-widget-container\">\n\t\t\t\t\t\t\t\t\t<div class=\"elementor-button-wrapper\">\n\t\t\t\t\t<a class=\"elementor-button elementor-button-link elementor-size-sm\" href=\"#elementor-action%3Aaction%3Dpopup%3Aopen%26settings%3DeyJpZCI6ODEwNiwidG9nZ2xlIjpmYWxzZX0%3D\">\n\t\t\t\t\t\t<span class=\"elementor-button-content-wrapper\">\n\t\t\t\t\t\t\t\t\t<span class=\"elementor-button-text\">Saber mais<\/span>\n\t\t\t\t\t<\/span>\n\t\t\t\t\t<\/a>\n\t\t\t\t<\/div>\n\t\t\t\t\t\t\t\t<\/div>\n\t\t\t\t<\/div>\n\t\t\t\t<\/div>\n\t\t\t\t<\/div>\n\t\t<div class=\"elementor-element elementor-element-5a76ec3 e-con-full e-flex e-con e-child\" data-id=\"5a76ec3\" data-element_type=\"container\" data-e-type=\"container\" data-settings=\"{&quot;background_background&quot;:&quot;classic&quot;}\">\n\t\t\t\t<div class=\"elementor-element elementor-element-ae876e6 elementor-widget elementor-widget-image\" data-id=\"ae876e6\" data-element_type=\"widget\" data-e-type=\"widget\" data-widget_type=\"image.default\">\n\t\t\t\t<div class=\"elementor-widget-container\">\n\t\t\t\t\t\t\t\t\t\t\t\t\t\t\t<img decoding=\"async\" width=\"218\" height=\"219\" src=\"https:\/\/www.panelesach.com\/wp-content\/uploads\/2024\/09\/compliance-anticorrupcion.png\" class=\"attachment-large size-large wp-image-5303\" alt=\"\" srcset=\"https:\/\/www.panelesach.com\/wp-content\/uploads\/2024\/09\/compliance-anticorrupcion.png 218w, https:\/\/www.panelesach.com\/wp-content\/uploads\/2024\/09\/compliance-anticorrupcion-150x150.png 150w\" sizes=\"(max-width: 218px) 100vw, 218px\" \/>\t\t\t\t\t\t\t\t\t\t\t\t\t\t\t<\/div>\n\t\t\t\t<\/div>\n\t\t<div class=\"elementor-element elementor-element-5316414 e-con-full e-flex e-con e-child\" data-id=\"5316414\" data-element_type=\"container\" data-e-type=\"container\">\n\t\t\t\t<div class=\"elementor-element elementor-element-a80bb0a elementor-widget elementor-widget-text-editor\" data-id=\"a80bb0a\" data-element_type=\"widget\" data-e-type=\"widget\" data-widget_type=\"text-editor.default\">\n\t\t\t\t<div class=\"elementor-widget-container\">\n\t\t\t\t\t\t\t\t\t<p>A <strong>Saint-Gobain<\/strong> tamb\u00e9m declarou o seu compromisso de lutar contra a corrup\u00e7\u00e3o e de respeitar a lei.<\/p>\n<p>Na <strong>luta contra a corrup\u00e7\u00e3o<\/strong>, foram identificados 10 dom\u00ednios de risco principais, como se segue:<\/p>\n\t\t\t\t\t\t\t\t<\/div>\n\t\t\t\t<\/div>\n\t\t\t\t<div class=\"elementor-element elementor-element-dec1324 elementor-align-left elementor-widget elementor-widget-button\" data-id=\"dec1324\" data-element_type=\"widget\" data-e-type=\"widget\" data-widget_type=\"button.default\">\n\t\t\t\t<div class=\"elementor-widget-container\">\n\t\t\t\t\t\t\t\t\t<div class=\"elementor-button-wrapper\">\n\t\t\t\t\t<a class=\"elementor-button elementor-button-link elementor-size-sm\" href=\"#elementor-action%3Aaction%3Dpopup%3Aopen%26settings%3DeyJpZCI6ODEwMiwidG9nZ2xlIjpmYWxzZX0%3D\">\n\t\t\t\t\t\t<span class=\"elementor-button-content-wrapper\">\n\t\t\t\t\t\t\t\t\t<span class=\"elementor-button-text\">Saber mais<\/span>\n\t\t\t\t\t<\/span>\n\t\t\t\t\t<\/a>\n\t\t\t\t<\/div>\n\t\t\t\t\t\t\t\t<\/div>\n\t\t\t\t<\/div>\n\t\t\t\t<\/div>\n\t\t\t\t<\/div>\n\t\t<div class=\"elementor-element elementor-element-af8937d e-con-full e-flex e-con e-child\" data-id=\"af8937d\" data-element_type=\"container\" data-e-type=\"container\" data-settings=\"{&quot;background_background&quot;:&quot;classic&quot;}\">\n\t\t\t\t<div class=\"elementor-element elementor-element-eb4dfbf elementor-widget elementor-widget-image\" data-id=\"eb4dfbf\" data-element_type=\"widget\" data-e-type=\"widget\" data-widget_type=\"image.default\">\n\t\t\t\t<div class=\"elementor-widget-container\">\n\t\t\t\t\t\t\t\t\t\t\t\t\t\t\t<img loading=\"lazy\" decoding=\"async\" width=\"218\" height=\"218\" src=\"https:\/\/www.panelesach.com\/wp-content\/uploads\/2024\/09\/compliance-competencia.png\" class=\"attachment-large size-large wp-image-5306\" alt=\"\" srcset=\"https:\/\/www.panelesach.com\/wp-content\/uploads\/2024\/09\/compliance-competencia.png 218w, https:\/\/www.panelesach.com\/wp-content\/uploads\/2024\/09\/compliance-competencia-150x150.png 150w\" sizes=\"(max-width: 218px) 100vw, 218px\" \/>\t\t\t\t\t\t\t\t\t\t\t\t\t\t\t<\/div>\n\t\t\t\t<\/div>\n\t\t<div class=\"elementor-element elementor-element-ad706dd e-con-full e-flex e-con e-child\" data-id=\"ad706dd\" data-element_type=\"container\" data-e-type=\"container\">\n\t\t\t\t<div class=\"elementor-element elementor-element-e7616f4 elementor-widget elementor-widget-text-editor\" data-id=\"e7616f4\" data-element_type=\"widget\" data-e-type=\"widget\" data-widget_type=\"text-editor.default\">\n\t\t\t\t<div class=\"elementor-widget-container\">\n\t\t\t\t\t\t\t\t\t<p><strong>Saint-Gobain<\/strong> tiene la obligaci\u00f3n de cumplir con la ley (Principio de Legalidad) es este sentido, <strong>el respecto a las normas del Derecho de Competencia es una cuesti\u00f3n esencial<\/strong>. El derecho de la competencia garantiza un terreno de juego equitativo al prohibir las conductas que puedan perjudicar la competencia leal. Existen tres grandes conductas anticompetitivas que est\u00e1n prohibidas en Saint-Gobain:  <\/p>\n\t\t\t\t\t\t\t\t<\/div>\n\t\t\t\t<\/div>\n\t\t\t\t<div class=\"elementor-element elementor-element-3edb6ac elementor-icon-list--layout-traditional elementor-list-item-link-full_width elementor-widget elementor-widget-icon-list\" data-id=\"3edb6ac\" data-element_type=\"widget\" data-e-type=\"widget\" data-widget_type=\"icon-list.default\">\n\t\t\t\t<div class=\"elementor-widget-container\">\n\t\t\t\t\t\t\t<ul class=\"elementor-icon-list-items\">\n\t\t\t\t\t\t\t<li class=\"elementor-icon-list-item\">\n\t\t\t\t\t\t\t\t\t\t<span class=\"elementor-icon-list-text\">1) Acordos anticoncorrenciais<\/span>\n\t\t\t\t\t\t\t\t\t<\/li>\n\t\t\t\t\t\t\t\t<li class=\"elementor-icon-list-item\">\n\t\t\t\t\t\t\t\t\t\t<span class=\"elementor-icon-list-text\">2) Abuso de posi\u00e7\u00e3o dominante.<\/span>\n\t\t\t\t\t\t\t\t\t<\/li>\n\t\t\t\t\t\t\t\t<li class=\"elementor-icon-list-item\">\n\t\t\t\t\t\t\t\t\t\t<span class=\"elementor-icon-list-text\">3) Fus\u00f5nes anticoncorrenciais.<\/span>\n\t\t\t\t\t\t\t\t\t<\/li>\n\t\t\t\t\t\t<\/ul>\n\t\t\t\t\t\t<\/div>\n\t\t\t\t<\/div>\n\t\t\t\t<\/div>\n\t\t\t\t<\/div>\n\t\t<div class=\"elementor-element elementor-element-ee84bd8 e-con-full e-flex e-con e-child\" data-id=\"ee84bd8\" data-element_type=\"container\" data-e-type=\"container\" data-settings=\"{&quot;background_background&quot;:&quot;classic&quot;}\">\n\t\t\t\t<div class=\"elementor-element elementor-element-216c6ef elementor-widget elementor-widget-text-editor\" data-id=\"216c6ef\" data-element_type=\"widget\" data-e-type=\"widget\" data-widget_type=\"text-editor.default\">\n\t\t\t\t<div class=\"elementor-widget-container\">\n\t\t\t\t\t\t\t\t\t<p>Por outro lado, \u00e9 de salientar que o <strong>Grupo Saint-Gobain<\/strong> desenvolve a sua atividade a n\u00edvel mundial. No entanto, a sua holding est\u00e1 localizada na UE e a sua equipa de gest\u00e3o \u00e9 maioritariamente composta por cidad\u00e3os da UE, o que resulta numa elevada exposi\u00e7\u00e3o de todas as suas actividades \u00e0s san\u00e7\u00f5es econ\u00f3micas da UE. Por conseguinte, todos os empregados do Grupo Saint-Gobain devem cumprir as leis e regulamentos de san\u00e7\u00f5es da UE. O Grupo Saint-Gobain formalizou uma <strong>Pol\u00edtica de Embargos e San\u00e7\u00f5es Econ\u00f3micas<\/strong>, que visa prevenir o risco de transac\u00e7\u00f5es comerciais conclu\u00eddas com pa\u00edses embargados e\/ou com pessoas\/empresas sujeitas a san\u00e7\u00f5es.   <\/p>\n\t\t\t\t\t\t\t\t<\/div>\n\t\t\t\t<\/div>\n\t\t\t\t<\/div>\n\t\t<div class=\"elementor-element elementor-element-f70e4be e-con-full e-flex e-con e-child\" data-id=\"f70e4be\" data-element_type=\"container\" data-e-type=\"container\" data-settings=\"{&quot;background_background&quot;:&quot;classic&quot;}\">\n\t\t<div class=\"elementor-element elementor-element-fb851b0 e-con-full e-flex e-con e-child\" data-id=\"fb851b0\" data-element_type=\"container\" data-e-type=\"container\">\n\t\t\t\t<div class=\"elementor-element elementor-element-53966b4 elementor-widget elementor-widget-heading\" data-id=\"53966b4\" data-element_type=\"widget\" data-e-type=\"widget\" data-widget_type=\"heading.default\">\n\t\t\t\t<div class=\"elementor-widget-container\">\n\t\t\t\t\t<h2 class=\"elementor-heading-title elementor-size-default\">Alertas professionais<\/h2>\t\t\t\t<\/div>\n\t\t\t\t<\/div>\n\t\t\t\t<div class=\"elementor-element elementor-element-be3d559 elementor-widget elementor-widget-text-editor\" data-id=\"be3d559\" data-element_type=\"widget\" data-e-type=\"widget\" data-widget_type=\"text-editor.default\">\n\t\t\t\t<div class=\"elementor-widget-container\">\n\t\t\t\t\t\t\t\t\t<p>Por \u00faltimo, o Grupo criou uma plataforma de den\u00fancia interna e externa (<strong>alertas profissionais<\/strong>) dispon\u00edvel no seguinte endere\u00e7o: <a href=\"https:\/\/www.bkms-system.com\/bkwebanon\/report\/clientInfo?cin=CwmSdg&amp;c=-1&amp;language=fre\" target=\"_blank\" rel=\"noopener\">https:\/\/www.bkms-system.com\/bkwebanon\/report\/clientInfo?cin=CwmSdg&amp;c=-1&amp;language=por<\/a> o atrav\u00e9s de um c\u00f3digo QR.<\/p>\n<p>A plataforma est\u00e1 dispon\u00edvel em v\u00e1rias l\u00ednguas e \u00e9 utilizada para comunicar queixas (an\u00f3nimas ou n\u00e3o) sobre viola\u00e7\u00f5es dos Princ\u00edpios e das nossas Pol\u00edticas, procedimentos ou da lei.<\/p>\n\t\t\t\t\t\t\t\t<\/div>\n\t\t\t\t<\/div>\n\t\t\t\t<\/div>\n\t\t\t\t<div class=\"elementor-element elementor-element-8d90a4e elementor-widget elementor-widget-image\" data-id=\"8d90a4e\" data-element_type=\"widget\" data-e-type=\"widget\" data-widget_type=\"image.default\">\n\t\t\t\t<div class=\"elementor-widget-container\">\n\t\t\t\t\t\t\t\t\t\t\t\t\t\t\t<img loading=\"lazy\" decoding=\"async\" width=\"218\" height=\"219\" src=\"https:\/\/www.panelesach.com\/wp-content\/uploads\/2024\/09\/compliance-qr.png\" class=\"attachment-large size-large wp-image-5297\" alt=\"\" srcset=\"https:\/\/www.panelesach.com\/wp-content\/uploads\/2024\/09\/compliance-qr.png 218w, https:\/\/www.panelesach.com\/wp-content\/uploads\/2024\/09\/compliance-qr-150x150.png 150w\" sizes=\"(max-width: 218px) 100vw, 218px\" \/>\t\t\t\t\t\t\t\t\t\t\t\t\t\t\t<\/div>\n\t\t\t\t<\/div>\n\t\t\t\t<\/div>\n\t\t\t\t\t<\/div>\n\t\t\t\t<\/div>\n\t\t\t\t<\/div>\n\t\t","protected":false},"excerpt":{"rendered":"<p>COMPLIANCE &#8211; Programa de Conformidade O mundo em que vivemos est\u00e1 a sofrer profundas altera\u00e7\u00f5es: estamos a evoluir para economias mais ecol\u00f3gicas, a aspirar a uma maior localiza\u00e7\u00e3o e a avan\u00e7ar para o \u201ctotalmente digital\u201d. Estes desafios, que exigem adapta\u00e7\u00f5es, podem representar riscos para as empresas. Deseja rever essas informa\u00e7\u00f5es com mais detalhes? Baixar o [&hellip;]<\/p>\n","protected":false},"author":1,"featured_media":0,"parent":0,"menu_order":0,"comment_status":"closed","ping_status":"closed","template":"","meta":{"_acf_changed":false,"footnotes":""},"class_list":["post-8100","page","type-page","status-publish","hentry"],"acf":[],"_links":{"self":[{"href":"https:\/\/www.panelesach.com\/pt-pt\/wp-json\/wp\/v2\/pages\/8100","targetHints":{"allow":["GET"]}}],"collection":[{"href":"https:\/\/www.panelesach.com\/pt-pt\/wp-json\/wp\/v2\/pages"}],"about":[{"href":"https:\/\/www.panelesach.com\/pt-pt\/wp-json\/wp\/v2\/types\/page"}],"author":[{"embeddable":true,"href":"https:\/\/www.panelesach.com\/pt-pt\/wp-json\/wp\/v2\/users\/1"}],"replies":[{"embeddable":true,"href":"https:\/\/www.panelesach.com\/pt-pt\/wp-json\/wp\/v2\/comments?post=8100"}],"version-history":[{"count":0,"href":"https:\/\/www.panelesach.com\/pt-pt\/wp-json\/wp\/v2\/pages\/8100\/revisions"}],"wp:attachment":[{"href":"https:\/\/www.panelesach.com\/pt-pt\/wp-json\/wp\/v2\/media?parent=8100"}],"curies":[{"name":"wp","href":"https:\/\/api.w.org\/{rel}","templated":true}]}}