{"id":8068,"date":"2024-10-03T16:44:35","date_gmt":"2024-10-03T14:44:35","guid":{"rendered":"https:\/\/www.panelesach.com\/declaracoes-ambientais-de-productos\/"},"modified":"2025-10-29T19:42:31","modified_gmt":"2025-10-29T18:42:31","slug":"declaracoes-ambientais-de-productos","status":"publish","type":"page","link":"https:\/\/www.panelesach.com\/pt-pt\/documentacao\/declaracoes-ambientais-de-productos\/","title":{"rendered":"Declara\u00e7\u00f5es ambientais de productos"},"content":{"rendered":"\t\t<div data-elementor-type=\"wp-page\" data-elementor-id=\"8068\" class=\"elementor elementor-8068 elementor-3681\" data-elementor-post-type=\"page\">\n\t\t\t\t<div class=\"elementor-element elementor-element-5875a50 e-flex e-con-boxed e-con e-parent\" data-id=\"5875a50\" data-element_type=\"container\" data-e-type=\"container\" data-settings=\"{&quot;background_background&quot;:&quot;classic&quot;}\">\n\t\t\t\t\t<div class=\"e-con-inner\">\n\t\t\t\t<div class=\"elementor-element elementor-element-44a52d4 elementor-widget elementor-widget-heading\" data-id=\"44a52d4\" data-element_type=\"widget\" data-e-type=\"widget\" data-widget_type=\"heading.default\">\n\t\t\t\t<div class=\"elementor-widget-container\">\n\t\t\t\t\t<h1 class=\"elementor-heading-title elementor-size-default\">Declara\u00e7\u00f5es ambientais de productos e\n<span style=\"color: var( --e-global-color-fcd2d14 );font-family: var( --e-global-typography-090edfe-font-family ), Sans-serif;font-size: var( --e-global-typography-090edfe-font-size );font-weight: var( --e-global-typography-090edfe-font-weight );text-align: var(--text-align)\">and<\/span><span style=\"color: var( --e-global-color-fcd2d14 );font-family: var( --e-global-typography-090edfe-font-family ), Sans-serif;font-size: var( --e-global-typography-090edfe-font-size );font-weight: var( --e-global-typography-090edfe-font-weight );text-align: var(--text-align)\">&nbsp;<\/span><span style=\"color: var( --e-global-color-fcd2d14 );font-family: var( --e-global-typography-090edfe-font-family ), Sans-serif;font-size: var( --e-global-typography-090edfe-font-size );font-weight: var( --e-global-typography-090edfe-font-weight );text-align: var(--text-align)\">Green building council Spain<\/span><\/h1>\t\t\t\t<\/div>\n\t\t\t\t<\/div>\n\t\t\t\t\t<\/div>\n\t\t\t\t<\/div>\n\t\t<div class=\"elementor-element elementor-element-d514133 e-flex e-con-boxed e-con e-parent\" data-id=\"d514133\" data-element_type=\"container\" data-e-type=\"container\">\n\t\t\t\t\t<div class=\"e-con-inner\">\n\t\t<div class=\"elementor-element elementor-element-245dc5a e-con-full e-flex e-con e-child\" data-id=\"245dc5a\" data-element_type=\"container\" data-e-type=\"container\">\n\t\t\t\t<div class=\"elementor-element elementor-element-238a55f elementor-widget elementor-widget-text-editor\" data-id=\"238a55f\" data-element_type=\"widget\" data-e-type=\"widget\" data-widget_type=\"text-editor.default\">\n\t\t\t\t<div class=\"elementor-widget-container\">\n\t\t\t\t\t\t\t\t\t<p>Nesta sec\u00e7\u00e3o, as Declara\u00e7\u00f5es Ambientais de Produto (EPD) dos pain\u00e9is sandu\u00edche com n\u00facleo de l\u00e3 de rocha est\u00e3o dispon\u00edveis para consulta e descarregamento.<\/p>\n\t\t\t\t\t\t\t\t<\/div>\n\t\t\t\t<\/div>\n\t\t<div class=\"elementor-element elementor-element-1a2c160 e-con-full e-flex e-con e-child\" data-id=\"1a2c160\" data-element_type=\"container\" data-e-type=\"container\">\n\t\t<div class=\"elementor-element elementor-element-a3547e1 e-con-full e-flex e-con e-child\" data-id=\"a3547e1\" data-element_type=\"container\" data-e-type=\"container\" data-settings=\"{&quot;background_background&quot;:&quot;classic&quot;}\">\n\t\t<div class=\"elementor-element elementor-element-6521e84 e-con-full e-flex e-con e-child\" data-id=\"6521e84\" data-element_type=\"container\" data-e-type=\"container\">\n\t\t\t\t<div class=\"elementor-element elementor-element-b5fb091 elementor-align-left elementor-widget elementor-widget-button\" data-id=\"b5fb091\" data-element_type=\"widget\" data-e-type=\"widget\" data-widget_type=\"button.default\">\n\t\t\t\t<div class=\"elementor-widget-container\">\n\t\t\t\t\t\t\t\t\t<div class=\"elementor-button-wrapper\">\n\t\t\t\t\t<a class=\"elementor-button elementor-button-link elementor-size-sm\" href=\"https:\/\/www.environdec.com\/library\/epd26322\" target=\"_blank\" rel=\"noopener\">\n\t\t\t\t\t\t<span class=\"elementor-button-content-wrapper\">\n\t\t\t\t\t\t<span class=\"elementor-button-icon\">\n\t\t\t\t<svg xmlns=\"http:\/\/www.w3.org\/2000\/svg\" width=\"30\" height=\"30\" viewBox=\"0 0 30 30\" fill=\"none\"><path d=\"M26.3281 12.2773H24.5156C23.768 12.2773 23.1562 12.8891 23.1562 13.6367V19.9805C23.1562 20.2297 22.9523 20.4336 22.7031 20.4336H7.29688C7.04766 20.4336 6.84375 20.2297 6.84375 19.9805V13.6367C6.84375 12.8891 6.23204 12.2773 5.48438 12.2773H3.67188C2.92421 12.2773 2.3125 12.8891 2.3125 13.6367V23.6055C2.3125 24.3531 2.92421 24.9648 3.67188 24.9648H26.3281C27.0758 24.9648 27.6875 24.3531 27.6875 23.6055V13.6367C27.6875 12.8891 27.0758 12.2773 26.3281 12.2773Z\" fill=\"white\"><\/path><path d=\"M14.6199 18.4126C14.7814 18.6867 15.2196 18.6884 15.3811 18.4126L19.4593 12.0689C19.656 11.7806 19.4276 11.3606 19.0786 11.3711L17.2661 11.3711V4.57422C17.2661 4.325 17.0622 4.12109 16.813 4.12109H13.188C12.9388 4.12109 12.7349 4.325 12.7349 4.57422V11.3711H10.9224C10.5748 11.3604 10.3437 11.7808 10.5418 12.0689L14.6199 18.4126Z\" fill=\"white\"><\/path><\/svg>\t\t\t<\/span>\n\t\t\t\t\t\t\t\t\t<span class=\"elementor-button-text\"> N\u00facleo de l\u00e3 de rocha<\/span>\n\t\t\t\t\t<\/span>\n\t\t\t\t\t<\/a>\n\t\t\t\t<\/div>\n\t\t\t\t\t\t\t\t<\/div>\n\t\t\t\t<\/div>\n\t\t\t\t<\/div>\n\t\t\t\t<\/div>\n\t\t\t\t<\/div>\n\t\t\t\t<\/div>\n\t\t<div class=\"elementor-element elementor-element-a282281 e-con-full e-flex e-con e-child\" data-id=\"a282281\" data-element_type=\"container\" data-e-type=\"container\" data-settings=\"{&quot;background_background&quot;:&quot;classic&quot;}\">\n\t\t<div class=\"elementor-element elementor-element-11d26f8 e-con-full e-flex e-con e-child\" data-id=\"11d26f8\" data-element_type=\"container\" data-e-type=\"container\" data-settings=\"{&quot;background_background&quot;:&quot;classic&quot;}\">\n\t\t\t\t<div class=\"elementor-element elementor-element-3111955 elementor-widget__width-initial elementor-widget elementor-widget-image\" data-id=\"3111955\" data-element_type=\"widget\" data-e-type=\"widget\" data-widget_type=\"image.default\">\n\t\t\t\t<div class=\"elementor-widget-container\">\n\t\t\t\t\t\t\t\t\t\t\t\t\t\t\t<img fetchpriority=\"high\" decoding=\"async\" width=\"800\" height=\"800\" src=\"https:\/\/www.panelesach.com\/wp-content\/uploads\/2024\/11\/QR.png\" class=\"attachment-large size-large wp-image-6353\" alt=\"\" srcset=\"https:\/\/www.panelesach.com\/wp-content\/uploads\/2024\/11\/QR.png 820w, https:\/\/www.panelesach.com\/wp-content\/uploads\/2024\/11\/QR-300x300.png 300w, https:\/\/www.panelesach.com\/wp-content\/uploads\/2024\/11\/QR-150x150.png 150w, https:\/\/www.panelesach.com\/wp-content\/uploads\/2024\/11\/QR-768x768.png 768w\" sizes=\"(max-width: 800px) 100vw, 800px\" \/>\t\t\t\t\t\t\t\t\t\t\t\t\t\t\t<\/div>\n\t\t\t\t<\/div>\n\t\t\t\t<\/div>\n\t\t\t\t<\/div>\n\t\t\t\t\t<\/div>\n\t\t\t\t<\/div>\n\t\t<div class=\"elementor-element elementor-element-fdcad40 e-flex e-con-boxed e-con e-parent\" data-id=\"fdcad40\" data-element_type=\"container\" data-e-type=\"container\">\n\t\t\t\t\t<div class=\"e-con-inner\">\n\t\t<div class=\"elementor-element elementor-element-b59aa02 e-con-full e-flex e-con e-child\" data-id=\"b59aa02\" data-element_type=\"container\" data-e-type=\"container\">\n\t\t<div class=\"elementor-element elementor-element-ba9011e e-con-full e-flex e-con e-child\" data-id=\"ba9011e\" data-element_type=\"container\" data-e-type=\"container\">\n\t\t\t\t<div class=\"elementor-element elementor-element-eb872bc elementor-widget elementor-widget-text-editor\" data-id=\"eb872bc\" data-element_type=\"widget\" data-e-type=\"widget\" data-widget_type=\"text-editor.default\">\n\t\t\t\t<div class=\"elementor-widget-container\">\n\t\t\t\t\t\t\t\t\t<p>PANELS ACH possui as fichas para os selos de certifica\u00e7\u00e3o GREEN, LEED e BREEAM que credenciam o desempenho ambiental e o seu contributo para a qualidade ambiental dos edif\u00edcios dos nossos pain\u00e9is sandu\u00edche.<\/p><p>Pode ser baixado na Plataforma de Materiais, que \u00e9 um servi\u00e7o do GBCe que disponibiliza informa\u00e7\u00f5es ambientais sobre nossos produtos, visualizando seus benef\u00edcios ambientais, sociais e econ\u00f4micos.&nbsp;<\/p><p>Estas fichas cont\u00eam todas as informa\u00e7\u00f5es e documenta\u00e7\u00e3o exigidas pelos selos de certifica\u00e7\u00e3o GREEN, LEED e BREEAM.<\/p>\t\t\t\t\t\t\t\t<\/div>\n\t\t\t\t<\/div>\n\t\t\t\t<\/div>\n\t\t<div class=\"elementor-element elementor-element-2dd58cf e-con-full e-flex e-con e-child\" data-id=\"2dd58cf\" data-element_type=\"container\" data-e-type=\"container\" data-settings=\"{&quot;background_background&quot;:&quot;classic&quot;}\">\n\t\t<div class=\"elementor-element elementor-element-b10332e e-con-full e-flex e-con e-child\" data-id=\"b10332e\" data-element_type=\"container\" data-e-type=\"container\">\n\t\t\t\t<div class=\"elementor-element elementor-element-d5db2a9 elementor-align-left elementor-widget elementor-widget-button\" data-id=\"d5db2a9\" data-element_type=\"widget\" data-e-type=\"widget\" data-widget_type=\"button.default\">\n\t\t\t\t<div class=\"elementor-widget-container\">\n\t\t\t\t\t\t\t\t\t<div class=\"elementor-button-wrapper\">\n\t\t\t\t\t<a class=\"elementor-button elementor-button-link elementor-size-sm\" href=\"https:\/\/materiales.gbce.es\/2021\/03\/08\/panel-sandwich-de-lana-de-roca-ach\/\" target=\"_blank\" rel=\"noopener\">\n\t\t\t\t\t\t<span class=\"elementor-button-content-wrapper\">\n\t\t\t\t\t\t<span class=\"elementor-button-icon\">\n\t\t\t\t<svg xmlns=\"http:\/\/www.w3.org\/2000\/svg\" width=\"30\" height=\"30\" viewBox=\"0 0 30 30\" fill=\"none\"><path d=\"M26.3281 12.2773H24.5156C23.768 12.2773 23.1562 12.8891 23.1562 13.6367V19.9805C23.1562 20.2297 22.9523 20.4336 22.7031 20.4336H7.29688C7.04766 20.4336 6.84375 20.2297 6.84375 19.9805V13.6367C6.84375 12.8891 6.23204 12.2773 5.48438 12.2773H3.67188C2.92421 12.2773 2.3125 12.8891 2.3125 13.6367V23.6055C2.3125 24.3531 2.92421 24.9648 3.67188 24.9648H26.3281C27.0758 24.9648 27.6875 24.3531 27.6875 23.6055V13.6367C27.6875 12.8891 27.0758 12.2773 26.3281 12.2773Z\" fill=\"white\"><\/path><path d=\"M14.6199 18.4126C14.7814 18.6867 15.2196 18.6884 15.3811 18.4126L19.4593 12.0689C19.656 11.7806 19.4276 11.3606 19.0786 11.3711L17.2661 11.3711V4.57422C17.2661 4.325 17.0622 4.12109 16.813 4.12109H13.188C12.9388 4.12109 12.7349 4.325 12.7349 4.57422V11.3711H10.9224C10.5748 11.3604 10.3437 11.7808 10.5418 12.0689L14.6199 18.4126Z\" fill=\"white\"><\/path><\/svg>\t\t\t<\/span>\n\t\t\t\t\t\t\t\t\t<span class=\"elementor-button-text\">Plataforma de materiais<\/span>\n\t\t\t\t\t<\/span>\n\t\t\t\t\t<\/a>\n\t\t\t\t<\/div>\n\t\t\t\t\t\t\t\t<\/div>\n\t\t\t\t<\/div>\n\t\t\t\t<\/div>\n\t\t\t\t<\/div>\n\t\t\t\t<\/div>\n\t\t<div class=\"elementor-element elementor-element-7b73ea3 e-con-full e-flex e-con e-child\" data-id=\"7b73ea3\" data-element_type=\"container\" data-e-type=\"container\" data-settings=\"{&quot;background_background&quot;:&quot;classic&quot;}\">\n\t\t\t\t<\/div>\n\t\t\t\t\t<\/div>\n\t\t\t\t<\/div>\n\t\t\t\t<\/div>\n\t\t","protected":false},"excerpt":{"rendered":"<p>Declara\u00e7\u00f5es ambientais de productos e and&nbsp;Green building council Spain Nesta sec\u00e7\u00e3o, as Declara\u00e7\u00f5es Ambientais de Produto (EPD) dos pain\u00e9is sandu\u00edche com n\u00facleo de l\u00e3 de rocha est\u00e3o dispon\u00edveis para consulta e descarregamento. N\u00facleo de l\u00e3 de rocha PANELS ACH possui as fichas para os selos de certifica\u00e7\u00e3o GREEN, LEED e BREEAM que credenciam o desempenho [&hellip;]<\/p>\n","protected":false},"author":1,"featured_media":0,"parent":8200,"menu_order":0,"comment_status":"closed","ping_status":"closed","template":"","meta":{"_acf_changed":false,"footnotes":""},"class_list":["post-8068","page","type-page","status-publish","hentry"],"acf":[],"_links":{"self":[{"href":"https:\/\/www.panelesach.com\/pt-pt\/wp-json\/wp\/v2\/pages\/8068","targetHints":{"allow":["GET"]}}],"collection":[{"href":"https:\/\/www.panelesach.com\/pt-pt\/wp-json\/wp\/v2\/pages"}],"about":[{"href":"https:\/\/www.panelesach.com\/pt-pt\/wp-json\/wp\/v2\/types\/page"}],"author":[{"embeddable":true,"href":"https:\/\/www.panelesach.com\/pt-pt\/wp-json\/wp\/v2\/users\/1"}],"replies":[{"embeddable":true,"href":"https:\/\/www.panelesach.com\/pt-pt\/wp-json\/wp\/v2\/comments?post=8068"}],"version-history":[{"count":0,"href":"https:\/\/www.panelesach.com\/pt-pt\/wp-json\/wp\/v2\/pages\/8068\/revisions"}],"up":[{"embeddable":true,"href":"https:\/\/www.panelesach.com\/pt-pt\/wp-json\/wp\/v2\/pages\/8200"}],"wp:attachment":[{"href":"https:\/\/www.panelesach.com\/pt-pt\/wp-json\/wp\/v2\/media?parent=8068"}],"curies":[{"name":"wp","href":"https:\/\/api.w.org\/{rel}","templated":true}]}}