{"id":8066,"date":"2024-11-08T13:35:53","date_gmt":"2024-11-08T12:35:53","guid":{"rendered":"https:\/\/www.panelesach.com\/dta-avis-technique\/"},"modified":"2025-06-23T10:39:35","modified_gmt":"2025-06-23T08:39:35","slug":"dta-avis-technique","status":"publish","type":"page","link":"https:\/\/www.panelesach.com\/pt-pt\/documentacao\/dta-avis-technique\/","title":{"rendered":"DTA AVIS TECHNIQUE"},"content":{"rendered":"\t\t<div data-elementor-type=\"wp-page\" data-elementor-id=\"8066\" class=\"elementor elementor-8066 elementor-4666\" data-elementor-post-type=\"page\">\n\t\t\t\t<div class=\"elementor-element elementor-element-4cc4575 e-flex e-con-boxed e-con e-parent\" data-id=\"4cc4575\" data-element_type=\"container\" data-e-type=\"container\" data-settings=\"{&quot;background_background&quot;:&quot;classic&quot;}\">\n\t\t\t\t\t<div class=\"e-con-inner\">\n\t\t\t\t<div class=\"elementor-element elementor-element-25a28f7 elementor-widget elementor-widget-heading\" data-id=\"25a28f7\" data-element_type=\"widget\" data-e-type=\"widget\" data-widget_type=\"heading.default\">\n\t\t\t\t<div class=\"elementor-widget-container\">\n\t\t\t\t\t<h1 class=\"elementor-heading-title elementor-size-default\">DTA Avis Technique<\/h1>\t\t\t\t<\/div>\n\t\t\t\t<\/div>\n\t\t\t\t\t<\/div>\n\t\t\t\t<\/div>\n\t\t<div class=\"elementor-element elementor-element-1b4a079 e-flex e-con-boxed e-con e-parent\" data-id=\"1b4a079\" data-element_type=\"container\" data-e-type=\"container\">\n\t\t\t\t\t<div class=\"e-con-inner\">\n\t\t<div class=\"elementor-element elementor-element-fed7f42 e-con-full e-flex e-con e-child\" data-id=\"fed7f42\" data-element_type=\"container\" data-e-type=\"container\">\n\t\t\t\t<div class=\"elementor-element elementor-element-ad6b119 elementor-widget elementor-widget-text-editor\" data-id=\"ad6b119\" data-element_type=\"widget\" data-e-type=\"widget\" data-widget_type=\"text-editor.default\">\n\t\t\t\t<div class=\"elementor-widget-container\">\n\t\t\t\t\t\t\t\t\t<p>ACH, empresa do grupo franc\u00eas <strong>SAINT GOBAIN<\/strong>, \u00e9 <strong>certificada DTA<\/strong> pelo <strong>CSTB<\/strong> para os pain\u00e9is de cobertura Rockwool Core.<\/p>\n<p>A comercializa\u00e7\u00e3o de muitos produtos de constru\u00e7\u00e3o na Uni\u00e3o Europeia \u00e9 efectuada com a marca\u00e7\u00e3o CE. No entanto, no caso particular do mercado franc\u00eas ou franc\u00f3fono, como por exemplo na Arg\u00e9lia e em Marrocos, uma certifica\u00e7\u00e3o <strong>Avis Technique \/ DTA<\/strong> espec\u00edfica \u00e9 muitas vezes um requisito para arquitectos, engenheiros ou companhias de seguros, especialmente para obras p\u00fablicas. <\/p>\n\t\t\t\t\t\t\t\t<\/div>\n\t\t\t\t<\/div>\n\t\t<div class=\"elementor-element elementor-element-1cb5ea7 e-con-full e-flex e-con e-child\" data-id=\"1cb5ea7\" data-element_type=\"container\" data-e-type=\"container\">\n\t\t<div class=\"elementor-element elementor-element-7fc0c57 e-con-full e-flex e-con e-child\" data-id=\"7fc0c57\" data-element_type=\"container\" data-e-type=\"container\">\n\t\t\t\t<div class=\"elementor-element elementor-element-f4c23ec elementor-widget elementor-widget-text-editor\" data-id=\"f4c23ec\" data-element_type=\"widget\" data-e-type=\"widget\" data-widget_type=\"text-editor.default\">\n\t\t\t\t<div class=\"elementor-widget-container\">\n\t\t\t\t\t\t\t\t\t<p>Este documento \u00e9 emitido pelo <strong>CSTB <\/strong>(Centre Scientifique et Technique du B\u00e2timent) e pela <strong>CCFAT<\/strong> (Commission Charg\u00e9e de Formuler des Avis Techniques), constituindo um documento oficial da adequa\u00e7\u00e3o de um produto ou procedimento.<\/p>\n<p>A <strong>ACH<\/strong> obteve a <strong>DTA<\/strong> para os pain\u00e9is de cobertura isolados P5G M Rockwool.<\/p>\n<p>O painel de cobertura <strong>ACH<\/strong> com fixa\u00e7\u00f5es expostas \u00e9 conhecido comercialmente como \u201c<strong>ACH 5-Groove Panel<\/strong>\u201d, refer\u00eancia \u201c<strong>P5G M<\/strong>\u201d e consiste em duas chapas de a\u00e7o de 0,50 mm de espessura ligadas a um n\u00facleo de l\u00e3 de rocha de alta densidade. Uma solu\u00e7\u00e3o magn\u00edfica para coberturas formadas por pain\u00e9is sandu\u00edche, com um sistema de fixa\u00e7\u00e3o vis\u00edvel, que requerem prote\u00e7\u00e3o ou resist\u00eancia ao fogo no edif\u00edcio. <\/p>\n\t\t\t\t\t\t\t\t<\/div>\n\t\t\t\t<\/div>\n\t\t<div class=\"elementor-element elementor-element-9bf30aa e-con-full e-flex e-con e-child\" data-id=\"9bf30aa\" data-element_type=\"container\" data-e-type=\"container\">\n\t\t\t\t<div class=\"elementor-element elementor-element-355764f elementor-align-center elementor-widget elementor-widget-button\" data-id=\"355764f\" data-element_type=\"widget\" data-e-type=\"widget\" data-widget_type=\"button.default\">\n\t\t\t\t<div class=\"elementor-widget-container\">\n\t\t\t\t\t\t\t\t\t<div class=\"elementor-button-wrapper\">\n\t\t\t\t\t<a class=\"elementor-button elementor-button-link elementor-size-sm\" href=\"https:\/\/www.panelesach.com\/wp-content\/uploads\/2025\/06\/UMZF-2.pdf\">\n\t\t\t\t\t\t<span class=\"elementor-button-content-wrapper\">\n\t\t\t\t\t\t<span class=\"elementor-button-icon\">\n\t\t\t\t<svg xmlns=\"http:\/\/www.w3.org\/2000\/svg\" width=\"30\" height=\"30\" viewBox=\"0 0 30 30\" fill=\"none\"><path d=\"M26.3281 12.2773H24.5156C23.768 12.2773 23.1562 12.8891 23.1562 13.6367V19.9805C23.1562 20.2297 22.9523 20.4336 22.7031 20.4336H7.29688C7.04766 20.4336 6.84375 20.2297 6.84375 19.9805V13.6367C6.84375 12.8891 6.23204 12.2773 5.48438 12.2773H3.67188C2.92421 12.2773 2.3125 12.8891 2.3125 13.6367V23.6055C2.3125 24.3531 2.92421 24.9648 3.67188 24.9648H26.3281C27.0758 24.9648 27.6875 24.3531 27.6875 23.6055V13.6367C27.6875 12.8891 27.0758 12.2773 26.3281 12.2773Z\" fill=\"white\"><\/path><path d=\"M14.6199 18.4126C14.7814 18.6867 15.2196 18.6884 15.3811 18.4126L19.4593 12.0689C19.656 11.7806 19.4276 11.3606 19.0786 11.3711L17.2661 11.3711V4.57422C17.2661 4.325 17.0622 4.12109 16.813 4.12109H13.188C12.9388 4.12109 12.7349 4.325 12.7349 4.57422V11.3711H10.9224C10.5748 11.3604 10.3437 11.7808 10.5418 12.0689L14.6199 18.4126Z\" fill=\"white\"><\/path><\/svg>\t\t\t<\/span>\n\t\t\t\t\t\t\t\t\t<span class=\"elementor-button-text\">ver configura\u00e7\u00e3o no separador<\/span>\n\t\t\t\t\t<\/span>\n\t\t\t\t\t<\/a>\n\t\t\t\t<\/div>\n\t\t\t\t\t\t\t\t<\/div>\n\t\t\t\t<\/div>\n\t\t\t\t<div class=\"elementor-element elementor-element-39e7cec elementor-align-center elementor-widget elementor-widget-button\" data-id=\"39e7cec\" data-element_type=\"widget\" data-e-type=\"widget\" data-widget_type=\"button.default\">\n\t\t\t\t<div class=\"elementor-widget-container\">\n\t\t\t\t\t\t\t\t\t<div class=\"elementor-button-wrapper\">\n\t\t\t\t\t<a class=\"elementor-button elementor-button-link elementor-size-sm\" href=\"https:\/\/www.cstb.fr\/nos-offres\/activites\/evaluation\" target=\"_blank\" rel=\"noopener\">\n\t\t\t\t\t\t<span class=\"elementor-button-content-wrapper\">\n\t\t\t\t\t\t\t\t\t<span class=\"elementor-button-text\">DTA 2.1\/17-1786_V1<\/span>\n\t\t\t\t\t<\/span>\n\t\t\t\t\t<\/a>\n\t\t\t\t<\/div>\n\t\t\t\t\t\t\t\t<\/div>\n\t\t\t\t<\/div>\n\t\t\t\t<\/div>\n\t\t\t\t<\/div>\n\t\t<div class=\"elementor-element elementor-element-d1f8f60 e-con-full e-flex e-con e-child\" data-id=\"d1f8f60\" data-element_type=\"container\" data-e-type=\"container\">\n\t\t\t\t<div class=\"elementor-element elementor-element-9cd0fd9 elementor-widget elementor-widget-image\" data-id=\"9cd0fd9\" data-element_type=\"widget\" data-e-type=\"widget\" data-widget_type=\"image.default\">\n\t\t\t\t<div class=\"elementor-widget-container\">\n\t\t\t\t\t\t\t\t\t\t\t\t\t\t\t<img fetchpriority=\"high\" decoding=\"async\" width=\"973\" height=\"615\" src=\"https:\/\/www.panelesach.com\/wp-content\/uploads\/2024\/10\/paneles-ach-panel-sandwich-lana-de-roca-cubierta-5-grecas-detalle-cumbrera-troquelada.jpg\" class=\"attachment-full size-full wp-image-6197\" alt=\"\" srcset=\"https:\/\/www.panelesach.com\/wp-content\/uploads\/2024\/10\/paneles-ach-panel-sandwich-lana-de-roca-cubierta-5-grecas-detalle-cumbrera-troquelada.jpg 973w, https:\/\/www.panelesach.com\/wp-content\/uploads\/2024\/10\/paneles-ach-panel-sandwich-lana-de-roca-cubierta-5-grecas-detalle-cumbrera-troquelada-300x190.jpg 300w, https:\/\/www.panelesach.com\/wp-content\/uploads\/2024\/10\/paneles-ach-panel-sandwich-lana-de-roca-cubierta-5-grecas-detalle-cumbrera-troquelada-768x485.jpg 768w\" sizes=\"(max-width: 973px) 100vw, 973px\" \/>\t\t\t\t\t\t\t\t\t\t\t\t\t\t\t<\/div>\n\t\t\t\t<\/div>\n\t\t\t\t<\/div>\n\t\t\t\t<\/div>\n\t\t\t\t<\/div>\n\t\t\t\t\t<\/div>\n\t\t\t\t<\/div>\n\t\t\t\t<\/div>\n\t\t","protected":false},"excerpt":{"rendered":"<p>DTA Avis Technique ACH, empresa do grupo franc\u00eas SAINT GOBAIN, \u00e9 certificada DTA pelo CSTB para os pain\u00e9is de cobertura Rockwool Core. A comercializa\u00e7\u00e3o de muitos produtos de constru\u00e7\u00e3o na Uni\u00e3o Europeia \u00e9 efectuada com a marca\u00e7\u00e3o CE. No entanto, no caso particular do mercado franc\u00eas ou franc\u00f3fono, como por exemplo na Arg\u00e9lia e em [&hellip;]<\/p>\n","protected":false},"author":1,"featured_media":0,"parent":8200,"menu_order":0,"comment_status":"closed","ping_status":"closed","template":"","meta":{"_acf_changed":false,"footnotes":""},"class_list":["post-8066","page","type-page","status-publish","hentry"],"acf":[],"_links":{"self":[{"href":"https:\/\/www.panelesach.com\/pt-pt\/wp-json\/wp\/v2\/pages\/8066","targetHints":{"allow":["GET"]}}],"collection":[{"href":"https:\/\/www.panelesach.com\/pt-pt\/wp-json\/wp\/v2\/pages"}],"about":[{"href":"https:\/\/www.panelesach.com\/pt-pt\/wp-json\/wp\/v2\/types\/page"}],"author":[{"embeddable":true,"href":"https:\/\/www.panelesach.com\/pt-pt\/wp-json\/wp\/v2\/users\/1"}],"replies":[{"embeddable":true,"href":"https:\/\/www.panelesach.com\/pt-pt\/wp-json\/wp\/v2\/comments?post=8066"}],"version-history":[{"count":0,"href":"https:\/\/www.panelesach.com\/pt-pt\/wp-json\/wp\/v2\/pages\/8066\/revisions"}],"up":[{"embeddable":true,"href":"https:\/\/www.panelesach.com\/pt-pt\/wp-json\/wp\/v2\/pages\/8200"}],"wp:attachment":[{"href":"https:\/\/www.panelesach.com\/pt-pt\/wp-json\/wp\/v2\/media?parent=8066"}],"curies":[{"name":"wp","href":"https:\/\/api.w.org\/{rel}","templated":true}]}}