{"id":7357,"date":"2024-10-03T14:07:34","date_gmt":"2024-10-03T12:07:34","guid":{"rendered":"https:\/\/www.panelesach.com\/saude-seguranca-e-meio-ambiente\/"},"modified":"2024-12-02T11:15:13","modified_gmt":"2024-12-02T10:15:13","slug":"saude-seguranca-e-meio-ambiente","status":"publish","type":"page","link":"https:\/\/www.panelesach.com\/pt-pt\/saude-seguranca-e-meio-ambiente\/","title":{"rendered":"Sa\u00fade, Seguran\u00e7a e Meio Ambiente"},"content":{"rendered":"\t\t<div data-elementor-type=\"wp-page\" data-elementor-id=\"7357\" class=\"elementor elementor-7357 elementor-3659\" data-elementor-post-type=\"page\">\n\t\t\t\t<div class=\"elementor-element elementor-element-87b4f87 e-flex e-con-boxed e-con e-parent\" data-id=\"87b4f87\" data-element_type=\"container\" data-e-type=\"container\" data-settings=\"{&quot;background_background&quot;:&quot;classic&quot;}\">\n\t\t\t\t\t<div class=\"e-con-inner\">\n\t\t\t\t<div class=\"elementor-element elementor-element-e0dbb9e elementor-widget elementor-widget-heading\" data-id=\"e0dbb9e\" data-element_type=\"widget\" data-e-type=\"widget\" data-widget_type=\"heading.default\">\n\t\t\t\t<div class=\"elementor-widget-container\">\n\t\t\t\t\t<h1 class=\"elementor-heading-title elementor-size-default\">Sa\u00fade, Seguran\u00e7a e Meio Ambiente<\/h1>\t\t\t\t<\/div>\n\t\t\t\t<\/div>\n\t\t\t\t\t<\/div>\n\t\t\t\t<\/div>\n\t\t<div class=\"elementor-element elementor-element-a3d5b40 e-flex e-con-boxed e-con e-parent\" data-id=\"a3d5b40\" data-element_type=\"container\" data-e-type=\"container\">\n\t\t\t\t\t<div class=\"e-con-inner\">\n\t\t\t\t<div class=\"elementor-element elementor-element-bac037d elementor-widget elementor-widget-text-editor\" data-id=\"bac037d\" data-element_type=\"widget\" data-e-type=\"widget\" data-widget_type=\"text-editor.default\">\n\t\t\t\t<div class=\"elementor-widget-container\">\n\t\t\t\t\t\t\t\t\t<p>Para a <strong>Saint-Gobain Placo, Isover e ACH<\/strong> o respeito pelas pessoas e o meio ambiente constitui um aspeto fundamental e inerente \u00e0 pr\u00f3pria atividade produtiva, ao compromisso com o emprego e \u00e0 contribui\u00e7\u00e3o para um maior grau de conforto dos seus utilizadores. A Isover, Placo\u00ae e ACH trabalham para reduzir os impactos ambientais em todo o ciclo de vida dos seus produtos. <\/p>\n<p>Al\u00e9m disso, contribuem para a prote\u00e7\u00e3o do planeta, uma vez que favorecem a efici\u00eancia energ\u00e9tica. Por esta raz\u00e3o, o seu principal objetivo \u00e9: <\/p>\n\t\t\t\t\t\t\t\t<\/div>\n\t\t\t\t<\/div>\n\t\t<div class=\"elementor-element elementor-element-410b314 e-con-full e-flex e-con e-child\" data-id=\"410b314\" data-element_type=\"container\" data-e-type=\"container\">\n\t\t<div class=\"elementor-element elementor-element-ccf2739 e-con-full e-flex e-con e-child\" data-id=\"ccf2739\" data-element_type=\"container\" data-e-type=\"container\">\n\t\t\t\t<div class=\"elementor-element elementor-element-b4a95d0 elementor-icon-list--layout-traditional elementor-list-item-link-full_width elementor-widget elementor-widget-icon-list\" data-id=\"b4a95d0\" data-element_type=\"widget\" data-e-type=\"widget\" data-widget_type=\"icon-list.default\">\n\t\t\t\t<div class=\"elementor-widget-container\">\n\t\t\t\t\t\t\t<ul class=\"elementor-icon-list-items\">\n\t\t\t\t\t\t\t<li class=\"elementor-icon-list-item\">\n\t\t\t\t\t\t\t\t\t\t\t<span class=\"elementor-icon-list-icon\">\n\t\t\t\t\t\t\t<svg xmlns=\"http:\/\/www.w3.org\/2000\/svg\" width=\"20\" height=\"20\" viewBox=\"0 0 20 20\" fill=\"none\"><path d=\"M9.5312 0.933594C4.29296 0.933594 0.03125 5.1952 0.03125 10.4335C0.03125 15.6719 4.29296 19.9336 9.5312 19.9336C14.7694 19.9336 19.0312 15.6719 19.0312 10.4335C19.0312 5.1952 14.7695 0.933594 9.5312 0.933594ZM14.9862 8.82892L9.0179 14.7973C8.76413 15.051 8.42679 15.1907 8.06794 15.1907C7.70909 15.1907 7.37175 15.051 7.11797 14.7973L4.07616 11.7554C3.82239 11.5017 3.68261 11.1643 3.68261 10.8055C3.68261 10.4465 3.82239 10.1092 4.07616 9.85542C4.32984 9.60164 4.66718 9.46187 5.02613 9.46187C5.38498 9.46187 5.72242 9.60164 5.97609 9.85552L8.06784 11.9472L13.0861 6.92889C13.3399 6.67512 13.6772 6.53544 14.0361 6.53544C14.3949 6.53544 14.7323 6.67512 14.986 6.92889C15.51 7.4529 15.51 8.30512 14.9862 8.82892Z\" fill=\"#B7DB57\"><\/path><\/svg>\t\t\t\t\t\t<\/span>\n\t\t\t\t\t\t\t\t\t\t<span class=\"elementor-icon-list-text\"> ZERO acidentes de trabalho<\/span>\n\t\t\t\t\t\t\t\t\t<\/li>\n\t\t\t\t\t\t\t\t<li class=\"elementor-icon-list-item\">\n\t\t\t\t\t\t\t\t\t\t\t<span class=\"elementor-icon-list-icon\">\n\t\t\t\t\t\t\t<svg xmlns=\"http:\/\/www.w3.org\/2000\/svg\" width=\"20\" height=\"20\" viewBox=\"0 0 20 20\" fill=\"none\"><path d=\"M9.5312 0.933594C4.29296 0.933594 0.03125 5.1952 0.03125 10.4335C0.03125 15.6719 4.29296 19.9336 9.5312 19.9336C14.7694 19.9336 19.0312 15.6719 19.0312 10.4335C19.0312 5.1952 14.7695 0.933594 9.5312 0.933594ZM14.9862 8.82892L9.0179 14.7973C8.76413 15.051 8.42679 15.1907 8.06794 15.1907C7.70909 15.1907 7.37175 15.051 7.11797 14.7973L4.07616 11.7554C3.82239 11.5017 3.68261 11.1643 3.68261 10.8055C3.68261 10.4465 3.82239 10.1092 4.07616 9.85542C4.32984 9.60164 4.66718 9.46187 5.02613 9.46187C5.38498 9.46187 5.72242 9.60164 5.97609 9.85552L8.06784 11.9472L13.0861 6.92889C13.3399 6.67512 13.6772 6.53544 14.0361 6.53544C14.3949 6.53544 14.7323 6.67512 14.986 6.92889C15.51 7.4529 15.51 8.30512 14.9862 8.82892Z\" fill=\"#B7DB57\"><\/path><\/svg>\t\t\t\t\t\t<\/span>\n\t\t\t\t\t\t\t\t\t\t<span class=\"elementor-icon-list-text\"> ZERO doen\u00e7as profissionais.<\/span>\n\t\t\t\t\t\t\t\t\t<\/li>\n\t\t\t\t\t\t\t\t<li class=\"elementor-icon-list-item\">\n\t\t\t\t\t\t\t\t\t\t\t<span class=\"elementor-icon-list-icon\">\n\t\t\t\t\t\t\t<svg xmlns=\"http:\/\/www.w3.org\/2000\/svg\" width=\"20\" height=\"20\" viewBox=\"0 0 20 20\" fill=\"none\"><path d=\"M9.5312 0.933594C4.29296 0.933594 0.03125 5.1952 0.03125 10.4335C0.03125 15.6719 4.29296 19.9336 9.5312 19.9336C14.7694 19.9336 19.0312 15.6719 19.0312 10.4335C19.0312 5.1952 14.7695 0.933594 9.5312 0.933594ZM14.9862 8.82892L9.0179 14.7973C8.76413 15.051 8.42679 15.1907 8.06794 15.1907C7.70909 15.1907 7.37175 15.051 7.11797 14.7973L4.07616 11.7554C3.82239 11.5017 3.68261 11.1643 3.68261 10.8055C3.68261 10.4465 3.82239 10.1092 4.07616 9.85542C4.32984 9.60164 4.66718 9.46187 5.02613 9.46187C5.38498 9.46187 5.72242 9.60164 5.97609 9.85552L8.06784 11.9472L13.0861 6.92889C13.3399 6.67512 13.6772 6.53544 14.0361 6.53544C14.3949 6.53544 14.7323 6.67512 14.986 6.92889C15.51 7.4529 15.51 8.30512 14.9862 8.82892Z\" fill=\"#B7DB57\"><\/path><\/svg>\t\t\t\t\t\t<\/span>\n\t\t\t\t\t\t\t\t\t\t<span class=\"elementor-icon-list-text\"> ZERO acidentes ambientais e atingir a NEUTRALIDADE CLIM\u00c1TICA em 2050.<\/span>\n\t\t\t\t\t\t\t\t\t<\/li>\n\t\t\t\t\t\t<\/ul>\n\t\t\t\t\t\t<\/div>\n\t\t\t\t<\/div>\n\t\t\t\t<div class=\"elementor-element elementor-element-217144d elementor-widget elementor-widget-text-editor\" data-id=\"217144d\" data-element_type=\"widget\" data-e-type=\"widget\" data-widget_type=\"text-editor.default\">\n\t\t\t\t<div class=\"elementor-widget-container\">\n\t\t\t\t\t\t\t\t\t<p>#MAKING THE WORLD A BETTER HOME<\/p>\n\t\t\t\t\t\t\t\t<\/div>\n\t\t\t\t<\/div>\n\t\t\t\t<div class=\"elementor-element elementor-element-6d75b1c elementor-widget elementor-widget-text-editor\" data-id=\"6d75b1c\" data-element_type=\"widget\" data-e-type=\"widget\" data-widget_type=\"text-editor.default\">\n\t\t\t\t<div class=\"elementor-widget-container\">\n\t\t\t\t\t\t\t\t\t<p>COMO EMPRESAS PERTENCENTES AO GRUPO SAINT-GOBAIN PARTILHAM O OBJETIVO DA EMPRESA &#8220;MAKING THE WORLD A BETTER HOME&#8221;, FABRICANDO SOLU\u00c7\u00d5ES DE ALTO DESEMPENHO QUE FORNECEM BEM-ESTAR E MELHORAM A QUALIDADE DE VIDA, AO MESMO TEMPO QUE CUIDAM DO PLANETA.<\/p>\n\t\t\t\t\t\t\t\t<\/div>\n\t\t\t\t<\/div>\n\t\t\t\t<\/div>\n\t\t<div class=\"elementor-element elementor-element-149e7f0 e-con-full e-flex e-con e-child\" data-id=\"149e7f0\" data-element_type=\"container\" data-e-type=\"container\">\n\t\t\t\t<div class=\"elementor-element elementor-element-9b29cf5 elementor-widget elementor-widget-image\" data-id=\"9b29cf5\" data-element_type=\"widget\" data-e-type=\"widget\" data-widget_type=\"image.default\">\n\t\t\t\t<div class=\"elementor-widget-container\">\n\t\t\t\t\t\t\t\t\t\t\t\t\t\t\t<img fetchpriority=\"high\" decoding=\"async\" width=\"585\" height=\"202\" src=\"https:\/\/www.panelesach.com\/wp-content\/uploads\/2024\/10\/paneles_ach_paneles_sandwich_empresa_seguridad.jpg\" class=\"attachment-large size-large wp-image-5717\" alt=\"\" srcset=\"https:\/\/www.panelesach.com\/wp-content\/uploads\/2024\/10\/paneles_ach_paneles_sandwich_empresa_seguridad.jpg 585w, https:\/\/www.panelesach.com\/wp-content\/uploads\/2024\/10\/paneles_ach_paneles_sandwich_empresa_seguridad-300x104.jpg 300w\" sizes=\"(max-width: 585px) 100vw, 585px\" \/>\t\t\t\t\t\t\t\t\t\t\t\t\t\t\t<\/div>\n\t\t\t\t<\/div>\n\t\t\t\t<\/div>\n\t\t\t\t<\/div>\n\t\t<div class=\"elementor-element elementor-element-91aed52 e-con-full e-flex e-con e-child\" data-id=\"91aed52\" data-element_type=\"container\" data-e-type=\"container\">\n\t\t<div class=\"elementor-element elementor-element-3fb1330 e-con-full e-flex e-con e-child\" data-id=\"3fb1330\" data-element_type=\"container\" data-e-type=\"container\">\n\t\t\t\t<div class=\"elementor-element elementor-element-c034af8 elementor-widget elementor-widget-image\" data-id=\"c034af8\" data-element_type=\"widget\" data-e-type=\"widget\" data-widget_type=\"image.default\">\n\t\t\t\t<div class=\"elementor-widget-container\">\n\t\t\t\t\t\t\t\t\t\t\t\t\t\t\t<img decoding=\"async\" width=\"800\" height=\"578\" src=\"https:\/\/www.panelesach.com\/wp-content\/uploads\/2024\/10\/paneles_ach_paneles_sandwich_medioambientel-1024x740.jpg\" class=\"attachment-large size-large wp-image-5720\" alt=\"\" srcset=\"https:\/\/www.panelesach.com\/wp-content\/uploads\/2024\/10\/paneles_ach_paneles_sandwich_medioambientel-1024x740.jpg 1024w, https:\/\/www.panelesach.com\/wp-content\/uploads\/2024\/10\/paneles_ach_paneles_sandwich_medioambientel-300x217.jpg 300w, https:\/\/www.panelesach.com\/wp-content\/uploads\/2024\/10\/paneles_ach_paneles_sandwich_medioambientel-768x555.jpg 768w, https:\/\/www.panelesach.com\/wp-content\/uploads\/2024\/10\/paneles_ach_paneles_sandwich_medioambientel.jpg 1202w\" sizes=\"(max-width: 800px) 100vw, 800px\" \/>\t\t\t\t\t\t\t\t\t\t\t\t\t\t\t<\/div>\n\t\t\t\t<\/div>\n\t\t\t\t<\/div>\n\t\t<div class=\"elementor-element elementor-element-d3eab7f e-con-full e-flex e-con e-child\" data-id=\"d3eab7f\" data-element_type=\"container\" data-e-type=\"container\">\n\t\t\t\t<div class=\"elementor-element elementor-element-3979a4d elementor-widget elementor-widget-text-editor\" data-id=\"3979a4d\" data-element_type=\"widget\" data-e-type=\"widget\" data-widget_type=\"text-editor.default\">\n\t\t\t\t<div class=\"elementor-widget-container\">\n\t\t\t\t\t\t\t\t\t<p>Neste contexto, a <strong>Isover, Placo\u00ae e ACH<\/strong> comprometem-se a:<\/p>\n\t\t\t\t\t\t\t\t<\/div>\n\t\t\t\t<\/div>\n\t\t\t\t<div class=\"elementor-element elementor-element-867c718 elementor-icon-list--layout-traditional elementor-list-item-link-full_width elementor-widget elementor-widget-icon-list\" data-id=\"867c718\" data-element_type=\"widget\" data-e-type=\"widget\" data-widget_type=\"icon-list.default\">\n\t\t\t\t<div class=\"elementor-widget-container\">\n\t\t\t\t\t\t\t<ul class=\"elementor-icon-list-items\">\n\t\t\t\t\t\t\t<li class=\"elementor-icon-list-item\">\n\t\t\t\t\t\t\t\t\t\t\t<span class=\"elementor-icon-list-icon\">\n\t\t\t\t\t\t\t<svg xmlns=\"http:\/\/www.w3.org\/2000\/svg\" width=\"20\" height=\"20\" viewBox=\"0 0 20 20\" fill=\"none\"><path d=\"M9.5312 0.933594C4.29296 0.933594 0.03125 5.1952 0.03125 10.4335C0.03125 15.6719 4.29296 19.9336 9.5312 19.9336C14.7694 19.9336 19.0312 15.6719 19.0312 10.4335C19.0312 5.1952 14.7695 0.933594 9.5312 0.933594ZM14.9862 8.82892L9.0179 14.7973C8.76413 15.051 8.42679 15.1907 8.06794 15.1907C7.70909 15.1907 7.37175 15.051 7.11797 14.7973L4.07616 11.7554C3.82239 11.5017 3.68261 11.1643 3.68261 10.8055C3.68261 10.4465 3.82239 10.1092 4.07616 9.85542C4.32984 9.60164 4.66718 9.46187 5.02613 9.46187C5.38498 9.46187 5.72242 9.60164 5.97609 9.85552L8.06784 11.9472L13.0861 6.92889C13.3399 6.67512 13.6772 6.53544 14.0361 6.53544C14.3949 6.53544 14.7323 6.67512 14.986 6.92889C15.51 7.4529 15.51 8.30512 14.9862 8.82892Z\" fill=\"#B7DB57\"><\/path><\/svg>\t\t\t\t\t\t<\/span>\n\t\t\t\t\t\t\t\t\t\t<span class=\"elementor-icon-list-text\"><b>Integrar a seguran\u00e7a, a sa\u00fade e o compromisso da prote\u00e7\u00e3o ambiental<\/b> em todos e cada um dos n\u00edveis da empresa atrav\u00e9s da lideran\u00e7a real e vis\u00edvel, mantendo uma abordagem sistem\u00e1tica para a consulta e a participa\u00e7\u00e3o dos trabalhadores.<\/span>\n\t\t\t\t\t\t\t\t\t<\/li>\n\t\t\t\t\t\t\t\t<li class=\"elementor-icon-list-item\">\n\t\t\t\t\t\t\t\t\t\t\t<span class=\"elementor-icon-list-icon\">\n\t\t\t\t\t\t\t<svg xmlns=\"http:\/\/www.w3.org\/2000\/svg\" width=\"20\" height=\"20\" viewBox=\"0 0 20 20\" fill=\"none\"><path d=\"M9.5312 0.933594C4.29296 0.933594 0.03125 5.1952 0.03125 10.4335C0.03125 15.6719 4.29296 19.9336 9.5312 19.9336C14.7694 19.9336 19.0312 15.6719 19.0312 10.4335C19.0312 5.1952 14.7695 0.933594 9.5312 0.933594ZM14.9862 8.82892L9.0179 14.7973C8.76413 15.051 8.42679 15.1907 8.06794 15.1907C7.70909 15.1907 7.37175 15.051 7.11797 14.7973L4.07616 11.7554C3.82239 11.5017 3.68261 11.1643 3.68261 10.8055C3.68261 10.4465 3.82239 10.1092 4.07616 9.85542C4.32984 9.60164 4.66718 9.46187 5.02613 9.46187C5.38498 9.46187 5.72242 9.60164 5.97609 9.85552L8.06784 11.9472L13.0861 6.92889C13.3399 6.67512 13.6772 6.53544 14.0361 6.53544C14.3949 6.53544 14.7323 6.67512 14.986 6.92889C15.51 7.4529 15.51 8.30512 14.9862 8.82892Z\" fill=\"#B7DB57\"><\/path><\/svg>\t\t\t\t\t\t<\/span>\n\t\t\t\t\t\t\t\t\t\t<span class=\"elementor-icon-list-text\"><b>Utilizar eficientemente todas as nossas fontes de energia e recursos<\/b>, empregando processos, pr\u00e1ticas e\/ou materiais que garantam a preven\u00e7\u00e3o da contamina\u00e7\u00e3o e o respeito pelo meio ambiente, aplicando padr\u00f5es de conduta que incentivem uma melhoria cont\u00ednua.<\/span>\n\t\t\t\t\t\t\t\t\t<\/li>\n\t\t\t\t\t\t\t\t<li class=\"elementor-icon-list-item\">\n\t\t\t\t\t\t\t\t\t\t\t<span class=\"elementor-icon-list-icon\">\n\t\t\t\t\t\t\t<svg xmlns=\"http:\/\/www.w3.org\/2000\/svg\" width=\"20\" height=\"20\" viewBox=\"0 0 20 20\" fill=\"none\"><path d=\"M9.5312 0.933594C4.29296 0.933594 0.03125 5.1952 0.03125 10.4335C0.03125 15.6719 4.29296 19.9336 9.5312 19.9336C14.7694 19.9336 19.0312 15.6719 19.0312 10.4335C19.0312 5.1952 14.7695 0.933594 9.5312 0.933594ZM14.9862 8.82892L9.0179 14.7973C8.76413 15.051 8.42679 15.1907 8.06794 15.1907C7.70909 15.1907 7.37175 15.051 7.11797 14.7973L4.07616 11.7554C3.82239 11.5017 3.68261 11.1643 3.68261 10.8055C3.68261 10.4465 3.82239 10.1092 4.07616 9.85542C4.32984 9.60164 4.66718 9.46187 5.02613 9.46187C5.38498 9.46187 5.72242 9.60164 5.97609 9.85552L8.06784 11.9472L13.0861 6.92889C13.3399 6.67512 13.6772 6.53544 14.0361 6.53544C14.3949 6.53544 14.7323 6.67512 14.986 6.92889C15.51 7.4529 15.51 8.30512 14.9862 8.82892Z\" fill=\"#B7DB57\"><\/path><\/svg>\t\t\t\t\t\t<\/span>\n\t\t\t\t\t\t\t\t\t\t<span class=\"elementor-icon-list-text\"><b>Impulsionar a transi\u00e7\u00e3o energ\u00e9tica para um modelo sustent\u00e1vel<\/b> com baixas emiss\u00f5es para a atmosfera, e que permita alcan\u00e7ar a neutralidade clim\u00e1tica nos nossos processos no ano 2050 e numa perspetiva de economia circular.<\/span>\n\t\t\t\t\t\t\t\t\t<\/li>\n\t\t\t\t\t\t\t\t<li class=\"elementor-icon-list-item\">\n\t\t\t\t\t\t\t\t\t\t\t<span class=\"elementor-icon-list-icon\">\n\t\t\t\t\t\t\t<svg xmlns=\"http:\/\/www.w3.org\/2000\/svg\" width=\"20\" height=\"20\" viewBox=\"0 0 20 20\" fill=\"none\"><path d=\"M9.5312 0.933594C4.29296 0.933594 0.03125 5.1952 0.03125 10.4335C0.03125 15.6719 4.29296 19.9336 9.5312 19.9336C14.7694 19.9336 19.0312 15.6719 19.0312 10.4335C19.0312 5.1952 14.7695 0.933594 9.5312 0.933594ZM14.9862 8.82892L9.0179 14.7973C8.76413 15.051 8.42679 15.1907 8.06794 15.1907C7.70909 15.1907 7.37175 15.051 7.11797 14.7973L4.07616 11.7554C3.82239 11.5017 3.68261 11.1643 3.68261 10.8055C3.68261 10.4465 3.82239 10.1092 4.07616 9.85542C4.32984 9.60164 4.66718 9.46187 5.02613 9.46187C5.38498 9.46187 5.72242 9.60164 5.97609 9.85552L8.06784 11.9472L13.0861 6.92889C13.3399 6.67512 13.6772 6.53544 14.0361 6.53544C14.3949 6.53544 14.7323 6.67512 14.986 6.92889C15.51 7.4529 15.51 8.30512 14.9862 8.82892Z\" fill=\"#B7DB57\"><\/path><\/svg>\t\t\t\t\t\t<\/span>\n\t\t\t\t\t\t\t\t\t\t<span class=\"elementor-icon-list-text\"><b>Desenvolver, fabricar e comercializar solu\u00e7\u00f5es aplicando conceitos de eco inova\u00e7\u00e3o<\/b> que ajudam a melhorar a qualidade do ar, a sa\u00fade e a seguran\u00e7a para a utiliza\u00e7\u00e3o a que se destinam e contribuir de forma eficiente para alcan\u00e7ar o objetivo da neutralidade clim\u00e1tica definido pela CE atrav\u00e9s da descarboniza\u00e7\u00e3o, da economia circular, da digitaliza\u00e7\u00e3o 4.0 e da profissionaliza\u00e7\u00e3o do setor.<\/span>\n\t\t\t\t\t\t\t\t\t<\/li>\n\t\t\t\t\t\t\t\t<li class=\"elementor-icon-list-item\">\n\t\t\t\t\t\t\t\t\t\t\t<span class=\"elementor-icon-list-icon\">\n\t\t\t\t\t\t\t<svg xmlns=\"http:\/\/www.w3.org\/2000\/svg\" width=\"20\" height=\"20\" viewBox=\"0 0 20 20\" fill=\"none\"><path d=\"M9.5312 0.933594C4.29296 0.933594 0.03125 5.1952 0.03125 10.4335C0.03125 15.6719 4.29296 19.9336 9.5312 19.9336C14.7694 19.9336 19.0312 15.6719 19.0312 10.4335C19.0312 5.1952 14.7695 0.933594 9.5312 0.933594ZM14.9862 8.82892L9.0179 14.7973C8.76413 15.051 8.42679 15.1907 8.06794 15.1907C7.70909 15.1907 7.37175 15.051 7.11797 14.7973L4.07616 11.7554C3.82239 11.5017 3.68261 11.1643 3.68261 10.8055C3.68261 10.4465 3.82239 10.1092 4.07616 9.85542C4.32984 9.60164 4.66718 9.46187 5.02613 9.46187C5.38498 9.46187 5.72242 9.60164 5.97609 9.85552L8.06784 11.9472L13.0861 6.92889C13.3399 6.67512 13.6772 6.53544 14.0361 6.53544C14.3949 6.53544 14.7323 6.67512 14.986 6.92889C15.51 7.4529 15.51 8.30512 14.9862 8.82892Z\" fill=\"#B7DB57\"><\/path><\/svg>\t\t\t\t\t\t<\/span>\n\t\t\t\t\t\t\t\t\t\t<span class=\"elementor-icon-list-text\"><b>Estabelecer e rever periodicamente os objetivos de sa\u00fade, da preven\u00e7\u00e3o dos riscos profissionais, do meio-ambiente e da gest\u00e3o energ\u00e9tica<\/b> em harmonia com os compromissos assumidos na presente Pol\u00edtica, utilizando diferentes indicadores qualitativos e quantitativos para realizar o seguimento das zonas de seguran\u00e7a, do meio ambiente e do controlo dos consumos de energia.<\/span>\n\t\t\t\t\t\t\t\t\t<\/li>\n\t\t\t\t\t\t\t\t<li class=\"elementor-icon-list-item\">\n\t\t\t\t\t\t\t\t\t\t\t<span class=\"elementor-icon-list-icon\">\n\t\t\t\t\t\t\t<svg xmlns=\"http:\/\/www.w3.org\/2000\/svg\" width=\"20\" height=\"20\" viewBox=\"0 0 20 20\" fill=\"none\"><path d=\"M9.5312 0.933594C4.29296 0.933594 0.03125 5.1952 0.03125 10.4335C0.03125 15.6719 4.29296 19.9336 9.5312 19.9336C14.7694 19.9336 19.0312 15.6719 19.0312 10.4335C19.0312 5.1952 14.7695 0.933594 9.5312 0.933594ZM14.9862 8.82892L9.0179 14.7973C8.76413 15.051 8.42679 15.1907 8.06794 15.1907C7.70909 15.1907 7.37175 15.051 7.11797 14.7973L4.07616 11.7554C3.82239 11.5017 3.68261 11.1643 3.68261 10.8055C3.68261 10.4465 3.82239 10.1092 4.07616 9.85542C4.32984 9.60164 4.66718 9.46187 5.02613 9.46187C5.38498 9.46187 5.72242 9.60164 5.97609 9.85552L8.06784 11.9472L13.0861 6.92889C13.3399 6.67512 13.6772 6.53544 14.0361 6.53544C14.3949 6.53544 14.7323 6.67512 14.986 6.92889C15.51 7.4529 15.51 8.30512 14.9862 8.82892Z\" fill=\"#B7DB57\"><\/path><\/svg>\t\t\t\t\t\t<\/span>\n\t\t\t\t\t\t\t\t\t\t<span class=\"elementor-icon-list-text\"><b>Cumprir todos os requisitos legais aplic\u00e1veis<\/b> e com outros requisitos que a organiza\u00e7\u00e3o subscreva, relacionada com a preven\u00e7\u00e3o de riscos profissionais, os aspetos ambientais e a gest\u00e3o energ\u00e9tica.<\/span>\n\t\t\t\t\t\t\t\t\t<\/li>\n\t\t\t\t\t\t<\/ul>\n\t\t\t\t\t\t<\/div>\n\t\t\t\t<\/div>\n\t\t\t\t<\/div>\n\t\t\t\t<\/div>\n\t\t<div class=\"elementor-element elementor-element-369d022 e-con-full e-flex e-con e-child\" data-id=\"369d022\" data-element_type=\"container\" data-e-type=\"container\">\n\t\t\t\t<div class=\"elementor-element elementor-element-fd3fa04 elementor-align-center elementor-widget elementor-widget-button\" data-id=\"fd3fa04\" data-element_type=\"widget\" data-e-type=\"widget\" data-widget_type=\"button.default\">\n\t\t\t\t<div class=\"elementor-widget-container\">\n\t\t\t\t\t\t\t\t\t<div class=\"elementor-button-wrapper\">\n\t\t\t\t\t<a class=\"elementor-button elementor-button-link elementor-size-sm\" href=\"https:\/\/www.panelesach.com\/wp-content\/uploads\/2024\/10\/politica_ehs_saint_gobain.pdf\" target=\"_blank\">\n\t\t\t\t\t\t<span class=\"elementor-button-content-wrapper\">\n\t\t\t\t\t\t<span class=\"elementor-button-icon\">\n\t\t\t\t<svg xmlns=\"http:\/\/www.w3.org\/2000\/svg\" width=\"30\" height=\"30\" viewBox=\"0 0 30 30\" fill=\"none\"><path d=\"M26.3281 12.2773H24.5156C23.768 12.2773 23.1562 12.8891 23.1562 13.6367V19.9805C23.1562 20.2297 22.9523 20.4336 22.7031 20.4336H7.29688C7.04766 20.4336 6.84375 20.2297 6.84375 19.9805V13.6367C6.84375 12.8891 6.23204 12.2773 5.48438 12.2773H3.67188C2.92421 12.2773 2.3125 12.8891 2.3125 13.6367V23.6055C2.3125 24.3531 2.92421 24.9648 3.67188 24.9648H26.3281C27.0758 24.9648 27.6875 24.3531 27.6875 23.6055V13.6367C27.6875 12.8891 27.0758 12.2773 26.3281 12.2773Z\" fill=\"white\"><\/path><path d=\"M14.6199 18.4126C14.7814 18.6867 15.2196 18.6884 15.3811 18.4126L19.4593 12.0689C19.656 11.7806 19.4276 11.3606 19.0786 11.3711L17.2661 11.3711V4.57422C17.2661 4.325 17.0622 4.12109 16.813 4.12109H13.188C12.9388 4.12109 12.7349 4.325 12.7349 4.57422V11.3711H10.9224C10.5748 11.3604 10.3437 11.7808 10.5418 12.0689L14.6199 18.4126Z\" fill=\"white\"><\/path><\/svg>\t\t\t<\/span>\n\t\t\t\t\t\t\t\t\t<span class=\"elementor-button-text\">Seguran\u00e7a e Meio Ambiente (PDF)<\/span>\n\t\t\t\t\t<\/span>\n\t\t\t\t\t<\/a>\n\t\t\t\t<\/div>\n\t\t\t\t\t\t\t\t<\/div>\n\t\t\t\t<\/div>\n\t\t\t\t<\/div>\n\t\t\t\t\t<\/div>\n\t\t\t\t<\/div>\n\t\t\t\t<\/div>\n\t\t","protected":false},"excerpt":{"rendered":"<p>Sa\u00fade, Seguran\u00e7a e Meio Ambiente Para a Saint-Gobain Placo, Isover e ACH o respeito pelas pessoas e o meio ambiente constitui um aspeto fundamental e inerente \u00e0 pr\u00f3pria atividade produtiva, ao compromisso com o emprego e \u00e0 contribui\u00e7\u00e3o para um maior grau de conforto dos seus utilizadores. A Isover, Placo\u00ae e ACH trabalham para reduzir [&hellip;]<\/p>\n","protected":false},"author":1,"featured_media":0,"parent":0,"menu_order":0,"comment_status":"closed","ping_status":"closed","template":"","meta":{"_acf_changed":false,"footnotes":""},"class_list":["post-7357","page","type-page","status-publish","hentry"],"acf":[],"_links":{"self":[{"href":"https:\/\/www.panelesach.com\/pt-pt\/wp-json\/wp\/v2\/pages\/7357","targetHints":{"allow":["GET"]}}],"collection":[{"href":"https:\/\/www.panelesach.com\/pt-pt\/wp-json\/wp\/v2\/pages"}],"about":[{"href":"https:\/\/www.panelesach.com\/pt-pt\/wp-json\/wp\/v2\/types\/page"}],"author":[{"embeddable":true,"href":"https:\/\/www.panelesach.com\/pt-pt\/wp-json\/wp\/v2\/users\/1"}],"replies":[{"embeddable":true,"href":"https:\/\/www.panelesach.com\/pt-pt\/wp-json\/wp\/v2\/comments?post=7357"}],"version-history":[{"count":0,"href":"https:\/\/www.panelesach.com\/pt-pt\/wp-json\/wp\/v2\/pages\/7357\/revisions"}],"wp:attachment":[{"href":"https:\/\/www.panelesach.com\/pt-pt\/wp-json\/wp\/v2\/media?parent=7357"}],"curies":[{"name":"wp","href":"https:\/\/api.w.org\/{rel}","templated":true}]}}