{"id":5013,"date":"2024-11-14T11:44:54","date_gmt":"2024-11-14T10:44:54","guid":{"rendered":"https:\/\/www.panelesach.com\/?page_id=5013"},"modified":"2024-11-14T11:44:54","modified_gmt":"2024-11-14T10:44:54","slug":"aviso-legal","status":"publish","type":"page","link":"https:\/\/www.panelesach.com\/pt-pt\/aviso-legal\/","title":{"rendered":"Aviso Legal"},"content":{"rendered":"<p class=\"lead\"><em>Aviso Legal del Sitio Web Paneles ACH.<\/em><\/p>\n<p>&nbsp;<\/p>\n<p>Este sitio web es propiedad de:<\/p>\n<p><strong>SAINT-GOBAIN TRANSFORMADOS S.A.U.<\/strong><br \/>\n<strong>CIF:<\/strong>\u00a0A79081584<br \/>\n<strong>C\/ Los Corrales, Parcelas C5 y C6, Pol\u00edgono Industrial &#8220;La Ballestera&#8221;, 19208 &#8211; Alovera (Guadalajara)<\/strong><br \/>\n<strong>Inscrita en el Registro Mercantil de Madrid, Tomo 9.441 general 8.190, Secci\u00f3n 3<sup>a<\/sup>\u00a0del libro de Sociedades, Folio 166 y hoja 88.115.<\/strong><\/p>\n<p>El acceso y utilizaci\u00f3n de la p\u00e1gina web est\u00e1 sujeto a las condiciones siguientes:<\/p>\n<ol>\n<li>El usuario manifiesta haber le\u00eddo y aceptado expresamente el presente aviso legal al utilizar y registrarse en la p\u00e1gina web y \/ o los servicios que se ofrecen.<\/li>\n<li>El acceso al presente sitio web es bajo responsabilidad exclusiva del usuario. Los riesgos derivados de la utilizaci\u00f3n del presente sitio web por parte del usuario ser\u00e1n asumidos por este.<\/li>\n<li>Es responsabilidad del propio usuario tomar las precauciones necesarias que le aseguren la eliminaci\u00f3n de cualquier riesgo que pudiera producirse en los equipos y redes relacionados con la consulta, descarga y visualizaci\u00f3n de los contenidos y materiales de la p\u00e1gina web.<\/li>\n<li>El usuario se compromete a no utilizar el sitio web, ni los servicios y contenidos puestos a su disposici\u00f3n, con fines il\u00edcitos, no autorizados o fraudulentos, o con fines distintos a los establecidos en el presente aviso legal, que podr\u00edan perjudicar los intereses y\/o derechos del responsable de la web o de terceros.<\/li>\n<li>Se proh\u00edbe categ\u00f3ricamente hacer publicidad de otros sitios web, incluidos los enlaces a otras p\u00e1ginas y las referencias a terceros, sin la autorizaci\u00f3n expresa de los Administradores de este sitio web.<\/li>\n<li>El responsable de la web se reserva el derecho de actualizar los contenidos de estas p\u00e1ginas web cuando quiera, y tambi\u00e9n de eliminarlos y de limitar o impedir el acceso, de manera temporal o definitiva.<\/li>\n<li>El responsable de la web no se responsabiliza de los posibles errores tipogr\u00e1ficos, omisiones o inexactitudes que pueda contener el material que el Sitio Web muestra.<\/li>\n<li><u>Salvo que se indique lo contrario en el sitio web, los textos, im\u00e1genes, ilustraciones, dise\u00f1os y dem\u00e1s contenido incluido en el sitio web son propiedad de la empresa responsable de la web o de terceros de los que se ha obtenido autorizaci\u00f3n, licencia o cesi\u00f3n de uso.<\/u><\/li>\n<li>Salvo que se exprese expl\u00edcitamente lo contrario, queda prohibida la reproducci\u00f3n, copia, uso, distribuci\u00f3n, comercializaci\u00f3n, comunicaci\u00f3n p\u00fablica o cualquier otra actividad que se pueda hacer con el contenido sin contar con la autorizaci\u00f3n expresa por escrito del responsable de la web.<\/li>\n<li>En las zonas del portal o contenidos en que se indica de forma expresa la posibilidad de uso, el responsable de la web autoriza al usuario a hacer copia, reproducci\u00f3n, difusi\u00f3n del contenido, im\u00e1genes e informaci\u00f3n \u00fanica y exclusivamente con finalidades no comerciales siempre y cuando se cite la fuente original y no se atente contra los derechos de la empresa o terceros o se act\u00fae en contra la legislaci\u00f3n vigente y los principios de moralidad y buenas pr\u00e1cticas.<\/li>\n<li>El responsable de la web no se responsabiliza del contenido y la informaci\u00f3n de las p\u00e1ginas web de terceras personas conectadas por enlaces (links) con las p\u00e1ginas web del responsable de la web.<\/li>\n<li>El responsable de la web no se obliga a controlar las informaciones y las opiniones que los usuarios transmitan o del uso que \u00e9stos hagan de las informaciones y contenidos recogidos en la p\u00e1gina web. El responsable de la web se reserva el derecho de eliminar cualquier informaci\u00f3n u opini\u00f3n de los usuarios que sea contraria a la legalidad vigente, especialmente cuando signifique una vulneraci\u00f3n de los derechos y las libertades fundamentales de la persona.<\/li>\n<li>Esta p\u00e1gina web utiliza cookies sin recoger ning\u00fan dato personal ni confidencial tal y como se detalla en la\u00a0<a title=\"Pol\u00edtica de Cookies\" href=\"https:\/\/www.panelesach.com\/cookies\">pol\u00edtica de cookies<\/a>.<\/li>\n<li>El responsable de la web da estricto cumplimiento a la normativa vigente sobre Protecci\u00f3n de Datos de Car\u00e1cter Personal y la Ley de Servicios de la Sociedad de la Informaci\u00f3n y Correo Electr\u00f3nico (LSSICE) seg\u00fan se recoge en la\u00a0<a title=\"Pol\u00edtica de Privacidad\" href=\"https:\/\/www.panelesach.com\/politica-privacidad\">pol\u00edtica de privacidad<\/a>.<\/li>\n<\/ol>\n","protected":false},"excerpt":{"rendered":"<p>Aviso Legal del Sitio Web Paneles ACH. &nbsp; Este sitio web es propiedad de: SAINT-GOBAIN TRANSFORMADOS S.A.U. CIF:\u00a0A79081584 C\/ Los Corrales, Parcelas C5 y C6, Pol\u00edgono Industrial &#8220;La Ballestera&#8221;, 19208 &#8211; Alovera (Guadalajara) Inscrita en el Registro Mercantil de Madrid, Tomo 9.441 general 8.190, Secci\u00f3n 3a\u00a0del libro de Sociedades, Folio 166 y hoja 88.115. El [&hellip;]<\/p>\n","protected":false},"author":1,"featured_media":0,"parent":0,"menu_order":0,"comment_status":"closed","ping_status":"closed","template":"","meta":{"_acf_changed":false,"footnotes":""},"class_list":["post-5013","page","type-page","status-publish","hentry"],"acf":[],"_links":{"self":[{"href":"https:\/\/www.panelesach.com\/pt-pt\/wp-json\/wp\/v2\/pages\/5013","targetHints":{"allow":["GET"]}}],"collection":[{"href":"https:\/\/www.panelesach.com\/pt-pt\/wp-json\/wp\/v2\/pages"}],"about":[{"href":"https:\/\/www.panelesach.com\/pt-pt\/wp-json\/wp\/v2\/types\/page"}],"author":[{"embeddable":true,"href":"https:\/\/www.panelesach.com\/pt-pt\/wp-json\/wp\/v2\/users\/1"}],"replies":[{"embeddable":true,"href":"https:\/\/www.panelesach.com\/pt-pt\/wp-json\/wp\/v2\/comments?post=5013"}],"version-history":[{"count":0,"href":"https:\/\/www.panelesach.com\/pt-pt\/wp-json\/wp\/v2\/pages\/5013\/revisions"}],"wp:attachment":[{"href":"https:\/\/www.panelesach.com\/pt-pt\/wp-json\/wp\/v2\/media?parent=5013"}],"curies":[{"name":"wp","href":"https:\/\/api.w.org\/{rel}","templated":true}]}}