{"id":3,"date":"2024-09-04T10:02:36","date_gmt":"2024-09-04T10:02:36","guid":{"rendered":"https:\/\/www.panelesach.com\/?page_id=3"},"modified":"2025-11-14T11:48:43","modified_gmt":"2025-11-14T10:48:43","slug":"politica-privacidad","status":"publish","type":"page","link":"https:\/\/www.panelesach.com\/pt-pt\/politica-privacidad\/","title":{"rendered":"Politica de Privacidad"},"content":{"rendered":"\r\n<div class=\"col-md-12 row privacy\">\r\n<h3 class=\"wp-block-heading\">POL\u00cdTICA DE PRIVACIDAD DE SAINT GOBAIN TRANSFORMADOS<\/h3>\r\n<p>1.-\u00a0EN QU\u00c9 CONSISTE<\/p>\r\n<p>En SAINT GOBAIN TRANSFORMADOS, la Privacidad es un asunto serio y nos comprometemos a garantizarla. Esta Pol\u00edtica explica cu\u00e1ndo, por qu\u00e9 y c\u00f3mo:<\/p>\r\n<ul>\r\n<li>Recopilamos informaci\u00f3n personal sobre individuos.<\/li>\r\n<li>Utilizamos esta informaci\u00f3n.<\/li>\r\n<li>Comunicamos este tipo de datos a otros, cuando sea necesario y bajo ciertas condiciones.<\/li>\r\n<li>Mantenemos segura y confidencial esta informaci\u00f3n personal.<\/li>\r\n<\/ul>\r\n<p>Esta Pol\u00edtica puede cambiar, por lo tanto, consulte esta p\u00e1gina de vez en cuando para asegurarse de que sigue conforme tras los cambios.<\/p>\r\n<p>2.-\u00a0C\u00d3MO Y QU\u00c9 INFORMACI\u00d3N PERSONAL SE RECOGE<\/p>\r\n<p>Podemos recopilar y tratar la siguiente informaci\u00f3n personal:<\/p>\r\n<p>Informaci\u00f3n personal: informaci\u00f3n sobre usted que nos proporciona, de manera totalmente voluntaria, a trav\u00e9s de:<\/p>\r\n<ul>\r\n<li>Nuestros sitios Web.<\/li>\r\n<li>Nuestras aplicaciones m\u00f3viles.<\/li>\r\n<li>Plataformas de redes sociales.<\/li>\r\n<li>Mediante comunicaciones por tel\u00e9fono, correo electr\u00f3nico o de otro modo.<\/li>\r\n<li>Mediante formularios y documentos comerciales, de marketing, recursos humanos o contractuales.<\/li>\r\n<li>Mediante sistemas de seguridad o control de acceso o video vigilancia.<\/li>\r\n<\/ul>\r\n<p>Ejemplo: Esto incluye la informaci\u00f3n proporcionada al darle de alta como cliente o proveedor, visitarnos en nuestra planta, en el momento de registrarse en nuestro sitio Web, suscribirse a los servicios, publicar material, administrar su cuenta en l\u00ednea (incluido el acceso a la documentaci\u00f3n y mantener comunicaciones con nosotros por tel\u00e9fono, correo electr\u00f3nico o de otro tipo). Tambi\u00e9n podemos pedirle informaci\u00f3n cuando nos informe de un problema con nuestros productos, servicios o sitio\/s Web. Si completa las encuestas que solicitamos y las completa con fines de mejora de productos o servicios, control calidad, investigaci\u00f3n, etc. tambi\u00e9n recopilaremos informaci\u00f3n en dichas circunstancias.<\/p>\r\n<p>La informaci\u00f3n que nos proporciona puede ser en relaci\u00f3n con: Su identificaci\u00f3n, como su nombre, direcci\u00f3n, direcci\u00f3n de correo electr\u00f3nico y n\u00famero de tel\u00e9fono, o detalles de la consulta, y puede incluir registros de cualquier comunicaci\u00f3n y respuestas a cualquier encuesta.<\/p>\r\n<p>Informaci\u00f3n personal que recopilamos sobre usted:\u00a0podemos recopilar autom\u00e1ticamente la siguiente informaci\u00f3n:<\/p>\r\n<ul>\r\n<li>Detalles de las transacciones que lleva a cabo a trav\u00e9s de los sitios Webs Business, 2 Business y sus visitas a la mismas, incluidos, entre otros, datos de tr\u00e1fico, datos de ubicaci\u00f3n, weblogs y otros datos de comunicaci\u00f3n, y los recursos a los que accede.<\/li>\r\n<li>Informaci\u00f3n t\u00e9cnica, recopilaci\u00f3n autom\u00e1tica, incluidos datos an\u00f3nimos recopilados por el servidor de alojamiento con fines estad\u00edsticos, la direcci\u00f3n de protocolo de Internet (IP) utilizada para conectar su computadora o dispositivo a Internet, tipo y versi\u00f3n del navegador, configuraci\u00f3n de zona horaria, complemento del navegador tipos y versiones, sistema operativo y plataforma. Por favor, consulte las cookies para obtener m\u00e1s informaci\u00f3n.<\/li>\r\n<li>Cualquier informaci\u00f3n personal que usted comparta voluntariamente con nosotros y que forme parte de su perfil p\u00fablico o red social de terceros.<\/li>\r\n<\/ul>\r\n<p>Informaci\u00f3n personal que podemos recibir de otras fuentes:\u00a0Obtenemos cierta informaci\u00f3n personal sobre usted de fuentes externas a nuestra empresa que pueden incluir nuestras compa\u00f1\u00edas del Grupo u otras compa\u00f1\u00edas de terceros, siempre y cuando cuente con su autorizaci\u00f3n expresa.<\/p>\r\n<p>Las disposiciones restantes de esta Pol\u00edtica tambi\u00e9n se aplican a cualquier informaci\u00f3n personal que obtengamos de estas fuentes.<\/p>\r\n<p>3.-\u00a0POR QU\u00c9 Y C\u00d3MO USAMOS SU INFORMACI\u00d3N PERSONAL<\/p>\r\n<p>Procesamos su informaci\u00f3n personal legalmente para las siguientes finalidades:<\/p>\r\n<ul>\r\n<li>Proveerle de los servicios y productos que nos solicite.<\/li>\r\n<li>Gestionar la relaci\u00f3n contractual que tengamos con usted.<\/li>\r\n<li>Gestionar la comunicaci\u00f3n y el intercambio de informaci\u00f3n con los usuarios de nuestros sitios Web.<\/li>\r\n<li>Administrar nuestra relaci\u00f3n clientes \/ prospectos, especialmente responder a sus solicitudes o enviarle regularmente noticias e informaci\u00f3n sobre nuestros productos, nuestras marcas o nuestras iniciativas que puedan despertar su inter\u00e9s.<\/li>\r\n<li>Cualquier otro prop\u00f3sito espec\u00edfico que describamos cuando recopilamos la informaci\u00f3n.<\/li>\r\n<\/ul>\r\n<p>\u00danicamente trataremos sus datos para aquella finalidad que le haya sido informada durante la recogida de sus datos y contando con su consentimiento expreso para cada finalidad concreta.<\/p>\r\n<p>Podemos usar y tratar su informaci\u00f3n personal principalmente:<\/p>\r\n<ul>\r\n<li>Donde ha proporcionado un\u00a0<em>CONSENTIMIENTO<\/em>\u00a0libre y expl\u00edcito y para fines espec\u00edficos, determinados y leg\u00edtimos.<\/li>\r\n<\/ul>\r\n<p>Puede retirar su consentimiento para que usemos su informaci\u00f3n en cualquier momento.<\/p>\r\n<ul>\r\n<li>Cuando existan\u00a0<em>INTERESES LEG\u00cdTIMOS<\/em>\u00a0por parte del negocio, siempre que sus intereses o sus derechos y libertades fundamentales no sean primordiales, tomando en consideraci\u00f3n sus expectativas razonables, basadas en su relaci\u00f3n con nosotros.<\/li>\r\n<\/ul>\r\n<p>Por ejemplo, para las siguientes finalidades:<\/p>\r\n<ul>\r\n<li>Evaluar y mejorar nuestro servicio a los clientes a trav\u00e9s de grabaciones de cualquier llamada con nuestros centros de contacto.<\/li>\r\n<li>Detecci\u00f3n, prevenci\u00f3n y mitigaci\u00f3n de actividades fraudulentas u otras actividades ilegales.<\/li>\r\n<li>Seguridad de la red y de la informaci\u00f3n para que podamos tomar medidas para proteger su informaci\u00f3n contra p\u00e9rdida o da\u00f1o, robo o acceso no autorizado.<\/li>\r\n<li>Gesti\u00f3n de la seguridad de las instalaciones y control de acceso f\u00edsico.<\/li>\r\n<li>Cuando ser necesario para\u00a0<em>CUMPLIR CON UNA OBLIGACI\u00d3N LEGAL<\/em>\u00a0y en particular:\r\n<ul>\r\n<li>Ayudar a la autoridad p\u00fablica o al cuerpo de investigaci\u00f3n criminal.<\/li>\r\n<li>Identificarlo cuando se contacte con nosotros bajo ciertas circunstancias legales.<\/li>\r\n<li>Para verificar la exactitud de los datos que tenemos sobre usted.<\/li>\r\n<li>Cuando sea necesario para el DESARROLLO o EJECUCI\u00d3N UN CONTRATO que tenemos con usted, o porque nos ha pedido que tomemos medidas espec\u00edficas antes de celebrar un contrato. Esto incluir\u00e1 la informaci\u00f3n que tratamos para permitirle hacer uso de nuestro sitio Web y los servicios que proporcionamos a trav\u00e9s de \u00e9l.<\/li>\r\n<\/ul>\r\n<\/li>\r\n<\/ul>\r\n<p>En ning\u00fan caso se llevar\u00e1n a cabo decisiones automatizadas a partir de sus datos.<\/p>\r\n<p>4.-\u00a0QUI\u00c9N PUEDE RECIBIR O TENER ACCESO A SU INFORMACI\u00d3N PERSONAL<\/p>\r\n<p>Empresas del grupo:<br \/>Podemos transmitir su informaci\u00f3n con otras compa\u00f1\u00edas dentro del Grupo Saint Gobain, al que pertenece SAINT GOBAIN TRANSFORMADOS, para fines administrativos internos o en relaci\u00f3n con los productos y\/o servicios que complementan la propia gama de productos y\/o servicios que ha solicitado.<\/p>\r\n<p>Tambi\u00e9n podemos transmitir su informaci\u00f3n personal cuando redirigimos su solicitud a nuestros contactos dentro del Grupo que pueden gestionar su solicitud (por ejemplo, para resolver un problema del que nos ha informado).<\/p>\r\n<p>Nuestros proveedores y proveedores de servicios:<br \/>Podemos divulgar su informaci\u00f3n a nuestros proveedores de servicios externos, agentes, subcontratistas y otras organizaciones \u00fanicamente con el fin de proporcionarnos servicios o directamente a usted en nuestro nombre, de los servicios que nos ha solicitado usted. Dichos terceros pueden incluir proveedores de servicios en la nube (como hosting y administraci\u00f3n de correo electr\u00f3nico) o agencias de publicidad, servicios administrativos, procesadores de pagos con tarjeta de cr\u00e9dito \/ d\u00e9bito, encuestas de satisfacci\u00f3n del cliente u otros terceros que nos brinden servicios y nos ayuden en el funcionamiento de negocios y sitio web.<\/p>\r\n<p>Cuando utilizamos proveedores de servicios externos solo se transmite informaci\u00f3n personal necesaria para que ellos brinden sus servicios y siempre tenemos un contrato en vigor por el que se exige al proveedor que mantenga su informaci\u00f3n segura y confidencial, y no la use de otra forma que la indicada en nuestras instrucciones espec\u00edficas.<\/p>\r\n<p>Terceros que le proporcionan productos y servicios a trav\u00e9s de nosotros:<br \/>Trabajamos estrechamente con varios terceros para ofrecerle una gama de productos y servicios que son complementarios a los que ofrecemos. En particular, podemos ofrecer productos de finanzas o seguros en relaci\u00f3n con nuestros propios productos y servicios.<\/p>\r\n<p>Cuando solicite informaci\u00f3n sobre uno o m\u00e1s de estos productos o servicios a trav\u00e9s de nosotros, el tercero correspondiente podr\u00e1 utilizar sus datos para proporcionarle informaci\u00f3n y cumplir con sus obligaciones derivadas de los contratos que haya celebrado con ellos. Estos proveedores de productos de terceros pueden compartir su informaci\u00f3n con nosotros y la utilizaremos de acuerdo con esta Pol\u00edtica.<\/p>\r\n<p>En algunos casos, actuar\u00e1n como controladores de su informaci\u00f3n y, por lo tanto, le recomendamos que lea su propia Pol\u00edtica de Privacidad.<\/p>\r\n<p>Otras formas en que podemos compartir su informaci\u00f3n personal:<br \/>Podemos transmitir su informaci\u00f3n personal:<\/p>\r\n<ul>\r\n<li>Si tenemos la obligaci\u00f3n para cumplir con cualquier obligaci\u00f3n legal o cuando esta divulgaci\u00f3n sea requerida por leyes aplicables, \u00f3rdenes judiciales o regulaciones gubernamentales, para detectar o informar un delito, para hacer cumplir o aplicar los t\u00e9rminos de nuestros contratos o para proteger los derechos, propiedad o seguridad de nuestros visitantes y clientes.<\/li>\r\n<li>Para hacer cumplir nuestros T\u00e9rminos de uso, para proteger los derechos, la privacidad, la seguridad o la propiedad de nuestras empresas.<\/li>\r\n<li>Si ha consentido expresamente a una comunicaci\u00f3n concreta para una finalidad determinada.<\/li>\r\n<\/ul>\r\n<p>Sin embargo, siempre tomaremos las medidas adecuadas con el objetivo de garantizar que sus derechos de Privacidad contin\u00faen protegidos.<\/p>\r\n<p>5.-\u00a0D\u00d3NDE ALMACENAMOS SU INFORMACI\u00d3N PERSONAL<\/p>\r\n<p>Su informaci\u00f3n se almacena en nuestras bases de datos o en las bases de datos de nuestros proveedores de servicios. Debido principalmente a la dimensi\u00f3n internacional del Grupo Saint-Gobain y para optimizar la calidad de los servicios, la informaci\u00f3n que nos proporciona puede transferirse a pa&amp;iacite;ses fuera del Espacio Econ\u00f3mico Europeo (EEE).<\/p>\r\n<p>En tal caso, tomaremos medidas para garantizar que se tomen las medidas de seguridad y confidencialidad adecuadas con el objetivo de garantizar que sus derechos contin\u00faen protegidos como se describe en esta Pol\u00edtica.<\/p>\r\n<p>Estos pasos incluyen imponer obligaciones contractuales al receptor de su informaci\u00f3n personal o garantizar que los destinatarios est\u00e9n suscritos a &#8220;marcos internacionales&#8221; tendentes a garantizar una protecci\u00f3n adecuada.<\/p>\r\n<p>6.-\u00a0CU\u00c1NTO TIEMPO MANTENEMOS SU INFORMACI\u00d3N PERSONAL<\/p>\r\n<p>Conservamos su informaci\u00f3n personal durante un per\u00edodo de tiempo necesario para lograr el prop\u00f3sito para el que usamos esa informaci\u00f3n y nuestras obligaciones legales.<\/p>\r\n<p>Una vez finalizado el servicio o relaci\u00f3n contractual que hayan motivado el tratamiento, o bien revoque su consentimiento, procederemos a destruir sus datos; excepto que existan posibles obligaciones legales de SAINTGOBAIN TRANSFORMADOS.<\/p>\r\n<p>No retenemos informaci\u00f3n personal en un formato identificable por m\u00e1s tiempo del necesario.<\/p>\r\n<p>7.-\u00a0SUS DERECHOS<\/p>\r\n<p>Sujeto a la ley aplicable y ciertas exenciones, restricciones o circunstancias, usted puede tener derecho a:<\/p>\r\n<ul>\r\n<li>Acceder a su informaci\u00f3n personal. (Acceso)<\/li>\r\n<li>Corregir, modificar y actualizar su informaci\u00f3n personal. (Rectificaci\u00f3n)<\/li>\r\n<li>Borrar su informaci\u00f3n personal o restringir su procesamiento. (Supresi\u00f3n y derecho al olvido)<\/li>\r\n<li>Retirar su consentimiento. (Supresi\u00f3n u oposici\u00f3n)<\/li>\r\n<li>Oponerse a nuestro uso de su informaci\u00f3n personal para decisiones automatizadas tomadas sobre usted.(Oposici\u00f3n)<\/li>\r\n<li>Solicitarnos que transfiramos su informaci\u00f3n personal en un archivo de datos estructurados.(Portabilidad de datos)<\/li>\r\n<\/ul>\r\n<p>Estos derechos pueden ejercerse mediante una solicitud por escrito a la direcci\u00f3n que figura en CONTACTENOS.<\/p>\r\n<p>Se le proporcionar\u00f3 una respuesta dentro de un plazo razonable, de acuerdo con las regulaciones aplicables y en un t\u00e9rmino m\u00e1ximo de un mes. Si usted considera que SAINT-GOBAIN TRANSFORMADOS SAU ha incumplido alguno de los preceptos establecidos en la normativa de protecci\u00f3n de datos podr\u00e1 interponer una reclamaci\u00f3n ante la Agencia Espa\u00f1ola de Protecci\u00f3n de Datos (<a href=\"http:\/\/www.aepd.es\/\" target=\"_blank\" rel=\"noopener\">www.aepd.es<\/a>) u otro Organismo Supervisor que vele por el cumplimiento de la legislaci\u00f3n de protecci\u00f3n de datos (LOPD).<\/p>\r\n<p>8.-\u00a0SEGURIDAD Y CONFIDENCIALIDAD<\/p>\r\n<p>Nuestro objetivo es mantener siempre sus datos lo m\u00e1s seguros posible. Una vez que hayamos recibido su informaci\u00f3n personal, implementamos medidas y controles razonables y apropiados para evitar, tanto como sea posible, cualquier destrucci\u00f3n, p\u00e9rdida, alteraci\u00f3n o acceso no autorizado accidental o ilegal.<\/p>\r\n<p>9.-\u00a0CAMBIOS A ESTA POL\u00cdTICA<\/p>\r\n<p>Podemos revisar esta Pol\u00edtica de vez en cuando y cualquier cambio ser\u00e1 notificado al publicar una versi\u00f3n actualizada en esta p\u00e1gina y anotar la fecha de la revisi\u00f3n m\u00e1s reciente.<\/p>\r\n<p>10.-\u00a0CONT\u00c1CTENOS<\/p>\r\n<p>Dirija cualquier consulta por escrito sobre esta Pol\u00edtica o sobre la forma en que procesamos su informaci\u00f3n personal a nuestro Corresponsal de Privacidad y \/ o Delegado de Protecci\u00f3n de datos usando nuestros datos de contacto a continuaci\u00f3n:<\/p>\r\n<p>&nbsp;<\/p>\r\n<\/div>\r\n<div class=\"col-md-12 row privacy\">\r\n<table border=\"1\">\r\n<tbody>\r\n<tr>\r\n<td>\r\n<div class=\"col-md-6 col-xs-12\">\r\n<h4>CORRESPONSAL DE PRIVACIDAD<\/h4>\r\n<p>Direcci\u00f3n postal: SAINT GOBAIN TRANSFORMADOS<\/p>\r\n<p>Corresponsal de Privacidad<\/p>\r\n<p>Avenida del Vidrio, s\/n 19200, Azuqueca de Henares, Guadalajara<\/p>\r\n<p>Correo electr\u00f3nico:\u00a0<a href=\"mailto:PrivacyContact.TRANSFORMADOS.ESP@saint-gobain.com\" target=\"_blank\" rel=\"noopener\">PrivacyContact.TRANSFORMADOS.ESP@saint-gobain.com<\/a><\/p>\r\n<\/div>\r\n<\/td>\r\n<td>\r\n<div class=\"col-md-6 col-xs-12\">\r\n<h4>DELEGADO DE PROTECCION DE DATOS<\/h4>\r\n<p>Direcci\u00f3n postal: Grupo Saint Gobain Espa\u00f1a<\/p>\r\n<p>Delegado de Protecci\u00f3n de Datos<\/p>\r\n<p>C\/ Pr\u00edncipe de Vergara 132, 28002 Madrid<\/p>\r\n<\/div>\r\n<\/td>\r\n<\/tr>\r\n<\/tbody>\r\n<\/table>\r\n<\/div>\r\n<div class=\"col-md-12 row-fluid privacy text-right\">\r\n<p>Esta Pol\u00edtica se actualiz\u00f3 por \u00faltima vez en\u00a0Diciembre de 2018.<\/p>\r\n<\/div>","protected":false},"excerpt":{"rendered":"<p>POL\u00cdTICA DE PRIVACIDAD DE SAINT GOBAIN TRANSFORMADOS 1.-\u00a0EN QU\u00c9 CONSISTE En SAINT GOBAIN TRANSFORMADOS, la Privacidad es un asunto serio y nos comprometemos a garantizarla. Esta Pol\u00edtica explica cu\u00e1ndo, por qu\u00e9 y c\u00f3mo: Recopilamos informaci\u00f3n personal sobre individuos. Utilizamos esta informaci\u00f3n. Comunicamos este tipo de datos a otros, cuando sea necesario y bajo ciertas condiciones. [&hellip;]<\/p>\n","protected":false},"author":1,"featured_media":0,"parent":0,"menu_order":0,"comment_status":"closed","ping_status":"open","template":"","meta":{"_acf_changed":false,"footnotes":""},"class_list":["post-3","page","type-page","status-publish","hentry"],"acf":[],"_links":{"self":[{"href":"https:\/\/www.panelesach.com\/pt-pt\/wp-json\/wp\/v2\/pages\/3","targetHints":{"allow":["GET"]}}],"collection":[{"href":"https:\/\/www.panelesach.com\/pt-pt\/wp-json\/wp\/v2\/pages"}],"about":[{"href":"https:\/\/www.panelesach.com\/pt-pt\/wp-json\/wp\/v2\/types\/page"}],"author":[{"embeddable":true,"href":"https:\/\/www.panelesach.com\/pt-pt\/wp-json\/wp\/v2\/users\/1"}],"replies":[{"embeddable":true,"href":"https:\/\/www.panelesach.com\/pt-pt\/wp-json\/wp\/v2\/comments?post=3"}],"version-history":[{"count":0,"href":"https:\/\/www.panelesach.com\/pt-pt\/wp-json\/wp\/v2\/pages\/3\/revisions"}],"wp:attachment":[{"href":"https:\/\/www.panelesach.com\/pt-pt\/wp-json\/wp\/v2\/media?parent=3"}],"curies":[{"name":"wp","href":"https:\/\/api.w.org\/{rel}","templated":true}]}}