{"id":8210,"date":"2024-09-18T09:35:38","date_gmt":"2024-09-18T07:35:38","guid":{"rendered":"https:\/\/www.panelesach.com\/compliance\/"},"modified":"2024-12-11T09:36:57","modified_gmt":"2024-12-11T08:36:57","slug":"compliance","status":"publish","type":"page","link":"https:\/\/www.panelesach.com\/fr\/compliance\/","title":{"rendered":"Compliance"},"content":{"rendered":"\t\t<div data-elementor-type=\"wp-page\" data-elementor-id=\"8210\" class=\"elementor elementor-8210 elementor-127\" data-elementor-post-type=\"page\">\n\t\t\t\t<div class=\"elementor-element elementor-element-c9d5876 e-flex e-con-boxed e-con e-parent\" data-id=\"c9d5876\" data-element_type=\"container\" data-e-type=\"container\">\n\t\t\t\t\t<div class=\"e-con-inner\">\n\t\t\t\t<div class=\"elementor-element elementor-element-38eb7ef elementor-widget elementor-widget-heading\" data-id=\"38eb7ef\" data-element_type=\"widget\" data-e-type=\"widget\" data-widget_type=\"heading.default\">\n\t\t\t\t<div class=\"elementor-widget-container\">\n\t\t\t\t\t<h1 class=\"elementor-heading-title elementor-size-default\">Compliance - Programme de conformit\u00e9<\/h1>\t\t\t\t<\/div>\n\t\t\t\t<\/div>\n\t\t\t\t\t<\/div>\n\t\t\t\t<\/div>\n\t\t<div class=\"elementor-element elementor-element-164cf42 e-flex e-con-boxed e-con e-parent\" data-id=\"164cf42\" data-element_type=\"container\" data-e-type=\"container\">\n\t\t\t\t\t<div class=\"e-con-inner\">\n\t\t<div class=\"elementor-element elementor-element-fa4737c e-con-full e-flex e-con e-child\" data-id=\"fa4737c\" data-element_type=\"container\" data-e-type=\"container\" data-settings=\"{&quot;background_background&quot;:&quot;classic&quot;}\">\n\t\t\t\t<div class=\"elementor-element elementor-element-ec1f8ef elementor-widget elementor-widget-image\" data-id=\"ec1f8ef\" data-element_type=\"widget\" data-e-type=\"widget\" data-widget_type=\"image.default\">\n\t\t\t\t<div class=\"elementor-widget-container\">\n\t\t\t\t\t\t\t\t\t\t\t\t\t\t\t<img fetchpriority=\"high\" decoding=\"async\" width=\"284\" height=\"283\" src=\"https:\/\/www.panelesach.com\/wp-content\/uploads\/2024\/09\/compliance.png\" class=\"attachment-large size-large wp-image-5299\" alt=\"\" srcset=\"https:\/\/www.panelesach.com\/wp-content\/uploads\/2024\/09\/compliance.png 284w, https:\/\/www.panelesach.com\/wp-content\/uploads\/2024\/09\/compliance-150x150.png 150w\" sizes=\"(max-width: 284px) 100vw, 284px\" \/>\t\t\t\t\t\t\t\t\t\t\t\t\t\t\t<\/div>\n\t\t\t\t<\/div>\n\t\t\t\t<div class=\"elementor-element elementor-element-92402fd elementor-widget elementor-widget-text-editor\" data-id=\"92402fd\" data-element_type=\"widget\" data-e-type=\"widget\" data-widget_type=\"text-editor.default\">\n\t\t\t\t<div class=\"elementor-widget-container\">\n\t\t\t\t\t\t\t\t\t<p>Le monde dans lequel nous vivons conna\u00eet de profonds changements : nous \u00e9voluons vers des \u00e9conomies plus vertes, nous aspirons \u00e0 un ancrage plus local et nous nous dirigeons vers le \u00ab tout num\u00e9rique \u00bb.<\/p>\n<p>Ces d\u00e9fis, qui n\u00e9cessitent des adaptations, peuvent pr\u00e9senter des risques pour les entreprises.<\/p>\n<p>Souhaitez-vous examiner ces informations plus en d\u00e9tail ?<\/p>\n\t\t\t\t\t\t\t\t<\/div>\n\t\t\t\t<\/div>\n\t\t\t\t<div class=\"elementor-element elementor-element-80912d0 elementor-align-center elementor-widget elementor-widget-button\" data-id=\"80912d0\" data-element_type=\"widget\" data-e-type=\"widget\" data-widget_type=\"button.default\">\n\t\t\t\t<div class=\"elementor-widget-container\">\n\t\t\t\t\t\t\t\t\t<div class=\"elementor-button-wrapper\">\n\t\t\t\t\t<a class=\"elementor-button elementor-button-link elementor-size-sm\" href=\"https:\/\/www.panelesach.com\/wp-content\/uploads\/2024\/10\/resumen_nota_comply_21_v2_0.pdf\" target=\"_blank\">\n\t\t\t\t\t\t<span class=\"elementor-button-content-wrapper\">\n\t\t\t\t\t\t<span class=\"elementor-button-icon\">\n\t\t\t\t<svg xmlns=\"http:\/\/www.w3.org\/2000\/svg\" width=\"30\" height=\"30\" viewBox=\"0 0 30 30\" fill=\"none\"><path d=\"M26.3281 12.2773H24.5156C23.768 12.2773 23.1562 12.8891 23.1562 13.6367V19.9805C23.1562 20.2297 22.9523 20.4336 22.7031 20.4336H7.29688C7.04766 20.4336 6.84375 20.2297 6.84375 19.9805V13.6367C6.84375 12.8891 6.23204 12.2773 5.48438 12.2773H3.67188C2.92421 12.2773 2.3125 12.8891 2.3125 13.6367V23.6055C2.3125 24.3531 2.92421 24.9648 3.67188 24.9648H26.3281C27.0758 24.9648 27.6875 24.3531 27.6875 23.6055V13.6367C27.6875 12.8891 27.0758 12.2773 26.3281 12.2773Z\" fill=\"white\"><\/path><path d=\"M14.6199 18.4126C14.7814 18.6867 15.2196 18.6884 15.3811 18.4126L19.4593 12.0689C19.656 11.7806 19.4276 11.3606 19.0786 11.3711L17.2661 11.3711V4.57422C17.2661 4.325 17.0622 4.12109 16.813 4.12109H13.188C12.9388 4.12109 12.7349 4.325 12.7349 4.57422V11.3711H10.9224C10.5748 11.3604 10.3437 11.7808 10.5418 12.0689L14.6199 18.4126Z\" fill=\"white\"><\/path><\/svg>\t\t\t<\/span>\n\t\t\t\t\t\t\t\t\t<span class=\"elementor-button-text\">T\u00e9l\u00e9chargez le document en PDF <\/span>\n\t\t\t\t\t<\/span>\n\t\t\t\t\t<\/a>\n\t\t\t\t<\/div>\n\t\t\t\t\t\t\t\t<\/div>\n\t\t\t\t<\/div>\n\t\t\t\t<\/div>\n\t\t<div class=\"elementor-element elementor-element-9d189e2 e-con-full e-flex e-con e-child\" data-id=\"9d189e2\" data-element_type=\"container\" data-e-type=\"container\" data-settings=\"{&quot;background_background&quot;:&quot;classic&quot;}\">\n\t\t\t\t<div class=\"elementor-element elementor-element-1a87fdc elementor-widget elementor-widget-image\" data-id=\"1a87fdc\" data-element_type=\"widget\" data-e-type=\"widget\" data-widget_type=\"image.default\">\n\t\t\t\t<div class=\"elementor-widget-container\">\n\t\t\t\t\t\t\t\t\t\t\t\t\t\t\t<img decoding=\"async\" width=\"218\" height=\"218\" src=\"https:\/\/www.panelesach.com\/wp-content\/uploads\/2024\/09\/compliance-principios.png\" class=\"attachment-large size-large wp-image-5293\" alt=\"\" srcset=\"https:\/\/www.panelesach.com\/wp-content\/uploads\/2024\/09\/compliance-principios.png 218w, https:\/\/www.panelesach.com\/wp-content\/uploads\/2024\/09\/compliance-principios-150x150.png 150w\" sizes=\"(max-width: 218px) 100vw, 218px\" \/>\t\t\t\t\t\t\t\t\t\t\t\t\t\t\t<\/div>\n\t\t\t\t<\/div>\n\t\t<div class=\"elementor-element elementor-element-9d2dcf7 e-con-full e-flex e-con e-child\" data-id=\"9d2dcf7\" data-element_type=\"container\" data-e-type=\"container\">\n\t\t\t\t<div class=\"elementor-element elementor-element-1176e72 elementor-widget elementor-widget-text-editor\" data-id=\"1176e72\" data-element_type=\"widget\" data-e-type=\"widget\" data-widget_type=\"text-editor.default\">\n\t\t\t\t<div class=\"elementor-widget-container\">\n\t\t\t\t\t\t\t\t\t<p>Les <strong>Principes de conduite et d&rsquo;action<\/strong> contiennent les valeurs fondamentales du groupe :<\/p>\n<p><strong>Conduite: <\/strong>engagement professionnel, respect d\u2019autrui, int\u00e9grit\u00e9, loyaut\u00e9 et solidarit\u00e9.<\/p>\n<p><strong>Action:<\/strong> respect de la loi, de l\u2019environnement, de la sant\u00e9 et de la s\u00e9curit\u00e9 des travailleurs et des droits des salari\u00e9s.<\/p>\n\t\t\t\t\t\t\t\t<\/div>\n\t\t\t\t<\/div>\n\t\t\t\t<div class=\"elementor-element elementor-element-3103de7 elementor-align-left elementor-widget elementor-widget-button\" data-id=\"3103de7\" data-element_type=\"widget\" data-e-type=\"widget\" data-widget_type=\"button.default\">\n\t\t\t\t<div class=\"elementor-widget-container\">\n\t\t\t\t\t\t\t\t\t<div class=\"elementor-button-wrapper\">\n\t\t\t\t\t<a class=\"elementor-button elementor-button-link elementor-size-sm\" href=\"#elementor-action%3Aaction%3Dpopup%3Aopen%26settings%3DeyJpZCI6ODIxMiwidG9nZ2xlIjpmYWxzZX0%3D\">\n\t\t\t\t\t\t<span class=\"elementor-button-content-wrapper\">\n\t\t\t\t\t\t\t\t\t<span class=\"elementor-button-text\">En savoir plus<\/span>\n\t\t\t\t\t<\/span>\n\t\t\t\t\t<\/a>\n\t\t\t\t<\/div>\n\t\t\t\t\t\t\t\t<\/div>\n\t\t\t\t<\/div>\n\t\t\t\t<\/div>\n\t\t\t\t<\/div>\n\t\t<div class=\"elementor-element elementor-element-5a76ec3 e-con-full e-flex e-con e-child\" data-id=\"5a76ec3\" data-element_type=\"container\" data-e-type=\"container\" data-settings=\"{&quot;background_background&quot;:&quot;classic&quot;}\">\n\t\t\t\t<div class=\"elementor-element elementor-element-ae876e6 elementor-widget elementor-widget-image\" data-id=\"ae876e6\" data-element_type=\"widget\" data-e-type=\"widget\" data-widget_type=\"image.default\">\n\t\t\t\t<div class=\"elementor-widget-container\">\n\t\t\t\t\t\t\t\t\t\t\t\t\t\t\t<img decoding=\"async\" width=\"218\" height=\"219\" src=\"https:\/\/www.panelesach.com\/wp-content\/uploads\/2024\/09\/compliance-anticorrupcion.png\" class=\"attachment-large size-large wp-image-5302\" alt=\"\" srcset=\"https:\/\/www.panelesach.com\/wp-content\/uploads\/2024\/09\/compliance-anticorrupcion.png 218w, https:\/\/www.panelesach.com\/wp-content\/uploads\/2024\/09\/compliance-anticorrupcion-150x150.png 150w\" sizes=\"(max-width: 218px) 100vw, 218px\" \/>\t\t\t\t\t\t\t\t\t\t\t\t\t\t\t<\/div>\n\t\t\t\t<\/div>\n\t\t<div class=\"elementor-element elementor-element-5316414 e-con-full e-flex e-con e-child\" data-id=\"5316414\" data-element_type=\"container\" data-e-type=\"container\">\n\t\t\t\t<div class=\"elementor-element elementor-element-a80bb0a elementor-widget elementor-widget-text-editor\" data-id=\"a80bb0a\" data-element_type=\"widget\" data-e-type=\"widget\" data-widget_type=\"text-editor.default\">\n\t\t\t\t<div class=\"elementor-widget-container\">\n\t\t\t\t\t\t\t\t\t<p><strong>Saint-Gobain<\/strong> a \u00e9galement affirm\u00e9 son engagement \u00e0 lutter contre la corruption et \u00e0 respecter la loi.<\/p>\n<p>Dans le cadre de la <strong>lutte contre la corruption<\/strong>, dix principaux domaines de risque ont \u00e9t\u00e9 identifi\u00e9s<\/p>\n\t\t\t\t\t\t\t\t<\/div>\n\t\t\t\t<\/div>\n\t\t\t\t<div class=\"elementor-element elementor-element-dec1324 elementor-align-left elementor-widget elementor-widget-button\" data-id=\"dec1324\" data-element_type=\"widget\" data-e-type=\"widget\" data-widget_type=\"button.default\">\n\t\t\t\t<div class=\"elementor-widget-container\">\n\t\t\t\t\t\t\t\t\t<div class=\"elementor-button-wrapper\">\n\t\t\t\t\t<a class=\"elementor-button elementor-button-link elementor-size-sm\" href=\"#elementor-action%3Aaction%3Dpopup%3Aopen%26settings%3DeyJpZCI6ODIxMSwidG9nZ2xlIjpmYWxzZX0%3D\">\n\t\t\t\t\t\t<span class=\"elementor-button-content-wrapper\">\n\t\t\t\t\t\t\t\t\t<span class=\"elementor-button-text\">En savoir plus<\/span>\n\t\t\t\t\t<\/span>\n\t\t\t\t\t<\/a>\n\t\t\t\t<\/div>\n\t\t\t\t\t\t\t\t<\/div>\n\t\t\t\t<\/div>\n\t\t\t\t<\/div>\n\t\t\t\t<\/div>\n\t\t<div class=\"elementor-element elementor-element-af8937d e-con-full e-flex e-con e-child\" data-id=\"af8937d\" data-element_type=\"container\" data-e-type=\"container\" data-settings=\"{&quot;background_background&quot;:&quot;classic&quot;}\">\n\t\t\t\t<div class=\"elementor-element elementor-element-eb4dfbf elementor-widget elementor-widget-image\" data-id=\"eb4dfbf\" data-element_type=\"widget\" data-e-type=\"widget\" data-widget_type=\"image.default\">\n\t\t\t\t<div class=\"elementor-widget-container\">\n\t\t\t\t\t\t\t\t\t\t\t\t\t\t\t<img loading=\"lazy\" decoding=\"async\" width=\"218\" height=\"218\" src=\"https:\/\/www.panelesach.com\/wp-content\/uploads\/2024\/09\/compliance-competencia.png\" class=\"attachment-large size-large wp-image-5305\" alt=\"\" srcset=\"https:\/\/www.panelesach.com\/wp-content\/uploads\/2024\/09\/compliance-competencia.png 218w, https:\/\/www.panelesach.com\/wp-content\/uploads\/2024\/09\/compliance-competencia-150x150.png 150w\" sizes=\"(max-width: 218px) 100vw, 218px\" \/>\t\t\t\t\t\t\t\t\t\t\t\t\t\t\t<\/div>\n\t\t\t\t<\/div>\n\t\t<div class=\"elementor-element elementor-element-ad706dd e-con-full e-flex e-con e-child\" data-id=\"ad706dd\" data-element_type=\"container\" data-e-type=\"container\">\n\t\t\t\t<div class=\"elementor-element elementor-element-e7616f4 elementor-widget elementor-widget-text-editor\" data-id=\"e7616f4\" data-element_type=\"widget\" data-e-type=\"widget\" data-widget_type=\"text-editor.default\">\n\t\t\t\t<div class=\"elementor-widget-container\">\n\t\t\t\t\t\t\t\t\t<p><strong>Saint-Gobain<\/strong> a l\u2019obligation de se conformer \u00e0 la loi (Principe de L\u00e9galit\u00e9). A cet \u00e9gard, <strong>le respect des r\u00e8gles du droit de la concurrence est un enjeu essentiel<\/strong>. Le droit de la concurrence garantit des conditions de concurrence \u00e9quitables en interdisant les comportements susceptibles de nuire \u00e0 la loyaut\u00e9 de la concurrence. Trois grands types de comportements anticoncurrentiels sont interdits \u00e0 Saint-Gobain :  <\/p>\n\t\t\t\t\t\t\t\t<\/div>\n\t\t\t\t<\/div>\n\t\t\t\t<div class=\"elementor-element elementor-element-3edb6ac elementor-icon-list--layout-traditional elementor-list-item-link-full_width elementor-widget elementor-widget-icon-list\" data-id=\"3edb6ac\" data-element_type=\"widget\" data-e-type=\"widget\" data-widget_type=\"icon-list.default\">\n\t\t\t\t<div class=\"elementor-widget-container\">\n\t\t\t\t\t\t\t<ul class=\"elementor-icon-list-items\">\n\t\t\t\t\t\t\t<li class=\"elementor-icon-list-item\">\n\t\t\t\t\t\t\t\t\t\t<span class=\"elementor-icon-list-text\">1) Accords anticoncurrentiels<\/span>\n\t\t\t\t\t\t\t\t\t<\/li>\n\t\t\t\t\t\t\t\t<li class=\"elementor-icon-list-item\">\n\t\t\t\t\t\t\t\t\t\t<span class=\"elementor-icon-list-text\">2) Abus de position dominante<\/span>\n\t\t\t\t\t\t\t\t\t<\/li>\n\t\t\t\t\t\t\t\t<li class=\"elementor-icon-list-item\">\n\t\t\t\t\t\t\t\t\t\t<span class=\"elementor-icon-list-text\">3) Fusion anticoncurrentielles<\/span>\n\t\t\t\t\t\t\t\t\t<\/li>\n\t\t\t\t\t\t<\/ul>\n\t\t\t\t\t\t<\/div>\n\t\t\t\t<\/div>\n\t\t\t\t<\/div>\n\t\t\t\t<\/div>\n\t\t<div class=\"elementor-element elementor-element-ee84bd8 e-con-full e-flex e-con e-child\" data-id=\"ee84bd8\" data-element_type=\"container\" data-e-type=\"container\" data-settings=\"{&quot;background_background&quot;:&quot;classic&quot;}\">\n\t\t\t\t<div class=\"elementor-element elementor-element-216c6ef elementor-widget elementor-widget-text-editor\" data-id=\"216c6ef\" data-element_type=\"widget\" data-e-type=\"widget\" data-widget_type=\"text-editor.default\">\n\t\t\t\t<div class=\"elementor-widget-container\">\n\t\t\t\t\t\t\t\t\t<p>D\u2019autre part, il convient de noter que le groupe <strong>Saint-Gobain<\/strong> est actif dans le monde entier. Toutefois, sa soci\u00e9t\u00e9 holding est situ\u00e9e dans l\u2019Union europ\u00e9enne et son \u00e9quipe de direction est essentiellement compos\u00e9e de ressortissants de l\u2019Union, ce qui expose fortement toutes ses activit\u00e9s aux sanctions \u00e9conomiques de l\u2019Union europ\u00e9enne. Par cons\u00e9quent, tous les employ\u00e9s du Groupe Saint-Gobain doivent se conformer aux lois et r\u00e9glementations de l\u2019UE en mati\u00e8re de sanctions. Le Groupe Saint-Gobain a formalis\u00e9 une <strong>Politique en mati\u00e8re d\u2019embargos et de sanctions \u00e9conomiques<\/strong>, qui vise \u00e0 pr\u00e9venir le risque de transactions commerciales conclues avec des pays sous embargo et\/ou avec des personnes\/entreprises faisant l\u2019objet de sanctions.   <\/p>\n\t\t\t\t\t\t\t\t<\/div>\n\t\t\t\t<\/div>\n\t\t\t\t<\/div>\n\t\t<div class=\"elementor-element elementor-element-f70e4be e-con-full e-flex e-con e-child\" data-id=\"f70e4be\" data-element_type=\"container\" data-e-type=\"container\" data-settings=\"{&quot;background_background&quot;:&quot;classic&quot;}\">\n\t\t<div class=\"elementor-element elementor-element-fb851b0 e-con-full e-flex e-con e-child\" data-id=\"fb851b0\" data-element_type=\"container\" data-e-type=\"container\">\n\t\t\t\t<div class=\"elementor-element elementor-element-53966b4 elementor-widget elementor-widget-heading\" data-id=\"53966b4\" data-element_type=\"widget\" data-e-type=\"widget\" data-widget_type=\"heading.default\">\n\t\t\t\t<div class=\"elementor-widget-container\">\n\t\t\t\t\t<h2 class=\"elementor-heading-title elementor-size-default\">Alertes professionnelles<\/h2>\t\t\t\t<\/div>\n\t\t\t\t<\/div>\n\t\t\t\t<div class=\"elementor-element elementor-element-be3d559 elementor-widget elementor-widget-text-editor\" data-id=\"be3d559\" data-element_type=\"widget\" data-e-type=\"widget\" data-widget_type=\"text-editor.default\">\n\t\t\t\t<div class=\"elementor-widget-container\">\n\t\t\t\t\t\t\t\t\t<p>Enfin, le Groupe a mis en place une plateforme de d\u00e9nonciation interne et externe (<strong>alertes professionnelles<\/strong>) disponible \u00e0 l\u2019adresse suivante: <a href=\"https:\/\/www.bkms-system.com\/bkwebanon\/report\/clientInfo?cin=CwmSdg&amp;c=-1&amp;language=fre\" target=\"_blank\" rel=\"noopener\">https:\/\/www.bkms-system.com\/bkwebanon\/report\/clientInfo?cin=CwmSdg&amp;c=-1&amp;language=fre<\/a> ou par code QR.<\/p>\n<p>La plateforme est disponible dans plusieurs langues et est utilis\u00e9e pour signaler des plaintes (anonymes ou non) concernant des violations des principes et de nos politiques, des proc\u00e9dures ou de la loi.<\/p>\n\t\t\t\t\t\t\t\t<\/div>\n\t\t\t\t<\/div>\n\t\t\t\t<\/div>\n\t\t\t\t<div class=\"elementor-element elementor-element-8d90a4e elementor-widget elementor-widget-image\" data-id=\"8d90a4e\" data-element_type=\"widget\" data-e-type=\"widget\" data-widget_type=\"image.default\">\n\t\t\t\t<div class=\"elementor-widget-container\">\n\t\t\t\t\t\t\t\t\t\t\t\t\t\t\t<img loading=\"lazy\" decoding=\"async\" width=\"218\" height=\"219\" src=\"https:\/\/www.panelesach.com\/wp-content\/uploads\/2024\/09\/compliance-qr.png\" class=\"attachment-large size-large wp-image-5296\" alt=\"\" srcset=\"https:\/\/www.panelesach.com\/wp-content\/uploads\/2024\/09\/compliance-qr.png 218w, https:\/\/www.panelesach.com\/wp-content\/uploads\/2024\/09\/compliance-qr-150x150.png 150w\" sizes=\"(max-width: 218px) 100vw, 218px\" \/>\t\t\t\t\t\t\t\t\t\t\t\t\t\t\t<\/div>\n\t\t\t\t<\/div>\n\t\t\t\t<\/div>\n\t\t\t\t\t<\/div>\n\t\t\t\t<\/div>\n\t\t\t\t<\/div>\n\t\t","protected":false},"excerpt":{"rendered":"<p>Compliance &#8211; Programme de conformit\u00e9 Le monde dans lequel nous vivons conna\u00eet de profonds changements : nous \u00e9voluons vers des \u00e9conomies plus vertes, nous aspirons \u00e0 un ancrage plus local et nous nous dirigeons vers le \u00ab tout num\u00e9rique \u00bb. Ces d\u00e9fis, qui n\u00e9cessitent des adaptations, peuvent pr\u00e9senter des risques pour les entreprises. Souhaitez-vous examiner [&hellip;]<\/p>\n","protected":false},"author":1,"featured_media":0,"parent":0,"menu_order":0,"comment_status":"closed","ping_status":"closed","template":"","meta":{"_acf_changed":false,"footnotes":""},"class_list":["post-8210","page","type-page","status-publish","hentry"],"acf":[],"_links":{"self":[{"href":"https:\/\/www.panelesach.com\/fr\/wp-json\/wp\/v2\/pages\/8210","targetHints":{"allow":["GET"]}}],"collection":[{"href":"https:\/\/www.panelesach.com\/fr\/wp-json\/wp\/v2\/pages"}],"about":[{"href":"https:\/\/www.panelesach.com\/fr\/wp-json\/wp\/v2\/types\/page"}],"author":[{"embeddable":true,"href":"https:\/\/www.panelesach.com\/fr\/wp-json\/wp\/v2\/users\/1"}],"replies":[{"embeddable":true,"href":"https:\/\/www.panelesach.com\/fr\/wp-json\/wp\/v2\/comments?post=8210"}],"version-history":[{"count":0,"href":"https:\/\/www.panelesach.com\/fr\/wp-json\/wp\/v2\/pages\/8210\/revisions"}],"wp:attachment":[{"href":"https:\/\/www.panelesach.com\/fr\/wp-json\/wp\/v2\/media?parent=8210"}],"curies":[{"name":"wp","href":"https:\/\/api.w.org\/{rel}","templated":true}]}}