{"id":8195,"date":"2024-09-26T11:27:53","date_gmt":"2024-09-26T09:27:53","guid":{"rendered":"https:\/\/www.panelesach.com\/politique-qualite\/"},"modified":"2024-12-10T17:30:54","modified_gmt":"2024-12-10T16:30:54","slug":"politique-qualite","status":"publish","type":"page","link":"https:\/\/www.panelesach.com\/fr\/politique-qualite\/","title":{"rendered":"Politique Qualit\u00e9"},"content":{"rendered":"\t\t<div data-elementor-type=\"wp-page\" data-elementor-id=\"8195\" class=\"elementor elementor-8195 elementor-222\" data-elementor-post-type=\"page\">\n\t\t\t\t<div class=\"elementor-element elementor-element-1241d01 e-flex e-con-boxed e-con e-parent\" data-id=\"1241d01\" data-element_type=\"container\" data-e-type=\"container\" data-settings=\"{&quot;background_background&quot;:&quot;classic&quot;}\">\n\t\t\t\t\t<div class=\"e-con-inner\">\n\t\t\t\t<div class=\"elementor-element elementor-element-c68d582 elementor-widget elementor-widget-heading\" data-id=\"c68d582\" data-element_type=\"widget\" data-e-type=\"widget\" data-widget_type=\"heading.default\">\n\t\t\t\t<div class=\"elementor-widget-container\">\n\t\t\t\t\t<h1 class=\"elementor-heading-title elementor-size-default\">Politique Qualit\u00e9<\/h1>\t\t\t\t<\/div>\n\t\t\t\t<\/div>\n\t\t\t\t\t<\/div>\n\t\t\t\t<\/div>\n\t\t<div class=\"elementor-element elementor-element-6b0896a e-flex e-con-boxed e-con e-parent\" data-id=\"6b0896a\" data-element_type=\"container\" data-e-type=\"container\">\n\t\t\t\t\t<div class=\"e-con-inner\">\n\t\t<div class=\"elementor-element elementor-element-77adf3c e-con-full e-flex e-con e-child\" data-id=\"77adf3c\" data-element_type=\"container\" data-e-type=\"container\">\n\t\t\t\t<div class=\"elementor-element elementor-element-44d5f14 elementor-widget elementor-widget-text-editor\" data-id=\"44d5f14\" data-element_type=\"widget\" data-e-type=\"widget\" data-widget_type=\"text-editor.default\">\n\t\t\t\t<div class=\"elementor-widget-container\">\n\t\t\t\t\t\t\t\t\t<p>LA <strong>QUALIT\u00c9<\/strong> est une priorit\u00e9 dans les activit\u00e9s exerc\u00e9es par <strong>Saint-Gobain Transformados S.A.U.<\/strong> et est enti\u00e8rement orient\u00e9 vers la satisfaction des besoins et des attentes des Clients. Les orientations g\u00e9n\u00e9rales et les objectifs qui, en mati\u00e8re de Qualit\u00e9, guident <strong>Saint-Gobain Transformados S.A.U.<\/strong> se refl\u00e8tent dans la <strong>Politique Qualit\u00e9<\/strong> de la Soci\u00e9t\u00e9 d\u00e9finie par sa Direction et bas\u00e9e sur les principes suivants: <\/p>\n\t\t\t\t\t\t\t\t<\/div>\n\t\t\t\t<\/div>\n\t\t\t\t<div class=\"elementor-element elementor-element-2521f78 elementor-icon-list--layout-traditional elementor-list-item-link-full_width elementor-widget elementor-widget-icon-list\" data-id=\"2521f78\" data-element_type=\"widget\" data-e-type=\"widget\" data-widget_type=\"icon-list.default\">\n\t\t\t\t<div class=\"elementor-widget-container\">\n\t\t\t\t\t\t\t<ul class=\"elementor-icon-list-items\">\n\t\t\t\t\t\t\t<li class=\"elementor-icon-list-item\">\n\t\t\t\t\t\t\t\t\t\t\t<span class=\"elementor-icon-list-icon\">\n\t\t\t\t\t\t\t<svg xmlns=\"http:\/\/www.w3.org\/2000\/svg\" width=\"20\" height=\"20\" viewBox=\"0 0 20 20\" fill=\"none\"><path d=\"M9.5312 0.933594C4.29296 0.933594 0.03125 5.1952 0.03125 10.4335C0.03125 15.6719 4.29296 19.9336 9.5312 19.9336C14.7694 19.9336 19.0312 15.6719 19.0312 10.4335C19.0312 5.1952 14.7695 0.933594 9.5312 0.933594ZM14.9862 8.82892L9.0179 14.7973C8.76413 15.051 8.42679 15.1907 8.06794 15.1907C7.70909 15.1907 7.37175 15.051 7.11797 14.7973L4.07616 11.7554C3.82239 11.5017 3.68261 11.1643 3.68261 10.8055C3.68261 10.4465 3.82239 10.1092 4.07616 9.85542C4.32984 9.60164 4.66718 9.46187 5.02613 9.46187C5.38498 9.46187 5.72242 9.60164 5.97609 9.85552L8.06784 11.9472L13.0861 6.92889C13.3399 6.67512 13.6772 6.53544 14.0361 6.53544C14.3949 6.53544 14.7323 6.67512 14.986 6.92889C15.51 7.4529 15.51 8.30512 14.9862 8.82892Z\" fill=\"#B7DB57\"><\/path><\/svg>\t\t\t\t\t\t<\/span>\n\t\t\t\t\t\t\t\t\t\t<span class=\"elementor-icon-list-text\"><b>La qualit\u00e9 ne se contr\u00f4le pas, elle se fabrique.<\/b> Assure la survie de l\u2019Organisation dans un environnement hautement comp\u00e9titif.<\/span>\n\t\t\t\t\t\t\t\t\t<\/li>\n\t\t\t\t\t\t\t\t<li class=\"elementor-icon-list-item\">\n\t\t\t\t\t\t\t\t\t\t\t<span class=\"elementor-icon-list-icon\">\n\t\t\t\t\t\t\t<svg xmlns=\"http:\/\/www.w3.org\/2000\/svg\" width=\"20\" height=\"20\" viewBox=\"0 0 20 20\" fill=\"none\"><path d=\"M9.5312 0.933594C4.29296 0.933594 0.03125 5.1952 0.03125 10.4335C0.03125 15.6719 4.29296 19.9336 9.5312 19.9336C14.7694 19.9336 19.0312 15.6719 19.0312 10.4335C19.0312 5.1952 14.7695 0.933594 9.5312 0.933594ZM14.9862 8.82892L9.0179 14.7973C8.76413 15.051 8.42679 15.1907 8.06794 15.1907C7.70909 15.1907 7.37175 15.051 7.11797 14.7973L4.07616 11.7554C3.82239 11.5017 3.68261 11.1643 3.68261 10.8055C3.68261 10.4465 3.82239 10.1092 4.07616 9.85542C4.32984 9.60164 4.66718 9.46187 5.02613 9.46187C5.38498 9.46187 5.72242 9.60164 5.97609 9.85552L8.06784 11.9472L13.0861 6.92889C13.3399 6.67512 13.6772 6.53544 14.0361 6.53544C14.3949 6.53544 14.7323 6.67512 14.986 6.92889C15.51 7.4529 15.51 8.30512 14.9862 8.82892Z\" fill=\"#B7DB57\"><\/path><\/svg>\t\t\t\t\t\t<\/span>\n\t\t\t\t\t\t\t\t\t\t<span class=\"elementor-icon-list-text\"><b>Notre politique est le cadre permettant de r\u00e9pondre \u00e0 nos objectifs<\/b>, aux exigences de nos clients et aux exigences l\u00e9gales et \u00e0 toutes les parties prenantes concern\u00e9es afin d'obtenir un avantage strat\u00e9gique sur nos concurrents.<\/span>\n\t\t\t\t\t\t\t\t\t<\/li>\n\t\t\t\t\t\t\t\t<li class=\"elementor-icon-list-item\">\n\t\t\t\t\t\t\t\t\t\t\t<span class=\"elementor-icon-list-icon\">\n\t\t\t\t\t\t\t<svg xmlns=\"http:\/\/www.w3.org\/2000\/svg\" width=\"20\" height=\"20\" viewBox=\"0 0 20 20\" fill=\"none\"><path d=\"M9.5312 0.933594C4.29296 0.933594 0.03125 5.1952 0.03125 10.4335C0.03125 15.6719 4.29296 19.9336 9.5312 19.9336C14.7694 19.9336 19.0312 15.6719 19.0312 10.4335C19.0312 5.1952 14.7695 0.933594 9.5312 0.933594ZM14.9862 8.82892L9.0179 14.7973C8.76413 15.051 8.42679 15.1907 8.06794 15.1907C7.70909 15.1907 7.37175 15.051 7.11797 14.7973L4.07616 11.7554C3.82239 11.5017 3.68261 11.1643 3.68261 10.8055C3.68261 10.4465 3.82239 10.1092 4.07616 9.85542C4.32984 9.60164 4.66718 9.46187 5.02613 9.46187C5.38498 9.46187 5.72242 9.60164 5.97609 9.85552L8.06784 11.9472L13.0861 6.92889C13.3399 6.67512 13.6772 6.53544 14.0361 6.53544C14.3949 6.53544 14.7323 6.67512 14.986 6.92889C15.51 7.4529 15.51 8.30512 14.9862 8.82892Z\" fill=\"#B7DB57\"><\/path><\/svg>\t\t\t\t\t\t<\/span>\n\t\t\t\t\t\t\t\t\t\t<span class=\"elementor-icon-list-text\"><b>Nous orientons notre travail vers une AM\u00c9LIORATION CONTINUE<\/b>, en identifiant et en \u00e9liminant les causes possibles de d\u00e9fauts et de d\u00e9ficiences (pr\u00e9vention) et en augmentant l'efficacit\u00e9 du syst\u00e8me de gestion de la qualit\u00e9.<\/span>\n\t\t\t\t\t\t\t\t\t<\/li>\n\t\t\t\t\t\t<\/ul>\n\t\t\t\t\t\t<\/div>\n\t\t\t\t<\/div>\n\t\t<div class=\"elementor-element elementor-element-6001cf5 e-con-full e-flex e-con e-child\" data-id=\"6001cf5\" data-element_type=\"container\" data-e-type=\"container\">\n\t\t<div class=\"elementor-element elementor-element-9dc5d04 e-con-full e-flex e-con e-child\" data-id=\"9dc5d04\" data-element_type=\"container\" data-e-type=\"container\">\n\t\t\t\t<div class=\"elementor-element elementor-element-59f374b elementor-widget elementor-widget-text-editor\" data-id=\"59f374b\" data-element_type=\"widget\" data-e-type=\"widget\" data-widget_type=\"text-editor.default\">\n\t\t\t\t<div class=\"elementor-widget-container\">\n\t\t\t\t\t\t\t\t\t<p>En appliquant les principes pr\u00e9c\u00e9dents, nous visons \u00e0 atteindre les objectifs g\u00e9n\u00e9raux suivants:<\/p>\n\t\t\t\t\t\t\t\t<\/div>\n\t\t\t\t<\/div>\n\t\t\t\t<div class=\"elementor-element elementor-element-013daa6 elementor-icon-list--layout-traditional elementor-list-item-link-full_width elementor-widget elementor-widget-icon-list\" data-id=\"013daa6\" data-element_type=\"widget\" data-e-type=\"widget\" data-widget_type=\"icon-list.default\">\n\t\t\t\t<div class=\"elementor-widget-container\">\n\t\t\t\t\t\t\t<ul class=\"elementor-icon-list-items\">\n\t\t\t\t\t\t\t<li class=\"elementor-icon-list-item\">\n\t\t\t\t\t\t\t\t\t\t\t<span class=\"elementor-icon-list-icon\">\n\t\t\t\t\t\t\t<svg xmlns=\"http:\/\/www.w3.org\/2000\/svg\" width=\"20\" height=\"20\" viewBox=\"0 0 20 20\" fill=\"none\"><path d=\"M9.5312 0.933594C4.29296 0.933594 0.03125 5.1952 0.03125 10.4335C0.03125 15.6719 4.29296 19.9336 9.5312 19.9336C14.7694 19.9336 19.0312 15.6719 19.0312 10.4335C19.0312 5.1952 14.7695 0.933594 9.5312 0.933594ZM14.9862 8.82892L9.0179 14.7973C8.76413 15.051 8.42679 15.1907 8.06794 15.1907C7.70909 15.1907 7.37175 15.051 7.11797 14.7973L4.07616 11.7554C3.82239 11.5017 3.68261 11.1643 3.68261 10.8055C3.68261 10.4465 3.82239 10.1092 4.07616 9.85542C4.32984 9.60164 4.66718 9.46187 5.02613 9.46187C5.38498 9.46187 5.72242 9.60164 5.97609 9.85552L8.06784 11.9472L13.0861 6.92889C13.3399 6.67512 13.6772 6.53544 14.0361 6.53544C14.3949 6.53544 14.7323 6.67512 14.986 6.92889C15.51 7.4529 15.51 8.30512 14.9862 8.82892Z\" fill=\"#B7DB57\"><\/path><\/svg>\t\t\t\t\t\t<\/span>\n\t\t\t\t\t\t\t\t\t\t<span class=\"elementor-icon-list-text\">D\u00e9velopper une gestion de la qualit\u00e9 <b>PARTICIPATIVE<\/b> qui tire parti des capacit\u00e9s et du potentiel de l\u2019ensemble du personnel.<\/span>\n\t\t\t\t\t\t\t\t\t<\/li>\n\t\t\t\t\t\t\t\t<li class=\"elementor-icon-list-item\">\n\t\t\t\t\t\t\t\t\t\t\t<span class=\"elementor-icon-list-icon\">\n\t\t\t\t\t\t\t<svg xmlns=\"http:\/\/www.w3.org\/2000\/svg\" width=\"20\" height=\"20\" viewBox=\"0 0 20 20\" fill=\"none\"><path d=\"M9.5312 0.933594C4.29296 0.933594 0.03125 5.1952 0.03125 10.4335C0.03125 15.6719 4.29296 19.9336 9.5312 19.9336C14.7694 19.9336 19.0312 15.6719 19.0312 10.4335C19.0312 5.1952 14.7695 0.933594 9.5312 0.933594ZM14.9862 8.82892L9.0179 14.7973C8.76413 15.051 8.42679 15.1907 8.06794 15.1907C7.70909 15.1907 7.37175 15.051 7.11797 14.7973L4.07616 11.7554C3.82239 11.5017 3.68261 11.1643 3.68261 10.8055C3.68261 10.4465 3.82239 10.1092 4.07616 9.85542C4.32984 9.60164 4.66718 9.46187 5.02613 9.46187C5.38498 9.46187 5.72242 9.60164 5.97609 9.85552L8.06784 11.9472L13.0861 6.92889C13.3399 6.67512 13.6772 6.53544 14.0361 6.53544C14.3949 6.53544 14.7323 6.67512 14.986 6.92889C15.51 7.4529 15.51 8.30512 14.9862 8.82892Z\" fill=\"#B7DB57\"><\/path><\/svg>\t\t\t\t\t\t<\/span>\n\t\t\t\t\t\t\t\t\t\t<span class=\"elementor-icon-list-text\"><b>OPTIMISER EN PERMANENCE<\/b> tous les processus pour \u00e9liminer les co\u00fbts de non-qualit\u00e9.<\/span>\n\t\t\t\t\t\t\t\t\t<\/li>\n\t\t\t\t\t\t\t\t<li class=\"elementor-icon-list-item\">\n\t\t\t\t\t\t\t\t\t\t\t<span class=\"elementor-icon-list-icon\">\n\t\t\t\t\t\t\t<svg xmlns=\"http:\/\/www.w3.org\/2000\/svg\" width=\"20\" height=\"20\" viewBox=\"0 0 20 20\" fill=\"none\"><path d=\"M9.5312 0.933594C4.29296 0.933594 0.03125 5.1952 0.03125 10.4335C0.03125 15.6719 4.29296 19.9336 9.5312 19.9336C14.7694 19.9336 19.0312 15.6719 19.0312 10.4335C19.0312 5.1952 14.7695 0.933594 9.5312 0.933594ZM14.9862 8.82892L9.0179 14.7973C8.76413 15.051 8.42679 15.1907 8.06794 15.1907C7.70909 15.1907 7.37175 15.051 7.11797 14.7973L4.07616 11.7554C3.82239 11.5017 3.68261 11.1643 3.68261 10.8055C3.68261 10.4465 3.82239 10.1092 4.07616 9.85542C4.32984 9.60164 4.66718 9.46187 5.02613 9.46187C5.38498 9.46187 5.72242 9.60164 5.97609 9.85552L8.06784 11.9472L13.0861 6.92889C13.3399 6.67512 13.6772 6.53544 14.0361 6.53544C14.3949 6.53544 14.7323 6.67512 14.986 6.92889C15.51 7.4529 15.51 8.30512 14.9862 8.82892Z\" fill=\"#B7DB57\"><\/path><\/svg>\t\t\t\t\t\t<\/span>\n\t\t\t\t\t\t\t\t\t\t<span class=\"elementor-icon-list-text\">Obtenir l'identification et l'<b>ENGAGEMENT<\/b> de tous les membres de <b>Saint-Gobain Transformados S.A.U.<\/b> avec Qualit\u00e9.<\/span>\n\t\t\t\t\t\t\t\t\t<\/li>\n\t\t\t\t\t\t<\/ul>\n\t\t\t\t\t\t<\/div>\n\t\t\t\t<\/div>\n\t\t\t\t<div class=\"elementor-element elementor-element-07a1666 elementor-widget elementor-widget-text-editor\" data-id=\"07a1666\" data-element_type=\"widget\" data-e-type=\"widget\" data-widget_type=\"text-editor.default\">\n\t\t\t\t<div class=\"elementor-widget-container\">\n\t\t\t\t\t\t\t\t\t<p>Faire de la Qualit\u00e9 un \u00e9l\u00e9ment fondamental de la culture de l&rsquo;Entreprise.<\/p>\n<p>Les principes et objectifs g\u00e9n\u00e9raux, mentionn\u00e9s ci-dessus, sont communiqu\u00e9s \u00e0 l&rsquo;ensemble de l&rsquo;Organisation et d\u00e9ploy\u00e9s par la Direction dans des objectifs sp\u00e9cifiques qui sont syst\u00e9matiquement revus et modifi\u00e9s, si cela est jug\u00e9 appropri\u00e9, avec un but ultime:<\/p>\n\t\t\t\t\t\t\t\t<\/div>\n\t\t\t\t<\/div>\n\t\t\t\t<div class=\"elementor-element elementor-element-a728430 elementor-widget elementor-widget-heading\" data-id=\"a728430\" data-element_type=\"widget\" data-e-type=\"widget\" data-widget_type=\"heading.default\">\n\t\t\t\t<div class=\"elementor-widget-container\">\n\t\t\t\t\t<span class=\"elementor-heading-title elementor-size-default\">Am\u00e9liorer la performance organisationnelle<\/span>\t\t\t\t<\/div>\n\t\t\t\t<\/div>\n\t\t\t\t<\/div>\n\t\t<div class=\"elementor-element elementor-element-c5746a4 e-con-full e-flex e-con e-child\" data-id=\"c5746a4\" data-element_type=\"container\" data-e-type=\"container\">\n\t\t\t\t<div class=\"elementor-element elementor-element-1768a52 elementor-widget elementor-widget-image\" data-id=\"1768a52\" data-element_type=\"widget\" data-e-type=\"widget\" data-widget_type=\"image.default\">\n\t\t\t\t<div class=\"elementor-widget-container\">\n\t\t\t\t\t\t\t\t\t\t\t\t\t\t\t<img fetchpriority=\"high\" decoding=\"async\" width=\"585\" height=\"280\" src=\"https:\/\/www.panelesach.com\/wp-content\/uploads\/2024\/09\/paneles_ach_paneles_sandwich_empresa_politicas.jpg\" class=\"attachment-full size-full wp-image-5332\" alt=\"\" srcset=\"https:\/\/www.panelesach.com\/wp-content\/uploads\/2024\/09\/paneles_ach_paneles_sandwich_empresa_politicas.jpg 585w, https:\/\/www.panelesach.com\/wp-content\/uploads\/2024\/09\/paneles_ach_paneles_sandwich_empresa_politicas-300x144.jpg 300w\" sizes=\"(max-width: 585px) 100vw, 585px\" \/>\t\t\t\t\t\t\t\t\t\t\t\t\t\t\t<\/div>\n\t\t\t\t<\/div>\n\t\t\t\t<\/div>\n\t\t\t\t<\/div>\n\t\t\t\t<div class=\"elementor-element elementor-element-c1ea323 elementor-align-center elementor-widget elementor-widget-button\" data-id=\"c1ea323\" data-element_type=\"widget\" data-e-type=\"widget\" data-widget_type=\"button.default\">\n\t\t\t\t<div class=\"elementor-widget-container\">\n\t\t\t\t\t\t\t\t\t<div class=\"elementor-button-wrapper\">\n\t\t\t\t\t<a class=\"elementor-button elementor-button-link elementor-size-sm\" href=\"https:\/\/www.panelesach.com\/wp-content\/uploads\/2024\/11\/politica_calidad_saint_gobain.pdf\">\n\t\t\t\t\t\t<span class=\"elementor-button-content-wrapper\">\n\t\t\t\t\t\t<span class=\"elementor-button-icon\">\n\t\t\t\t<svg xmlns=\"http:\/\/www.w3.org\/2000\/svg\" width=\"30\" height=\"30\" viewBox=\"0 0 30 30\" fill=\"none\"><path d=\"M26.3281 12.2773H24.5156C23.768 12.2773 23.1562 12.8891 23.1562 13.6367V19.9805C23.1562 20.2297 22.9523 20.4336 22.7031 20.4336H7.29688C7.04766 20.4336 6.84375 20.2297 6.84375 19.9805V13.6367C6.84375 12.8891 6.23204 12.2773 5.48438 12.2773H3.67188C2.92421 12.2773 2.3125 12.8891 2.3125 13.6367V23.6055C2.3125 24.3531 2.92421 24.9648 3.67188 24.9648H26.3281C27.0758 24.9648 27.6875 24.3531 27.6875 23.6055V13.6367C27.6875 12.8891 27.0758 12.2773 26.3281 12.2773Z\" fill=\"white\"><\/path><path d=\"M14.6199 18.4126C14.7814 18.6867 15.2196 18.6884 15.3811 18.4126L19.4593 12.0689C19.656 11.7806 19.4276 11.3606 19.0786 11.3711L17.2661 11.3711V4.57422C17.2661 4.325 17.0622 4.12109 16.813 4.12109H13.188C12.9388 4.12109 12.7349 4.325 12.7349 4.57422V11.3711H10.9224C10.5748 11.3604 10.3437 11.7808 10.5418 12.0689L14.6199 18.4126Z\" fill=\"white\"><\/path><\/svg>\t\t\t<\/span>\n\t\t\t\t\t\t\t\t\t<span class=\"elementor-button-text\">Politique Qualit\u00e9 (PDF)<\/span>\n\t\t\t\t\t<\/span>\n\t\t\t\t\t<\/a>\n\t\t\t\t<\/div>\n\t\t\t\t\t\t\t\t<\/div>\n\t\t\t\t<\/div>\n\t\t\t\t<\/div>\n\t\t\t\t\t<\/div>\n\t\t\t\t<\/div>\n\t\t\t\t<\/div>\n\t\t","protected":false},"excerpt":{"rendered":"<p>Politique Qualit\u00e9 LA QUALIT\u00c9 est une priorit\u00e9 dans les activit\u00e9s exerc\u00e9es par Saint-Gobain Transformados S.A.U. et est enti\u00e8rement orient\u00e9 vers la satisfaction des besoins et des attentes des Clients. Les orientations g\u00e9n\u00e9rales et les objectifs qui, en mati\u00e8re de Qualit\u00e9, guident Saint-Gobain Transformados S.A.U. se refl\u00e8tent dans la Politique Qualit\u00e9 de la Soci\u00e9t\u00e9 d\u00e9finie par [&hellip;]<\/p>\n","protected":false},"author":1,"featured_media":0,"parent":0,"menu_order":0,"comment_status":"closed","ping_status":"closed","template":"","meta":{"_acf_changed":false,"footnotes":""},"class_list":["post-8195","page","type-page","status-publish","hentry"],"acf":[],"_links":{"self":[{"href":"https:\/\/www.panelesach.com\/fr\/wp-json\/wp\/v2\/pages\/8195","targetHints":{"allow":["GET"]}}],"collection":[{"href":"https:\/\/www.panelesach.com\/fr\/wp-json\/wp\/v2\/pages"}],"about":[{"href":"https:\/\/www.panelesach.com\/fr\/wp-json\/wp\/v2\/types\/page"}],"author":[{"embeddable":true,"href":"https:\/\/www.panelesach.com\/fr\/wp-json\/wp\/v2\/users\/1"}],"replies":[{"embeddable":true,"href":"https:\/\/www.panelesach.com\/fr\/wp-json\/wp\/v2\/comments?post=8195"}],"version-history":[{"count":0,"href":"https:\/\/www.panelesach.com\/fr\/wp-json\/wp\/v2\/pages\/8195\/revisions"}],"wp:attachment":[{"href":"https:\/\/www.panelesach.com\/fr\/wp-json\/wp\/v2\/media?parent=8195"}],"curies":[{"name":"wp","href":"https:\/\/api.w.org\/{rel}","templated":true}]}}