{"id":8189,"date":"2024-11-08T13:35:53","date_gmt":"2024-11-08T12:35:53","guid":{"rendered":"https:\/\/www.panelesach.com\/dta-avis-technique\/"},"modified":"2025-06-23T10:37:41","modified_gmt":"2025-06-23T08:37:41","slug":"dta-avis-technique","status":"publish","type":"page","link":"https:\/\/www.panelesach.com\/fr\/documentation\/dta-avis-technique\/","title":{"rendered":"DTA AVIS TECHNIQUE"},"content":{"rendered":"\t\t<div data-elementor-type=\"wp-page\" data-elementor-id=\"8189\" class=\"elementor elementor-8189 elementor-4666\" data-elementor-post-type=\"page\">\n\t\t\t\t<div class=\"elementor-element elementor-element-4cc4575 e-flex e-con-boxed e-con e-parent\" data-id=\"4cc4575\" data-element_type=\"container\" data-e-type=\"container\" data-settings=\"{&quot;background_background&quot;:&quot;classic&quot;}\">\n\t\t\t\t\t<div class=\"e-con-inner\">\n\t\t\t\t<div class=\"elementor-element elementor-element-25a28f7 elementor-widget elementor-widget-heading\" data-id=\"25a28f7\" data-element_type=\"widget\" data-e-type=\"widget\" data-widget_type=\"heading.default\">\n\t\t\t\t<div class=\"elementor-widget-container\">\n\t\t\t\t\t<h1 class=\"elementor-heading-title elementor-size-default\">DTA Avis Technique<\/h1>\t\t\t\t<\/div>\n\t\t\t\t<\/div>\n\t\t\t\t\t<\/div>\n\t\t\t\t<\/div>\n\t\t<div class=\"elementor-element elementor-element-1b4a079 e-flex e-con-boxed e-con e-parent\" data-id=\"1b4a079\" data-element_type=\"container\" data-e-type=\"container\">\n\t\t\t\t\t<div class=\"e-con-inner\">\n\t\t<div class=\"elementor-element elementor-element-fed7f42 e-con-full e-flex e-con e-child\" data-id=\"fed7f42\" data-element_type=\"container\" data-e-type=\"container\">\n\t\t\t\t<div class=\"elementor-element elementor-element-ad6b119 elementor-widget elementor-widget-text-editor\" data-id=\"ad6b119\" data-element_type=\"widget\" data-e-type=\"widget\" data-widget_type=\"text-editor.default\">\n\t\t\t\t<div class=\"elementor-widget-container\">\n\t\t\t\t\t\t\t\t\t<p>ACH, soci\u00e9t\u00e9 du groupe fran\u00e7ais <strong>SAINT GOBAIN<\/strong>, obtient la <strong>certification DTA<\/strong> du <strong>CSTB<\/strong> pour les panneaux de couverture avec noyau en Laine de Roche.<\/p>\n<p>A commercialisation de nombreux produits de construction dans l&rsquo;Union europ\u00e9enne se fait \u00e0 l&rsquo;aide du marquage CE. Toutefois, dans le cas particulier du march\u00e9 fran\u00e7ais ou francophone, tel comme l&rsquo;Alg\u00e9rie et le Maroc, il est souvent indispensable pour les architectes, les ing\u00e9nieurs ou les compagnies d&rsquo;assurance, la certification sp\u00e9cifique <strong>Avis Technique \/ DTA<\/strong>, en particulier pour les travaux publics. <\/p>\n\t\t\t\t\t\t\t\t<\/div>\n\t\t\t\t<\/div>\n\t\t<div class=\"elementor-element elementor-element-1cb5ea7 e-con-full e-flex e-con e-child\" data-id=\"1cb5ea7\" data-element_type=\"container\" data-e-type=\"container\">\n\t\t<div class=\"elementor-element elementor-element-7fc0c57 e-con-full e-flex e-con e-child\" data-id=\"7fc0c57\" data-element_type=\"container\" data-e-type=\"container\">\n\t\t\t\t<div class=\"elementor-element elementor-element-f4c23ec elementor-widget elementor-widget-text-editor\" data-id=\"f4c23ec\" data-element_type=\"widget\" data-e-type=\"widget\" data-widget_type=\"text-editor.default\">\n\t\t\t\t<div class=\"elementor-widget-container\">\n\t\t\t\t\t\t\t\t\t<p>Ce document est d\u00e9livr\u00e9 par le <strong>CSTB<\/strong> (Centre Scientifique et Technique du B\u00e2timent)et la <strong>CCFAT<\/strong> (Commission Charg\u00e9e de Formuler des Avis Techniques), ce qui constitue un document officiel de l&rsquo;aptitude d&rsquo;un produit ou d&rsquo;un proc\u00e9d\u00e9.<\/p>\n<p><strong>ACH<\/strong> a obtenu le <strong>DTA <\/strong>pour les panneaux de couverture, P5G M, isol\u00e9s en Laine de Roche.<\/p>\n<p>Le panneau de couverture <strong>ACH<\/strong> avec fixations apparentes est commercialement connu sous le nom de \u00ab\u00a0<strong>Panneau ACH 5 ondes<\/strong>\u201d, avec la r\u00e9f\u00e9rence \u201c<strong>P5G M<\/strong>\u201d et se compose de deux t\u00f4les d&rsquo;acier de 0,50 mm d&rsquo;\u00e9paisseur minimale, coll\u00e9es sur un noyau de laine de roche d\u00b4haute densit\u00e9. Une solution magnifique pour les couvertures form\u00e9s par des panneaux sandwich, avec syst\u00e8me de fixation visible, pour les b\u00e2timents qui n\u00e9cessitent une protection ou une r\u00e9sistance au feu. <\/p>\n\t\t\t\t\t\t\t\t<\/div>\n\t\t\t\t<\/div>\n\t\t<div class=\"elementor-element elementor-element-9bf30aa e-con-full e-flex e-con e-child\" data-id=\"9bf30aa\" data-element_type=\"container\" data-e-type=\"container\">\n\t\t\t\t<div class=\"elementor-element elementor-element-355764f elementor-align-center elementor-widget elementor-widget-button\" data-id=\"355764f\" data-element_type=\"widget\" data-e-type=\"widget\" data-widget_type=\"button.default\">\n\t\t\t\t<div class=\"elementor-widget-container\">\n\t\t\t\t\t\t\t\t\t<div class=\"elementor-button-wrapper\">\n\t\t\t\t\t<a class=\"elementor-button elementor-button-link elementor-size-sm\" href=\"https:\/\/www.panelesach.com\/wp-content\/uploads\/2025\/06\/UMZF-2.pdf\">\n\t\t\t\t\t\t<span class=\"elementor-button-content-wrapper\">\n\t\t\t\t\t\t<span class=\"elementor-button-icon\">\n\t\t\t\t<svg xmlns=\"http:\/\/www.w3.org\/2000\/svg\" width=\"30\" height=\"30\" viewBox=\"0 0 30 30\" fill=\"none\"><path d=\"M26.3281 12.2773H24.5156C23.768 12.2773 23.1562 12.8891 23.1562 13.6367V19.9805C23.1562 20.2297 22.9523 20.4336 22.7031 20.4336H7.29688C7.04766 20.4336 6.84375 20.2297 6.84375 19.9805V13.6367C6.84375 12.8891 6.23204 12.2773 5.48438 12.2773H3.67188C2.92421 12.2773 2.3125 12.8891 2.3125 13.6367V23.6055C2.3125 24.3531 2.92421 24.9648 3.67188 24.9648H26.3281C27.0758 24.9648 27.6875 24.3531 27.6875 23.6055V13.6367C27.6875 12.8891 27.0758 12.2773 26.3281 12.2773Z\" fill=\"white\"><\/path><path d=\"M14.6199 18.4126C14.7814 18.6867 15.2196 18.6884 15.3811 18.4126L19.4593 12.0689C19.656 11.7806 19.4276 11.3606 19.0786 11.3711L17.2661 11.3711V4.57422C17.2661 4.325 17.0622 4.12109 16.813 4.12109H13.188C12.9388 4.12109 12.7349 4.325 12.7349 4.57422V11.3711H10.9224C10.5748 11.3604 10.3437 11.7808 10.5418 12.0689L14.6199 18.4126Z\" fill=\"white\"><\/path><\/svg>\t\t\t<\/span>\n\t\t\t\t\t\t\t\t\t<span class=\"elementor-button-text\">Voir fiches techniques<\/span>\n\t\t\t\t\t<\/span>\n\t\t\t\t\t<\/a>\n\t\t\t\t<\/div>\n\t\t\t\t\t\t\t\t<\/div>\n\t\t\t\t<\/div>\n\t\t\t\t<div class=\"elementor-element elementor-element-39e7cec elementor-align-center elementor-widget elementor-widget-button\" data-id=\"39e7cec\" data-element_type=\"widget\" data-e-type=\"widget\" data-widget_type=\"button.default\">\n\t\t\t\t<div class=\"elementor-widget-container\">\n\t\t\t\t\t\t\t\t\t<div class=\"elementor-button-wrapper\">\n\t\t\t\t\t<a class=\"elementor-button elementor-button-link elementor-size-sm\" href=\"https:\/\/www.cstb.fr\/nos-offres\/activites\/evaluation\" target=\"_blank\" rel=\"noopener\">\n\t\t\t\t\t\t<span class=\"elementor-button-content-wrapper\">\n\t\t\t\t\t\t\t\t\t<span class=\"elementor-button-text\">DTA 2.1\/17-1786_V1<\/span>\n\t\t\t\t\t<\/span>\n\t\t\t\t\t<\/a>\n\t\t\t\t<\/div>\n\t\t\t\t\t\t\t\t<\/div>\n\t\t\t\t<\/div>\n\t\t\t\t<\/div>\n\t\t\t\t<\/div>\n\t\t<div class=\"elementor-element elementor-element-d1f8f60 e-con-full e-flex e-con e-child\" data-id=\"d1f8f60\" data-element_type=\"container\" data-e-type=\"container\">\n\t\t\t\t<div class=\"elementor-element elementor-element-9cd0fd9 elementor-widget elementor-widget-image\" data-id=\"9cd0fd9\" data-element_type=\"widget\" data-e-type=\"widget\" data-widget_type=\"image.default\">\n\t\t\t\t<div class=\"elementor-widget-container\">\n\t\t\t\t\t\t\t\t\t\t\t\t\t\t\t<img fetchpriority=\"high\" decoding=\"async\" width=\"973\" height=\"615\" src=\"https:\/\/www.panelesach.com\/wp-content\/uploads\/2024\/10\/paneles-ach-panel-sandwich-lana-de-roca-cubierta-5-grecas-detalle-cumbrera-troquelada.jpg\" class=\"attachment-full size-full wp-image-6196\" alt=\"\" srcset=\"https:\/\/www.panelesach.com\/wp-content\/uploads\/2024\/10\/paneles-ach-panel-sandwich-lana-de-roca-cubierta-5-grecas-detalle-cumbrera-troquelada.jpg 973w, https:\/\/www.panelesach.com\/wp-content\/uploads\/2024\/10\/paneles-ach-panel-sandwich-lana-de-roca-cubierta-5-grecas-detalle-cumbrera-troquelada-300x190.jpg 300w, https:\/\/www.panelesach.com\/wp-content\/uploads\/2024\/10\/paneles-ach-panel-sandwich-lana-de-roca-cubierta-5-grecas-detalle-cumbrera-troquelada-768x485.jpg 768w\" sizes=\"(max-width: 973px) 100vw, 973px\" \/>\t\t\t\t\t\t\t\t\t\t\t\t\t\t\t<\/div>\n\t\t\t\t<\/div>\n\t\t\t\t<\/div>\n\t\t\t\t<\/div>\n\t\t\t\t<\/div>\n\t\t\t\t\t<\/div>\n\t\t\t\t<\/div>\n\t\t\t\t<\/div>\n\t\t","protected":false},"excerpt":{"rendered":"<p>DTA Avis Technique ACH, soci\u00e9t\u00e9 du groupe fran\u00e7ais SAINT GOBAIN, obtient la certification DTA du CSTB pour les panneaux de couverture avec noyau en Laine de Roche. A commercialisation de nombreux produits de construction dans l&rsquo;Union europ\u00e9enne se fait \u00e0 l&rsquo;aide du marquage CE. Toutefois, dans le cas particulier du march\u00e9 fran\u00e7ais ou francophone, tel [&hellip;]<\/p>\n","protected":false},"author":1,"featured_media":0,"parent":8199,"menu_order":0,"comment_status":"closed","ping_status":"closed","template":"","meta":{"_acf_changed":false,"footnotes":""},"class_list":["post-8189","page","type-page","status-publish","hentry"],"acf":[],"_links":{"self":[{"href":"https:\/\/www.panelesach.com\/fr\/wp-json\/wp\/v2\/pages\/8189","targetHints":{"allow":["GET"]}}],"collection":[{"href":"https:\/\/www.panelesach.com\/fr\/wp-json\/wp\/v2\/pages"}],"about":[{"href":"https:\/\/www.panelesach.com\/fr\/wp-json\/wp\/v2\/types\/page"}],"author":[{"embeddable":true,"href":"https:\/\/www.panelesach.com\/fr\/wp-json\/wp\/v2\/users\/1"}],"replies":[{"embeddable":true,"href":"https:\/\/www.panelesach.com\/fr\/wp-json\/wp\/v2\/comments?post=8189"}],"version-history":[{"count":0,"href":"https:\/\/www.panelesach.com\/fr\/wp-json\/wp\/v2\/pages\/8189\/revisions"}],"up":[{"embeddable":true,"href":"https:\/\/www.panelesach.com\/fr\/wp-json\/wp\/v2\/pages\/8199"}],"wp:attachment":[{"href":"https:\/\/www.panelesach.com\/fr\/wp-json\/wp\/v2\/media?parent=8189"}],"curies":[{"name":"wp","href":"https:\/\/api.w.org\/{rel}","templated":true}]}}