{"id":8188,"date":"2024-10-03T17:14:48","date_gmt":"2024-10-03T15:14:48","guid":{"rendered":"https:\/\/www.panelesach.com\/guides-dutilisation\/"},"modified":"2024-12-10T17:47:39","modified_gmt":"2024-12-10T16:47:39","slug":"guides-dutilisation","status":"publish","type":"page","link":"https:\/\/www.panelesach.com\/fr\/documentation\/guides-dutilisation\/","title":{"rendered":"Guides d&rsquo;utilisation"},"content":{"rendered":"\t\t<div data-elementor-type=\"wp-page\" data-elementor-id=\"8188\" class=\"elementor elementor-8188 elementor-3710\" data-elementor-post-type=\"page\">\n\t\t\t\t<div class=\"elementor-element elementor-element-028c7db e-flex e-con-boxed e-con e-parent\" data-id=\"028c7db\" data-element_type=\"container\" data-e-type=\"container\" data-settings=\"{&quot;background_background&quot;:&quot;classic&quot;}\">\n\t\t\t\t\t<div class=\"e-con-inner\">\n\t\t\t\t<div class=\"elementor-element elementor-element-c29c009 elementor-widget elementor-widget-heading\" data-id=\"c29c009\" data-element_type=\"widget\" data-e-type=\"widget\" data-widget_type=\"heading.default\">\n\t\t\t\t<div class=\"elementor-widget-container\">\n\t\t\t\t\t<h1 class=\"elementor-heading-title elementor-size-default\">Guides d'utilisation du panel ACH<\/h1>\t\t\t\t<\/div>\n\t\t\t\t<\/div>\n\t\t\t\t\t<\/div>\n\t\t\t\t<\/div>\n\t\t<div class=\"elementor-element elementor-element-c88bfea e-flex e-con-boxed e-con e-parent\" data-id=\"c88bfea\" data-element_type=\"container\" data-e-type=\"container\">\n\t\t\t\t\t<div class=\"e-con-inner\">\n\t\t<div class=\"elementor-element elementor-element-3fa3ede e-con-full e-flex e-con e-child\" data-id=\"3fa3ede\" data-element_type=\"container\" data-e-type=\"container\">\n\t\t<div class=\"elementor-element elementor-element-adddd32 e-con-full e-flex e-con e-child\" data-id=\"adddd32\" data-element_type=\"container\" data-e-type=\"container\">\n\t\t\t\t<div class=\"elementor-element elementor-element-b182870 elementor-widget elementor-widget-text-editor\" data-id=\"b182870\" data-element_type=\"widget\" data-e-type=\"widget\" data-widget_type=\"text-editor.default\">\n\t\t\t\t<div class=\"elementor-widget-container\">\n\t\t\t\t\t\t\t\t\t<p>Dans cette section, vous pouvez consulter et t\u00e9l\u00e9charger nos guides d&rsquo;utilisation des panneaux ACH, qui se r\u00e9f\u00e8rent \u00e0 tous les documents de base du Code technique de la construction (CTE) et du R\u00e8glement de s\u00e9curit\u00e9 incendie pour les \u00e9tablissements industriels (RSCIEI).<\/p>\n\t\t\t\t\t\t\t\t<\/div>\n\t\t\t\t<\/div>\n\t\t\t\t<div class=\"elementor-element elementor-element-98f5ac1 elementor-icon-list--layout-traditional elementor-list-item-link-full_width elementor-widget elementor-widget-icon-list\" data-id=\"98f5ac1\" data-element_type=\"widget\" data-e-type=\"widget\" data-widget_type=\"icon-list.default\">\n\t\t\t\t<div class=\"elementor-widget-container\">\n\t\t\t\t\t\t\t<ul class=\"elementor-icon-list-items\">\n\t\t\t\t\t\t\t<li class=\"elementor-icon-list-item\">\n\t\t\t\t\t\t\t\t\t\t\t<span class=\"elementor-icon-list-icon\">\n\t\t\t\t\t\t\t<svg xmlns=\"http:\/\/www.w3.org\/2000\/svg\" width=\"20\" height=\"20\" viewBox=\"0 0 20 20\" fill=\"none\"><path d=\"M9.5312 0.933594C4.29296 0.933594 0.03125 5.1952 0.03125 10.4335C0.03125 15.6719 4.29296 19.9336 9.5312 19.9336C14.7694 19.9336 19.0312 15.6719 19.0312 10.4335C19.0312 5.1952 14.7695 0.933594 9.5312 0.933594ZM14.9862 8.82892L9.0179 14.7973C8.76413 15.051 8.42679 15.1907 8.06794 15.1907C7.70909 15.1907 7.37175 15.051 7.11797 14.7973L4.07616 11.7554C3.82239 11.5017 3.68261 11.1643 3.68261 10.8055C3.68261 10.4465 3.82239 10.1092 4.07616 9.85542C4.32984 9.60164 4.66718 9.46187 5.02613 9.46187C5.38498 9.46187 5.72242 9.60164 5.97609 9.85552L8.06784 11.9472L13.0861 6.92889C13.3399 6.67512 13.6772 6.53544 14.0361 6.53544C14.3949 6.53544 14.7323 6.67512 14.986 6.92889C15.51 7.4529 15.51 8.30512 14.9862 8.82892Z\" fill=\"#B7DB57\"><\/path><\/svg>\t\t\t\t\t\t<\/span>\n\t\t\t\t\t\t\t\t\t\t<span class=\"elementor-icon-list-text\">Guide d'utilisation des panneaux ACH selon CTE-DB - S\u00e9curit\u00e9 structurale<\/span>\n\t\t\t\t\t\t\t\t\t<\/li>\n\t\t\t\t\t\t\t\t<li class=\"elementor-icon-list-item\">\n\t\t\t\t\t\t\t\t\t\t\t<span class=\"elementor-icon-list-icon\">\n\t\t\t\t\t\t\t<svg xmlns=\"http:\/\/www.w3.org\/2000\/svg\" width=\"20\" height=\"20\" viewBox=\"0 0 20 20\" fill=\"none\"><path d=\"M9.5312 0.933594C4.29296 0.933594 0.03125 5.1952 0.03125 10.4335C0.03125 15.6719 4.29296 19.9336 9.5312 19.9336C14.7694 19.9336 19.0312 15.6719 19.0312 10.4335C19.0312 5.1952 14.7695 0.933594 9.5312 0.933594ZM14.9862 8.82892L9.0179 14.7973C8.76413 15.051 8.42679 15.1907 8.06794 15.1907C7.70909 15.1907 7.37175 15.051 7.11797 14.7973L4.07616 11.7554C3.82239 11.5017 3.68261 11.1643 3.68261 10.8055C3.68261 10.4465 3.82239 10.1092 4.07616 9.85542C4.32984 9.60164 4.66718 9.46187 5.02613 9.46187C5.38498 9.46187 5.72242 9.60164 5.97609 9.85552L8.06784 11.9472L13.0861 6.92889C13.3399 6.67512 13.6772 6.53544 14.0361 6.53544C14.3949 6.53544 14.7323 6.67512 14.986 6.92889C15.51 7.4529 15.51 8.30512 14.9862 8.82892Z\" fill=\"#B7DB57\"><\/path><\/svg>\t\t\t\t\t\t<\/span>\n\t\t\t\t\t\t\t\t\t\t<span class=\"elementor-icon-list-text\">Guide d'utilisation des panneaux ACH selon CTE-DB - S\u00e9curit\u00e9 incendie<\/span>\n\t\t\t\t\t\t\t\t\t<\/li>\n\t\t\t\t\t\t\t\t<li class=\"elementor-icon-list-item\">\n\t\t\t\t\t\t\t\t\t\t\t<span class=\"elementor-icon-list-icon\">\n\t\t\t\t\t\t\t<svg xmlns=\"http:\/\/www.w3.org\/2000\/svg\" width=\"20\" height=\"20\" viewBox=\"0 0 20 20\" fill=\"none\"><path d=\"M9.5312 0.933594C4.29296 0.933594 0.03125 5.1952 0.03125 10.4335C0.03125 15.6719 4.29296 19.9336 9.5312 19.9336C14.7694 19.9336 19.0312 15.6719 19.0312 10.4335C19.0312 5.1952 14.7695 0.933594 9.5312 0.933594ZM14.9862 8.82892L9.0179 14.7973C8.76413 15.051 8.42679 15.1907 8.06794 15.1907C7.70909 15.1907 7.37175 15.051 7.11797 14.7973L4.07616 11.7554C3.82239 11.5017 3.68261 11.1643 3.68261 10.8055C3.68261 10.4465 3.82239 10.1092 4.07616 9.85542C4.32984 9.60164 4.66718 9.46187 5.02613 9.46187C5.38498 9.46187 5.72242 9.60164 5.97609 9.85552L8.06784 11.9472L13.0861 6.92889C13.3399 6.67512 13.6772 6.53544 14.0361 6.53544C14.3949 6.53544 14.7323 6.67512 14.986 6.92889C15.51 7.4529 15.51 8.30512 14.9862 8.82892Z\" fill=\"#B7DB57\"><\/path><\/svg>\t\t\t\t\t\t<\/span>\n\t\t\t\t\t\t\t\t\t\t<span class=\"elementor-icon-list-text\">Guide d'utilisation des panneaux ACH selon le CTE-DB - S\u00e9curit\u00e9 d'utilisation et accessibilit\u00e9<\/span>\n\t\t\t\t\t\t\t\t\t<\/li>\n\t\t\t\t\t\t\t\t<li class=\"elementor-icon-list-item\">\n\t\t\t\t\t\t\t\t\t\t\t<span class=\"elementor-icon-list-icon\">\n\t\t\t\t\t\t\t<svg xmlns=\"http:\/\/www.w3.org\/2000\/svg\" width=\"20\" height=\"20\" viewBox=\"0 0 20 20\" fill=\"none\"><path d=\"M9.5312 0.933594C4.29296 0.933594 0.03125 5.1952 0.03125 10.4335C0.03125 15.6719 4.29296 19.9336 9.5312 19.9336C14.7694 19.9336 19.0312 15.6719 19.0312 10.4335C19.0312 5.1952 14.7695 0.933594 9.5312 0.933594ZM14.9862 8.82892L9.0179 14.7973C8.76413 15.051 8.42679 15.1907 8.06794 15.1907C7.70909 15.1907 7.37175 15.051 7.11797 14.7973L4.07616 11.7554C3.82239 11.5017 3.68261 11.1643 3.68261 10.8055C3.68261 10.4465 3.82239 10.1092 4.07616 9.85542C4.32984 9.60164 4.66718 9.46187 5.02613 9.46187C5.38498 9.46187 5.72242 9.60164 5.97609 9.85552L8.06784 11.9472L13.0861 6.92889C13.3399 6.67512 13.6772 6.53544 14.0361 6.53544C14.3949 6.53544 14.7323 6.67512 14.986 6.92889C15.51 7.4529 15.51 8.30512 14.9862 8.82892Z\" fill=\"#B7DB57\"><\/path><\/svg>\t\t\t\t\t\t<\/span>\n\t\t\t\t\t\t\t\t\t\t<span class=\"elementor-icon-list-text\">Guide d'utilisation des panneaux ACH selon le CTE-DB-Protection contre le bruit<\/span>\n\t\t\t\t\t\t\t\t\t<\/li>\n\t\t\t\t\t\t\t\t<li class=\"elementor-icon-list-item\">\n\t\t\t\t\t\t\t\t\t\t\t<span class=\"elementor-icon-list-icon\">\n\t\t\t\t\t\t\t<svg xmlns=\"http:\/\/www.w3.org\/2000\/svg\" width=\"20\" height=\"20\" viewBox=\"0 0 20 20\" fill=\"none\"><path d=\"M9.5312 0.933594C4.29296 0.933594 0.03125 5.1952 0.03125 10.4335C0.03125 15.6719 4.29296 19.9336 9.5312 19.9336C14.7694 19.9336 19.0312 15.6719 19.0312 10.4335C19.0312 5.1952 14.7695 0.933594 9.5312 0.933594ZM14.9862 8.82892L9.0179 14.7973C8.76413 15.051 8.42679 15.1907 8.06794 15.1907C7.70909 15.1907 7.37175 15.051 7.11797 14.7973L4.07616 11.7554C3.82239 11.5017 3.68261 11.1643 3.68261 10.8055C3.68261 10.4465 3.82239 10.1092 4.07616 9.85542C4.32984 9.60164 4.66718 9.46187 5.02613 9.46187C5.38498 9.46187 5.72242 9.60164 5.97609 9.85552L8.06784 11.9472L13.0861 6.92889C13.3399 6.67512 13.6772 6.53544 14.0361 6.53544C14.3949 6.53544 14.7323 6.67512 14.986 6.92889C15.51 7.4529 15.51 8.30512 14.9862 8.82892Z\" fill=\"#B7DB57\"><\/path><\/svg>\t\t\t\t\t\t<\/span>\n\t\t\t\t\t\t\t\t\t\t<span class=\"elementor-icon-list-text\">Guide d'utilisation des panneaux ACH selon le CTE-DB-Economie d'\u00e9nergie<\/span>\n\t\t\t\t\t\t\t\t\t<\/li>\n\t\t\t\t\t\t\t\t<li class=\"elementor-icon-list-item\">\n\t\t\t\t\t\t\t\t\t\t\t<span class=\"elementor-icon-list-icon\">\n\t\t\t\t\t\t\t<svg xmlns=\"http:\/\/www.w3.org\/2000\/svg\" width=\"20\" height=\"20\" viewBox=\"0 0 20 20\" fill=\"none\"><path d=\"M9.5312 0.933594C4.29296 0.933594 0.03125 5.1952 0.03125 10.4335C0.03125 15.6719 4.29296 19.9336 9.5312 19.9336C14.7694 19.9336 19.0312 15.6719 19.0312 10.4335C19.0312 5.1952 14.7695 0.933594 9.5312 0.933594ZM14.9862 8.82892L9.0179 14.7973C8.76413 15.051 8.42679 15.1907 8.06794 15.1907C7.70909 15.1907 7.37175 15.051 7.11797 14.7973L4.07616 11.7554C3.82239 11.5017 3.68261 11.1643 3.68261 10.8055C3.68261 10.4465 3.82239 10.1092 4.07616 9.85542C4.32984 9.60164 4.66718 9.46187 5.02613 9.46187C5.38498 9.46187 5.72242 9.60164 5.97609 9.85552L8.06784 11.9472L13.0861 6.92889C13.3399 6.67512 13.6772 6.53544 14.0361 6.53544C14.3949 6.53544 14.7323 6.67512 14.986 6.92889C15.51 7.4529 15.51 8.30512 14.9862 8.82892Z\" fill=\"#B7DB57\"><\/path><\/svg>\t\t\t\t\t\t<\/span>\n\t\t\t\t\t\t\t\t\t\t<span class=\"elementor-icon-list-text\">Guide d'utilisation des panneaux ACH selon le R\u00e8glement de s\u00e9curit\u00e9 incendie des \u00e9tablissements industriels (RSCIEI)<\/span>\n\t\t\t\t\t\t\t\t\t<\/li>\n\t\t\t\t\t\t<\/ul>\n\t\t\t\t\t\t<\/div>\n\t\t\t\t<\/div>\n\t\t<div class=\"elementor-element elementor-element-8d12b3a e-con-full e-flex e-con e-child\" data-id=\"8d12b3a\" data-element_type=\"container\" data-e-type=\"container\">\n\t\t<div class=\"elementor-element elementor-element-ea268f8 e-con-full e-flex e-con e-child\" data-id=\"ea268f8\" data-element_type=\"container\" data-e-type=\"container\">\n\t\t\t\t<div class=\"elementor-element elementor-element-f7b4bf2 elementor-align-left elementor-widget elementor-widget-button\" data-id=\"f7b4bf2\" data-element_type=\"widget\" data-e-type=\"widget\" data-widget_type=\"button.default\">\n\t\t\t\t<div class=\"elementor-widget-container\">\n\t\t\t\t\t\t\t\t\t<div class=\"elementor-button-wrapper\">\n\t\t\t\t\t<a class=\"elementor-button elementor-button-link elementor-size-sm\" href=\"https:\/\/www.panelesach.com\/wp-content\/uploads\/2024\/10\/01_uso_paneles_ACH_CTE-DB-SE.pdf\" target=\"_blank\">\n\t\t\t\t\t\t<span class=\"elementor-button-content-wrapper\">\n\t\t\t\t\t\t<span class=\"elementor-button-icon\">\n\t\t\t\t<svg xmlns=\"http:\/\/www.w3.org\/2000\/svg\" width=\"30\" height=\"30\" viewBox=\"0 0 30 30\" fill=\"none\"><path d=\"M26.3281 12.2773H24.5156C23.768 12.2773 23.1562 12.8891 23.1562 13.6367V19.9805C23.1562 20.2297 22.9523 20.4336 22.7031 20.4336H7.29688C7.04766 20.4336 6.84375 20.2297 6.84375 19.9805V13.6367C6.84375 12.8891 6.23204 12.2773 5.48438 12.2773H3.67188C2.92421 12.2773 2.3125 12.8891 2.3125 13.6367V23.6055C2.3125 24.3531 2.92421 24.9648 3.67188 24.9648H26.3281C27.0758 24.9648 27.6875 24.3531 27.6875 23.6055V13.6367C27.6875 12.8891 27.0758 12.2773 26.3281 12.2773Z\" fill=\"white\"><\/path><path d=\"M14.6199 18.4126C14.7814 18.6867 15.2196 18.6884 15.3811 18.4126L19.4593 12.0689C19.656 11.7806 19.4276 11.3606 19.0786 11.3711L17.2661 11.3711V4.57422C17.2661 4.325 17.0622 4.12109 16.813 4.12109H13.188C12.9388 4.12109 12.7349 4.325 12.7349 4.57422V11.3711H10.9224C10.5748 11.3604 10.3437 11.7808 10.5418 12.0689L14.6199 18.4126Z\" fill=\"white\"><\/path><\/svg>\t\t\t<\/span>\n\t\t\t\t\t\t\t\t\t<span class=\"elementor-button-text\"> CTE-DB-SE<\/span>\n\t\t\t\t\t<\/span>\n\t\t\t\t\t<\/a>\n\t\t\t\t<\/div>\n\t\t\t\t\t\t\t\t<\/div>\n\t\t\t\t<\/div>\n\t\t\t\t<div class=\"elementor-element elementor-element-055fdc3 elementor-align-left elementor-widget elementor-widget-button\" data-id=\"055fdc3\" data-element_type=\"widget\" data-e-type=\"widget\" data-widget_type=\"button.default\">\n\t\t\t\t<div class=\"elementor-widget-container\">\n\t\t\t\t\t\t\t\t\t<div class=\"elementor-button-wrapper\">\n\t\t\t\t\t<a class=\"elementor-button elementor-button-link elementor-size-sm\" href=\"https:\/\/www.panelesach.com\/wp-content\/uploads\/2024\/10\/02_uso_paneles_ACH_CTE-DB-SI.pdf\" target=\"_blank\">\n\t\t\t\t\t\t<span class=\"elementor-button-content-wrapper\">\n\t\t\t\t\t\t<span class=\"elementor-button-icon\">\n\t\t\t\t<svg xmlns=\"http:\/\/www.w3.org\/2000\/svg\" width=\"30\" height=\"30\" viewBox=\"0 0 30 30\" fill=\"none\"><path d=\"M26.3281 12.2773H24.5156C23.768 12.2773 23.1562 12.8891 23.1562 13.6367V19.9805C23.1562 20.2297 22.9523 20.4336 22.7031 20.4336H7.29688C7.04766 20.4336 6.84375 20.2297 6.84375 19.9805V13.6367C6.84375 12.8891 6.23204 12.2773 5.48438 12.2773H3.67188C2.92421 12.2773 2.3125 12.8891 2.3125 13.6367V23.6055C2.3125 24.3531 2.92421 24.9648 3.67188 24.9648H26.3281C27.0758 24.9648 27.6875 24.3531 27.6875 23.6055V13.6367C27.6875 12.8891 27.0758 12.2773 26.3281 12.2773Z\" fill=\"white\"><\/path><path d=\"M14.6199 18.4126C14.7814 18.6867 15.2196 18.6884 15.3811 18.4126L19.4593 12.0689C19.656 11.7806 19.4276 11.3606 19.0786 11.3711L17.2661 11.3711V4.57422C17.2661 4.325 17.0622 4.12109 16.813 4.12109H13.188C12.9388 4.12109 12.7349 4.325 12.7349 4.57422V11.3711H10.9224C10.5748 11.3604 10.3437 11.7808 10.5418 12.0689L14.6199 18.4126Z\" fill=\"white\"><\/path><\/svg>\t\t\t<\/span>\n\t\t\t\t\t\t\t\t\t<span class=\"elementor-button-text\"> CTE-DB-SI<\/span>\n\t\t\t\t\t<\/span>\n\t\t\t\t\t<\/a>\n\t\t\t\t<\/div>\n\t\t\t\t\t\t\t\t<\/div>\n\t\t\t\t<\/div>\n\t\t\t\t<div class=\"elementor-element elementor-element-e9452a3 elementor-align-left elementor-widget elementor-widget-button\" data-id=\"e9452a3\" data-element_type=\"widget\" data-e-type=\"widget\" data-widget_type=\"button.default\">\n\t\t\t\t<div class=\"elementor-widget-container\">\n\t\t\t\t\t\t\t\t\t<div class=\"elementor-button-wrapper\">\n\t\t\t\t\t<a class=\"elementor-button elementor-button-link elementor-size-sm\" href=\"https:\/\/www.panelesach.com\/wp-content\/uploads\/2024\/10\/03_uso_paneles_ACH_CTE-DB-SUA.pdf\" target=\"_blank\">\n\t\t\t\t\t\t<span class=\"elementor-button-content-wrapper\">\n\t\t\t\t\t\t<span class=\"elementor-button-icon\">\n\t\t\t\t<svg xmlns=\"http:\/\/www.w3.org\/2000\/svg\" width=\"30\" height=\"30\" viewBox=\"0 0 30 30\" fill=\"none\"><path d=\"M26.3281 12.2773H24.5156C23.768 12.2773 23.1562 12.8891 23.1562 13.6367V19.9805C23.1562 20.2297 22.9523 20.4336 22.7031 20.4336H7.29688C7.04766 20.4336 6.84375 20.2297 6.84375 19.9805V13.6367C6.84375 12.8891 6.23204 12.2773 5.48438 12.2773H3.67188C2.92421 12.2773 2.3125 12.8891 2.3125 13.6367V23.6055C2.3125 24.3531 2.92421 24.9648 3.67188 24.9648H26.3281C27.0758 24.9648 27.6875 24.3531 27.6875 23.6055V13.6367C27.6875 12.8891 27.0758 12.2773 26.3281 12.2773Z\" fill=\"white\"><\/path><path d=\"M14.6199 18.4126C14.7814 18.6867 15.2196 18.6884 15.3811 18.4126L19.4593 12.0689C19.656 11.7806 19.4276 11.3606 19.0786 11.3711L17.2661 11.3711V4.57422C17.2661 4.325 17.0622 4.12109 16.813 4.12109H13.188C12.9388 4.12109 12.7349 4.325 12.7349 4.57422V11.3711H10.9224C10.5748 11.3604 10.3437 11.7808 10.5418 12.0689L14.6199 18.4126Z\" fill=\"white\"><\/path><\/svg>\t\t\t<\/span>\n\t\t\t\t\t\t\t\t\t<span class=\"elementor-button-text\">CTE-DB-SUA<\/span>\n\t\t\t\t\t<\/span>\n\t\t\t\t\t<\/a>\n\t\t\t\t<\/div>\n\t\t\t\t\t\t\t\t<\/div>\n\t\t\t\t<\/div>\n\t\t\t\t<\/div>\n\t\t<div class=\"elementor-element elementor-element-751cbb3 e-con-full e-flex e-con e-child\" data-id=\"751cbb3\" data-element_type=\"container\" data-e-type=\"container\">\n\t\t\t\t<div class=\"elementor-element elementor-element-82724e3 elementor-align-left elementor-widget elementor-widget-button\" data-id=\"82724e3\" data-element_type=\"widget\" data-e-type=\"widget\" data-widget_type=\"button.default\">\n\t\t\t\t<div class=\"elementor-widget-container\">\n\t\t\t\t\t\t\t\t\t<div class=\"elementor-button-wrapper\">\n\t\t\t\t\t<a class=\"elementor-button elementor-button-link elementor-size-sm\" href=\"https:\/\/www.panelesach.com\/wp-content\/uploads\/2024\/10\/04_uso_paneles_ACH_CTE-DB-HE.pdf\" target=\"_blank\">\n\t\t\t\t\t\t<span class=\"elementor-button-content-wrapper\">\n\t\t\t\t\t\t<span class=\"elementor-button-icon\">\n\t\t\t\t<svg xmlns=\"http:\/\/www.w3.org\/2000\/svg\" width=\"30\" height=\"30\" viewBox=\"0 0 30 30\" fill=\"none\"><path d=\"M26.3281 12.2773H24.5156C23.768 12.2773 23.1562 12.8891 23.1562 13.6367V19.9805C23.1562 20.2297 22.9523 20.4336 22.7031 20.4336H7.29688C7.04766 20.4336 6.84375 20.2297 6.84375 19.9805V13.6367C6.84375 12.8891 6.23204 12.2773 5.48438 12.2773H3.67188C2.92421 12.2773 2.3125 12.8891 2.3125 13.6367V23.6055C2.3125 24.3531 2.92421 24.9648 3.67188 24.9648H26.3281C27.0758 24.9648 27.6875 24.3531 27.6875 23.6055V13.6367C27.6875 12.8891 27.0758 12.2773 26.3281 12.2773Z\" fill=\"white\"><\/path><path d=\"M14.6199 18.4126C14.7814 18.6867 15.2196 18.6884 15.3811 18.4126L19.4593 12.0689C19.656 11.7806 19.4276 11.3606 19.0786 11.3711L17.2661 11.3711V4.57422C17.2661 4.325 17.0622 4.12109 16.813 4.12109H13.188C12.9388 4.12109 12.7349 4.325 12.7349 4.57422V11.3711H10.9224C10.5748 11.3604 10.3437 11.7808 10.5418 12.0689L14.6199 18.4126Z\" fill=\"white\"><\/path><\/svg>\t\t\t<\/span>\n\t\t\t\t\t\t\t\t\t<span class=\"elementor-button-text\">CTE-DB-HE<\/span>\n\t\t\t\t\t<\/span>\n\t\t\t\t\t<\/a>\n\t\t\t\t<\/div>\n\t\t\t\t\t\t\t\t<\/div>\n\t\t\t\t<\/div>\n\t\t\t\t<div class=\"elementor-element elementor-element-6dc04b3 elementor-align-left elementor-widget elementor-widget-button\" data-id=\"6dc04b3\" data-element_type=\"widget\" data-e-type=\"widget\" data-widget_type=\"button.default\">\n\t\t\t\t<div class=\"elementor-widget-container\">\n\t\t\t\t\t\t\t\t\t<div class=\"elementor-button-wrapper\">\n\t\t\t\t\t<a class=\"elementor-button elementor-button-link elementor-size-sm\" href=\"https:\/\/www.panelesach.com\/wp-content\/uploads\/2024\/10\/05_uso_paneles_ACH_CTE-DB-HR.pdf\" target=\"_blank\">\n\t\t\t\t\t\t<span class=\"elementor-button-content-wrapper\">\n\t\t\t\t\t\t<span class=\"elementor-button-icon\">\n\t\t\t\t<svg xmlns=\"http:\/\/www.w3.org\/2000\/svg\" width=\"30\" height=\"30\" viewBox=\"0 0 30 30\" fill=\"none\"><path d=\"M26.3281 12.2773H24.5156C23.768 12.2773 23.1562 12.8891 23.1562 13.6367V19.9805C23.1562 20.2297 22.9523 20.4336 22.7031 20.4336H7.29688C7.04766 20.4336 6.84375 20.2297 6.84375 19.9805V13.6367C6.84375 12.8891 6.23204 12.2773 5.48438 12.2773H3.67188C2.92421 12.2773 2.3125 12.8891 2.3125 13.6367V23.6055C2.3125 24.3531 2.92421 24.9648 3.67188 24.9648H26.3281C27.0758 24.9648 27.6875 24.3531 27.6875 23.6055V13.6367C27.6875 12.8891 27.0758 12.2773 26.3281 12.2773Z\" fill=\"white\"><\/path><path d=\"M14.6199 18.4126C14.7814 18.6867 15.2196 18.6884 15.3811 18.4126L19.4593 12.0689C19.656 11.7806 19.4276 11.3606 19.0786 11.3711L17.2661 11.3711V4.57422C17.2661 4.325 17.0622 4.12109 16.813 4.12109H13.188C12.9388 4.12109 12.7349 4.325 12.7349 4.57422V11.3711H10.9224C10.5748 11.3604 10.3437 11.7808 10.5418 12.0689L14.6199 18.4126Z\" fill=\"white\"><\/path><\/svg>\t\t\t<\/span>\n\t\t\t\t\t\t\t\t\t<span class=\"elementor-button-text\">CTE-DB-HR<\/span>\n\t\t\t\t\t<\/span>\n\t\t\t\t\t<\/a>\n\t\t\t\t<\/div>\n\t\t\t\t\t\t\t\t<\/div>\n\t\t\t\t<\/div>\n\t\t\t\t<div class=\"elementor-element elementor-element-0304ddd elementor-align-left elementor-widget elementor-widget-button\" data-id=\"0304ddd\" data-element_type=\"widget\" data-e-type=\"widget\" data-widget_type=\"button.default\">\n\t\t\t\t<div class=\"elementor-widget-container\">\n\t\t\t\t\t\t\t\t\t<div class=\"elementor-button-wrapper\">\n\t\t\t\t\t<a class=\"elementor-button elementor-button-link elementor-size-sm\" href=\"https:\/\/www.panelesach.com\/wp-content\/uploads\/2024\/10\/06_uso_paneles_ACH_RSCIEI.pdf\" target=\"_blank\">\n\t\t\t\t\t\t<span class=\"elementor-button-content-wrapper\">\n\t\t\t\t\t\t<span class=\"elementor-button-icon\">\n\t\t\t\t<svg xmlns=\"http:\/\/www.w3.org\/2000\/svg\" width=\"30\" height=\"30\" viewBox=\"0 0 30 30\" fill=\"none\"><path d=\"M26.3281 12.2773H24.5156C23.768 12.2773 23.1562 12.8891 23.1562 13.6367V19.9805C23.1562 20.2297 22.9523 20.4336 22.7031 20.4336H7.29688C7.04766 20.4336 6.84375 20.2297 6.84375 19.9805V13.6367C6.84375 12.8891 6.23204 12.2773 5.48438 12.2773H3.67188C2.92421 12.2773 2.3125 12.8891 2.3125 13.6367V23.6055C2.3125 24.3531 2.92421 24.9648 3.67188 24.9648H26.3281C27.0758 24.9648 27.6875 24.3531 27.6875 23.6055V13.6367C27.6875 12.8891 27.0758 12.2773 26.3281 12.2773Z\" fill=\"white\"><\/path><path d=\"M14.6199 18.4126C14.7814 18.6867 15.2196 18.6884 15.3811 18.4126L19.4593 12.0689C19.656 11.7806 19.4276 11.3606 19.0786 11.3711L17.2661 11.3711V4.57422C17.2661 4.325 17.0622 4.12109 16.813 4.12109H13.188C12.9388 4.12109 12.7349 4.325 12.7349 4.57422V11.3711H10.9224C10.5748 11.3604 10.3437 11.7808 10.5418 12.0689L14.6199 18.4126Z\" fill=\"white\"><\/path><\/svg>\t\t\t<\/span>\n\t\t\t\t\t\t\t\t\t<span class=\"elementor-button-text\">RSCIEI<\/span>\n\t\t\t\t\t<\/span>\n\t\t\t\t\t<\/a>\n\t\t\t\t<\/div>\n\t\t\t\t\t\t\t\t<\/div>\n\t\t\t\t<\/div>\n\t\t\t\t<\/div>\n\t\t\t\t<\/div>\n\t\t\t\t<\/div>\n\t\t<div class=\"elementor-element elementor-element-9db522c e-con-full e-flex e-con e-child\" data-id=\"9db522c\" data-element_type=\"container\" data-e-type=\"container\">\n\t\t\t\t<div class=\"elementor-element elementor-element-6c20177 elementor-widget elementor-widget-image\" data-id=\"6c20177\" data-element_type=\"widget\" data-e-type=\"widget\" data-widget_type=\"image.default\">\n\t\t\t\t<div class=\"elementor-widget-container\">\n\t\t\t\t\t\t\t\t\t\t\t\t\t\t\t<img fetchpriority=\"high\" decoding=\"async\" width=\"458\" height=\"414\" src=\"https:\/\/www.panelesach.com\/wp-content\/uploads\/2024\/10\/paneles_ach_paneles_sandwich_guias_uso.jpg\" class=\"attachment-large size-large wp-image-5728\" alt=\"\" srcset=\"https:\/\/www.panelesach.com\/wp-content\/uploads\/2024\/10\/paneles_ach_paneles_sandwich_guias_uso.jpg 458w, https:\/\/www.panelesach.com\/wp-content\/uploads\/2024\/10\/paneles_ach_paneles_sandwich_guias_uso-300x271.jpg 300w\" sizes=\"(max-width: 458px) 100vw, 458px\" \/>\t\t\t\t\t\t\t\t\t\t\t\t\t\t\t<\/div>\n\t\t\t\t<\/div>\n\t\t\t\t<\/div>\n\t\t\t\t<\/div>\n\t\t\t\t\t<\/div>\n\t\t\t\t<\/div>\n\t\t\t\t<\/div>\n\t\t","protected":false},"excerpt":{"rendered":"<p>Guides d&rsquo;utilisation du panel ACH Dans cette section, vous pouvez consulter et t\u00e9l\u00e9charger nos guides d&rsquo;utilisation des panneaux ACH, qui se r\u00e9f\u00e8rent \u00e0 tous les documents de base du Code technique de la construction (CTE) et du R\u00e8glement de s\u00e9curit\u00e9 incendie pour les \u00e9tablissements industriels (RSCIEI). Guide d&rsquo;utilisation des panneaux ACH selon CTE-DB &#8211; S\u00e9curit\u00e9 [&hellip;]<\/p>\n","protected":false},"author":1,"featured_media":0,"parent":8199,"menu_order":0,"comment_status":"closed","ping_status":"closed","template":"","meta":{"_acf_changed":false,"footnotes":""},"class_list":["post-8188","page","type-page","status-publish","hentry"],"acf":[],"_links":{"self":[{"href":"https:\/\/www.panelesach.com\/fr\/wp-json\/wp\/v2\/pages\/8188","targetHints":{"allow":["GET"]}}],"collection":[{"href":"https:\/\/www.panelesach.com\/fr\/wp-json\/wp\/v2\/pages"}],"about":[{"href":"https:\/\/www.panelesach.com\/fr\/wp-json\/wp\/v2\/types\/page"}],"author":[{"embeddable":true,"href":"https:\/\/www.panelesach.com\/fr\/wp-json\/wp\/v2\/users\/1"}],"replies":[{"embeddable":true,"href":"https:\/\/www.panelesach.com\/fr\/wp-json\/wp\/v2\/comments?post=8188"}],"version-history":[{"count":0,"href":"https:\/\/www.panelesach.com\/fr\/wp-json\/wp\/v2\/pages\/8188\/revisions"}],"up":[{"embeddable":true,"href":"https:\/\/www.panelesach.com\/fr\/wp-json\/wp\/v2\/pages\/8199"}],"wp:attachment":[{"href":"https:\/\/www.panelesach.com\/fr\/wp-json\/wp\/v2\/media?parent=8188"}],"curies":[{"name":"wp","href":"https:\/\/api.w.org\/{rel}","templated":true}]}}