{"id":5015,"date":"2024-11-14T11:45:32","date_gmt":"2024-11-14T10:45:32","guid":{"rendered":"https:\/\/www.panelesach.com\/?page_id=5015"},"modified":"2024-11-14T12:03:15","modified_gmt":"2024-11-14T11:03:15","slug":"politica-de-cookies","status":"publish","type":"page","link":"https:\/\/www.panelesach.com\/fr\/politica-de-cookies\/","title":{"rendered":"Pol\u00edtica de Cookies"},"content":{"rendered":"<p class=\"p2\">En nuestra p\u00e1gina utilizamos cookies propias y de terceros para mejorar nuestros servicios y ofrecerle una mejor experiencia de navegaci\u00f3n.<\/p>\n<p class=\"p3\">Sin su expreso consentimiento \u2013mediante la activaci\u00f3n de las cookies\u2013no se instalar\u00e1n las cookies que no sean estrictamente necesarias para el funcionamiento del web.<\/p>\n<p class=\"p2\">\u00bfQu\u00e9 son las cookies?<\/p>\n<p class=\"p2\">Una cookie es un fragmento peque\u00f1o de datos (archivos de texto) que un sitio web, cuando es visitado por un usuario, le pregunta a su navegador para almacenarse en su dispositivo y as\u00ed recordar informaci\u00f3n acerca de usted, como por ejemplo la preferencia de idioma o su informaci\u00f3n para iniciar sesi\u00f3n. Estas cookies son establecidas por nosotros, y se llaman cookies de primeras partes. Tambi\u00e9n usamos cookies de terceras partes (que son cookies de un dominio diferente al dominio del sitio web que est\u00e1 visitando) para nuestros estudios de anuncios y marketing. Espec\u00edficamente, usamos las cookies y otras tecnolog\u00edas de seguimiento para los siguientes prop\u00f3sitos:<\/p>\n<p class=\"p4\"><strong>Tipos de cookies que utiliza esta web<\/strong><\/p>\n<p class=\"p3\">&#8211;\u00a0<strong>Cookies t\u00e9cnicas<\/strong>:\u00a0Son aquellas que permiten al usuario la navegaci\u00f3n a trav\u00e9s de una p\u00e1gina web, plataforma o aplicaci\u00f3n y la utilizaci\u00f3n de las diferentes opciones o servicios que en ella existan;\u00a0como, por ejemplo, controlar el tr\u00e1fico y la comunicaci\u00f3n de datos, identificar la sesi\u00f3n, acceder a partes de acceso restringido, recordar los elementos que integran un pedido, realizar el proceso de compra de un pedido, realizar la solicitud de inscripci\u00f3n o participaci\u00f3n en un evento, utilizar elementos de seguridad durante la navegaci\u00f3n, almacenar contenidos para la difusi\u00f3n de videos o sonido o compartir contenidos a trav\u00e9s de redes sociales.<\/p>\n<p class=\"p3\">&#8211;\u00a0<strong>Cookies de personalizaci\u00f3n<\/strong>:\u00a0Son aquellas que permiten al usuario acceder al servicio con algunas caracter\u00edsticas de car\u00e1cter general predefinidas en funci\u00f3n de una serie de criterios en el terminal del usuario como por ejemplo serian el idioma, el tipo de navegador a trav\u00e9s del cual accede al servicio, la configuraci\u00f3n regional desde donde accede al servicio, etc.<\/p>\n<p class=\"p3\">&#8211;\u00a0<strong>Cookies de an\u00e1lisis<\/strong>:\u00a0Son aquellas que, bien tratadas por nosotros o por terceros, nos permiten cuantificar el n\u00famero de usuarios y as\u00ed realizar la medici\u00f3n y an\u00e1lisis estad\u00edstico de la utilizaci\u00f3n que hacen los usuarios del servicio ofertado. Para ello se analiza su navegaci\u00f3n en nuestra p\u00e1gina web con el fin de mejorar la oferta de productos o servicios que le ofrecemos.<\/p>\n<p class=\"p4\">La web de\u00a0<strong>SAINT-GOBAIN<\/strong>\u00a0<strong>Transformados<\/strong>\u00a0puede utilizar servicios de terceros que recopilaran informaci\u00f3n con fines estad\u00edsticos, de uso del site por parte del usuario y para la prestaci\u00f3n de otros servicios relacionados con la actividad del website y otros servicios de Internet.<\/p>\n<p class=\"p2\"><span class=\"Apple-converted-space\">\u00a0<\/span>Estas son las cookies propias y de terceros que\u00a0se\u00a0usan en\u00a0el portal\u00a0y su\u00a0prop\u00f3sito:<\/p>\n<table class=\"t1\" cellspacing=\"0\" cellpadding=\"0\">\n<tbody>\n<tr>\n<td class=\"td1\" valign=\"middle\">\n<p class=\"p3\"><strong>Tipo de cookies<\/strong><\/p>\n<\/td>\n<td class=\"td2\" valign=\"top\">\n<p class=\"p3\"><strong>Nombre cookie<\/strong><\/p>\n<\/td>\n<td class=\"td3\" valign=\"middle\">\n<p class=\"p3\"><strong>Finalidad<\/strong><\/p>\n<\/td>\n<td class=\"td4\" valign=\"top\">\n<p class=\"p3\"><strong>Caducidad<\/strong><\/p>\n<\/td>\n<\/tr>\n<tr>\n<td class=\"td5\" rowspan=\"2\" valign=\"middle\">\n<p class=\"p3\"><strong>Cookies t\u00e9cnicas<\/strong><\/p>\n<\/td>\n<td class=\"td6\" valign=\"top\">\n<p class=\"p3\">Cookie de terceros (Adthis.com)<\/p>\n<p class=\"p3\">__atuvc<\/p>\n<p class=\"p3\">__atuvs<\/p>\n<\/td>\n<td class=\"td7\" valign=\"middle\">\n<p class=\"p3\">Gesti\u00f3n del n\u00famero de accesos actualizado en caso de salida y regreso al web<\/p>\n<\/td>\n<td class=\"td8\" valign=\"top\">\n<p class=\"p3\">Persistente: 2 a\u00f1os.<\/p>\n<p class=\"p3\">Transcurrido este per\u00edodo las cookies se eliminar\u00e1n.<\/p>\n<\/td>\n<\/tr>\n<tr>\n<td class=\"td9\" valign=\"top\">\n<p class=\"p3\">cb-enabled<\/p>\n<\/td>\n<td class=\"td10\" valign=\"middle\">\n<p class=\"p3\">Gestiona y recoge el consentimiento de aceptaci\u00f3n de cookies del usuario<span class=\"Apple-converted-space\">\u00a0<\/span><\/p>\n<\/td>\n<td class=\"td11\" valign=\"top\">\n<p class=\"p3\">Persistente: 2 a\u00f1os<\/p>\n<p class=\"p3\">Transcurrido este per\u00edodo las cookies se eliminar\u00e1n<\/p>\n<\/td>\n<\/tr>\n<tr>\n<td class=\"td12\" rowspan=\"2\" valign=\"middle\">\n<p class=\"p3\"><strong>Cookies de an\u00e1lisis<\/strong><\/p>\n<\/td>\n<td class=\"td13\" valign=\"top\">\n<p class=\"p3\">Cookies de terceros (google analytics):<\/p>\n<p class=\"p3\">_gid<\/p>\n<p class=\"p3\">_ga<\/p>\n<p class=\"p3\">_gat_local<\/p>\n<\/td>\n<td class=\"td14\" valign=\"middle\">\n<p class=\"p3\">Estas cookies de Google Analytics generan un ID de usuario an\u00f3nimo, que es el que se utiliza para hacer recuento de cuantas veces visita el sitio un usuario. Tambi\u00e9n registra cuando fue la primera y la \u00faltima vez que visit\u00f3 la web<\/p>\n<p class=\"p3\">Se tratan datos agregados sin identificar a los usuarios. Las cookies de an\u00e1lisis de audiencia se llevan a cabo mediante las cookies de terceros de Google Analytics. Posteriormente, esta informaci\u00f3n se env\u00eda a los servidores de Google Inc. en Estados Unidos u otros territorios.\u00a0<span class=\"Apple-converted-space\">\u00a0<\/span><\/p>\n<\/td>\n<td class=\"td15\" valign=\"top\">\n<p class=\"p3\">_gid, _ga, _gat_local: Persistentes. Per\u00edodo de conservaci\u00f3n de 2 a\u00f1os.<span class=\"Apple-converted-space\">\u00a0<\/span><\/p>\n<p class=\"p3\">Transcurrido este per\u00edodo las cookies se eliminar\u00e1n.<\/p>\n<\/td>\n<\/tr>\n<tr>\n<td class=\"td16\" valign=\"top\">\n<p class=\"p3\">uvc<\/p>\n<p class=\"p3\">loc<\/p>\n<p class=\"p3\">Cookie de terceros (Adthis.com)<\/p>\n<\/td>\n<td class=\"td17\" valign=\"middle\">\n<p class=\"p3\">Esta cookie asigna un identificador \u00fanico del usuario para medir el n\u00famero y el comportamiento de los visitantes del sitio web de forma an\u00f3nima. Los datos incluyen el n\u00famero de visitas, la duraci\u00f3n media de la visita en el sitio web, las p\u00e1ginas visitadas, etc. El objetivo es comprender las preferencias del usuario para ofrecer publicidad seg\u00fan sus preferencias.<\/p>\n<\/td>\n<td class=\"td18\" valign=\"top\">\n<p class=\"p3\">Persistente: 2 a\u00f1os<\/p>\n<p class=\"p3\">Transcurrido este per\u00edodo las cookies se eliminar\u00e1n<\/p>\n<\/td>\n<\/tr>\n<\/tbody>\n<\/table>\n<p class=\"p2\"><span class=\"Apple-converted-space\">\u00a0<\/span>Mediante el uso de nuestras cookies no se lleva a cabo elaboraci\u00f3n de perfiles ni tratamiento que implique decisiones automatizadas con efectos jur\u00eddicos para el usuario o que le afecten significativamente de modo similar.<\/p>\n<p class=\"p2\"><strong>Transferencia internacional de datos personales<\/strong><\/p>\n<p class=\"p2\">No se realizan transferencia internacional de datos personales.<\/p>\n<p class=\"p2\">Aunque la informaci\u00f3n extra\u00edda de las cookies anal\u00edticas se transfiera fuera del Espacio Econ\u00f3mico Europeo, no se realiza una transferencia internacional de datos personales, ya que no nos permite identificar a los usuarios ni se utiliza para distinguir a unos usuarios de otros ni se realiza un seguimiento individualizado de estos mismos.<\/p>\n<p class=\"p2\"><strong>Periodo de conservaci\u00f3n de las cookies<\/strong><\/p>\n<p class=\"p2\">Las cookies se conservar\u00e1n un periodo m\u00ednimo de 1 minuto y un m\u00e1ximo 24 meses, en funci\u00f3n del tipo de cookies seg\u00fan la tabla anterior. El usuario puede revocar su consentimiento mediante los mecanismos que se describen en el siguiente apartado, borrando total o parciamente las cookies que considere.<\/p>\n<p class=\"p2\"><strong>\u00bfC\u00f3mo se pueden administrar las cookies al navegador?<\/strong><\/p>\n<p class=\"p2\">La instalaci\u00f3n de cookies se realiza siempre y cuando el usuario autorice en su navegador a su instalaci\u00f3n, tanto en sus p\u00e1ginas como en las enlazadas o referenciadas mediante links, sin recoger en ning\u00fan momento datos personales ni confidenciales del usuario ni perfiles de comportamiento de los usuarios y garantizando el anonimato del usuario.<\/p>\n<p class=\"p2\">La instalaci\u00f3n de cookies se realiza \u00fanicamente cuando el usuario ACEPTA el uso de las mismas en el primer acceso al web mediante una ventana informativa o bien mediante el cuadro de CONFIGURACI\u00d3N, donde podr\u00e1 configurar la aceptaci\u00f3n de las cookies que no sean imprescindibles para el funcionamiento de la web.<\/p>\n<p class=\"p2\">El usuario en cualquier momento puede denegar o revocar el consentimiento para el uso de cookies. Aquellos usuarios que no deseen recibir Cookies, podr\u00e1 delimitar la instalaci\u00f3n de determinadas cookies o quieran ser informados de su fijaci\u00f3n pueden configurarlas mediante el Cuadro de CONFIGURACI\u00d3N del sitio web o la configuraci\u00f3n de su navegador a tal efecto.<\/p>\n<p class=\"p2\">Puede bloquear o eliminar estas cookies en cualquier momento mediante la configuraci\u00f3n de las opciones de su navegador. Las instrucciones para la gesti\u00f3n de cookies de los navegadores m\u00e1s habituales las puede encontrar en los siguientes enlaces:<\/p>\n<ul class=\"ul1\">\n<li class=\"li7\"><span class=\"s2\"><a href=\"https:\/\/support.microsoft.com\/es-es\/help\/17442\/windows-internet-explorer-delete-manage-cookies\" target=\"_blank\" rel=\"noopener\"><span class=\"s3\">Internet Explorer\u2122<\/span><\/a><\/span><\/li>\n<li class=\"li7\"><span class=\"s2\"><a href=\"https:\/\/support.google.com\/chrome\/answer\/95647?co=GENIE.Platform%253DDesktop&amp;hl=es\" target=\"_blank\" rel=\"noopener\"><span class=\"s3\">Chrome\u2122<\/span><\/a><\/span><\/li>\n<li class=\"li7\"><span class=\"s2\"><a href=\"https:\/\/support.mozilla.org\/es-ES\/kb\/enable-and-disable-cookies-website-preferences\" target=\"_blank\" rel=\"noopener\"><span class=\"s3\">Firefox\u2122<\/span><\/a><\/span><\/li>\n<li class=\"li7\"><span class=\"s2\"><a href=\"http:\/\/help.opera.com\/Windows\/10.20\/en\/cookies.html\" target=\"_blank\" rel=\"noopener\"><span class=\"s3\">Opera\u2122<\/span><\/a><\/span><\/li>\n<li class=\"li7\"><span class=\"s2\"><a href=\"https:\/\/help.apple.com\/safari\/mac\/9.0\/?lang=es#\/sfri11471\" target=\"_blank\" rel=\"noopener\"><span class=\"s3\">Safari\u2122<\/span><\/a><\/span><\/li>\n<\/ul>\n<p class=\"p2\">Si bloquea el uso de cookies de su navegador es posible que algunos Servicios o funcionalidades de la p\u00e1gina web no est\u00e9n disponibles. Puede obtener m\u00e1s informaci\u00f3n de las cookies en https:\/\/cookiepedia.co.uk\/giving-consent-to-cookies<\/p>\n","protected":false},"excerpt":{"rendered":"<p>En nuestra p\u00e1gina utilizamos cookies propias y de terceros para mejorar nuestros servicios y ofrecerle una mejor experiencia de navegaci\u00f3n. Sin su expreso consentimiento \u2013mediante la activaci\u00f3n de las cookies\u2013no se instalar\u00e1n las cookies que no sean estrictamente necesarias para el funcionamiento del web. \u00bfQu\u00e9 son las cookies? Una cookie es un fragmento peque\u00f1o de [&hellip;]<\/p>\n","protected":false},"author":1,"featured_media":0,"parent":0,"menu_order":0,"comment_status":"closed","ping_status":"closed","template":"","meta":{"_acf_changed":false,"footnotes":""},"class_list":["post-5015","page","type-page","status-publish","hentry"],"acf":[],"_links":{"self":[{"href":"https:\/\/www.panelesach.com\/fr\/wp-json\/wp\/v2\/pages\/5015","targetHints":{"allow":["GET"]}}],"collection":[{"href":"https:\/\/www.panelesach.com\/fr\/wp-json\/wp\/v2\/pages"}],"about":[{"href":"https:\/\/www.panelesach.com\/fr\/wp-json\/wp\/v2\/types\/page"}],"author":[{"embeddable":true,"href":"https:\/\/www.panelesach.com\/fr\/wp-json\/wp\/v2\/users\/1"}],"replies":[{"embeddable":true,"href":"https:\/\/www.panelesach.com\/fr\/wp-json\/wp\/v2\/comments?post=5015"}],"version-history":[{"count":0,"href":"https:\/\/www.panelesach.com\/fr\/wp-json\/wp\/v2\/pages\/5015\/revisions"}],"wp:attachment":[{"href":"https:\/\/www.panelesach.com\/fr\/wp-json\/wp\/v2\/media?parent=5015"}],"curies":[{"name":"wp","href":"https:\/\/api.w.org\/{rel}","templated":true}]}}